{"id":167241,"date":"2024-11-05T10:51:54","date_gmt":"2024-11-05T10:51:54","guid":{"rendered":"http:\/\/italtools.com\/prodotto\/fresa-in-diamante-z4-per-contornatura-ad-alte-velocita\/"},"modified":"2025-01-08T22:26:33","modified_gmt":"2025-01-08T22:26:33","slug":"fresa-in-diamante-z4-per-contornatura-ad-alte-velocita","status":"publish","type":"product","link":"https:\/\/italtools.com\/it\/prodotto\/fresa-in-diamante-z4-per-contornatura-ad-alte-velocita\/","title":{"rendered":"Fresa in diamante Z=4 per contornatura ad alte velocit\u00e0"},"content":{"rendered":"<p>Fresa ad elica in diamante riaffilabile, altezza PCD 4,5 mm.  Alta velocit\u00e0 di avanzamento, eccellente finitura del pannello, bassa rumorosit\u00e0.  Velocit\u00e0 di avanzamento: circa 30 metri\/min.<\/p>\n","protected":false},"excerpt":{"rendered":"<p>Fresa ad elica in diamante riaffilabile, altezza PCD 4,5 mm. Alta velocit\u00e0 di avanzamento, eccellente finitura del pannello, bassa rumorosit\u00e0. Velocit\u00e0 di avanzamento: circa 30 metri\/min.<\/p>\n","protected":false},"featured_media":172786,"comment_status":"closed","ping_status":"open","template":"","meta":{"_acf_changed":false},"materiale":[6688],"product_brand":[10392],"product_cat":[2374],"product_tag":[],"class_list":{"0":"post-167241","1":"product","2":"type-product","3":"status-publish","4":"has-post-thumbnail","6":"materiale-legno-tenero","7":"product_brand-italtools-it","8":"product_cat-frese-in-diamante-per-pantografo","9":"pa_d_undercase-46","10":"pa_d_uppercase-2417","11":"pa_l1-1521","12":"pa_l1-1468","13":"pa_l1-1433","14":"pa_l1-1473","15":"pa_l2-134","16":"pa_l2-155","17":"pa_l2-132","18":"pa_l2-133","19":"pa_l3-1498","20":"pa_rotation-destra","21":"pa_rotation-sinistra","22":"pa_z-158","24":"first","25":"instock","26":"taxable","27":"shipping-taxable","28":"product-type-variable"},"acf":[],"_links":{"self":[{"href":"https:\/\/italtools.com\/it\/wp-json\/wp\/v2\/product\/167241","targetHints":{"allow":["GET"]}}],"collection":[{"href":"https:\/\/italtools.com\/it\/wp-json\/wp\/v2\/product"}],"about":[{"href":"https:\/\/italtools.com\/it\/wp-json\/wp\/v2\/types\/product"}],"replies":[{"embeddable":true,"href":"https:\/\/italtools.com\/it\/wp-json\/wp\/v2\/comments?post=167241"}],"wp:featuredmedia":[{"embeddable":true,"href":"https:\/\/italtools.com\/it\/wp-json\/wp\/v2\/media\/172786"}],"wp:attachment":[{"href":"https:\/\/italtools.com\/it\/wp-json\/wp\/v2\/media?parent=167241"}],"wp:term":[{"taxonomy":"materiale","embeddable":true,"href":"https:\/\/italtools.com\/it\/wp-json\/wp\/v2\/materiale?post=167241"},{"taxonomy":"product_brand","embeddable":true,"href":"https:\/\/italtools.com\/it\/wp-json\/wp\/v2\/product_brand?post=167241"},{"taxonomy":"product_cat","embeddable":true,"href":"https:\/\/italtools.com\/it\/wp-json\/wp\/v2\/product_cat?post=167241"},{"taxonomy":"product_tag","embeddable":true,"href":"https:\/\/italtools.com\/it\/wp-json\/wp\/v2\/product_tag?post=167241"}],"curies":[{"name":"wp","href":"https:\/\/api.w.org\/{rel}","templated":true}]}}