{"id":173293,"date":"2024-10-29T13:08:41","date_gmt":"2024-10-29T13:08:41","guid":{"rendered":"http:\/\/italtools.com\/?page_id=173293"},"modified":"2024-11-09T11:29:11","modified_gmt":"2024-11-09T11:29:11","slug":"termini-e-condizioni","status":"publish","type":"page","link":"https:\/\/italtools.com\/it\/termini-e-condizioni\/","title":{"rendered":"Termini e Condizioni"},"content":{"rendered":"\t\t<div data-elementor-type=\"wp-page\" data-elementor-id=\"173293\" class=\"elementor elementor-173293 elementor-103292\" data-elementor-post-type=\"page\">\n\t\t\t\t<div class=\"elementor-element elementor-element-007e556 e-flex e-con-boxed e-con e-parent\" data-id=\"007e556\" data-element_type=\"container\" data-e-type=\"container\">\n\t\t\t\t\t<div class=\"e-con-inner\">\n\t\t\t\t<div class=\"elementor-element elementor-element-3ff5731 elementor-widget elementor-widget-heading\" data-id=\"3ff5731\" data-element_type=\"widget\" data-e-type=\"widget\" data-widget_type=\"heading.default\">\n\t\t\t\t\t<h2 class=\"elementor-heading-title elementor-size-default\">Condizioni di vendita\n<\/h2>\t\t\t\t<\/div>\n\t\t\t\t<div class=\"elementor-element elementor-element-3313f84 elementor-widget elementor-widget-text-editor\" data-id=\"3313f84\" data-element_type=\"widget\" data-e-type=\"widget\" data-widget_type=\"text-editor.default\">\n\t\t\t\t\t\t\t\t\t<p><strong>1.0 Premessa<\/strong><\/p><div id=\"accordion-1\" class=\"accordion-section-content open\"><p>I prodotti ITAL TOOLS sono soggetti ad un continuo sviluppo tecnologico. Disegni quotati, dati e caratteristiche tecniche, fotografie, illustrazioni del prodotto e del confezionamento, sono forniti a scopo informativo e non hanno carattere impegnativo. ITAL TOOLS si riserva di apportare ogni modifica ed i miglioramenti che riterr\u00e0 necessari, senza peraltro assumersi l\u2019impegno di estendere le innovazioni anche ai prodotti gi\u00e0 forniti, n\u00e9 incorrere in alcun genere di obbligazione. Le tolleranze dimensionali d\u2019uso dei prodotti finiti e dei componenti, nei limiti definiti dalle norme tecniche inerenti la categoria dei prodotti specifici, si intendono implicitamente ammesse.<\/p><\/div><div id=\"accordion-1\" class=\"accordion-section-content open\"><p><strong>2.0 Accettazione del contratto<\/strong><\/p><div id=\"accordion-2\" class=\"accordion-section-content open\"><p>oni dei nostri prodotti si intendono accettate esclusivamente ai prezzi ed alle condizioni di vendita in vigore al momento della consegna della merce. Ogni ordinazione viene accettata ed ogni fornitura viene eseguita alle Condizioni Generali di Vendita, di seguito indicate; pertanto la trasmissione di un ordine o l\u2019accettazione di un\u2019offerta presuppongono l\u2019accettazione integrale di tali Condizioni Generali di Vendita, senza riserva di sorta, salvo che eventuali deroghe siano state confermate per iscritto da ITAL TOOLS. Per quanto non previsto dalle Condizioni Generali di Vendita sotto riportate, avranno valore le norme del Codice Civile italiano. Le offerte e le conferme, si intendono salvo disponibilit\u00e0. Le ordinazioni si intendono subordinate alla nostra accettazione, che pu\u00f2 essere anche parziale. L\u2019emissione e l\u2019invio della conferma d\u2019ordine, conferma l\u2019accettazione dell\u2019ordine e il contestuale inserimento nei piani di produzione e\/o di consegna; pertanto non potranno essere accettate variazioni di qualsivoglia genere, n\u00e9 annullamenti parziali o totali dell\u2019ordine, trascorsi tre giorni dalla data di ricevimento da parte di ITAL TOOLS.<\/p><\/div><div id=\"accordion-2\" class=\"accordion-section-content open\"><p><strong>3.0 Prezzi<\/strong><\/p><div id=\"accordion-3\" class=\"accordion-section-content open\"><p>Il prezzo indicato sui listini ITAL TOOLS, offerte commerciali o conferme d\u2019ordine, \u00e8 quotato al netto in euro: si intende fisso ed invariabile per merce resa \u201cfranco proprio stabilimento\u201d &#8211; I.V.A. esclusa. L\u2019aliquota I.V.A. sar\u00e0 quella vigente nel giorno della spedizione. I prezzi indicati sui cataloghi, sui listini e nella conferma d\u2019ordine, hanno carattere esclusivamente indicativo e non impegnano in alcun modo ITAL TOOLS, la quale si riserva il diritto di apportare agli stessi, variazioni adeguate agli intervenuti aumenti di costo della mano d\u2019opera e delle materie prime e degli altri elementi di costo che si fossero verificati nel corso del contratto e fino al giorno della spedizione. I prezzi dei prodotti ITAL TOOLS, sono quelli del listino vigente alla data della spedizione.<\/p><\/div><div id=\"accordion-3\" class=\"accordion-section-content open\"><p><strong>4.0 Termini di consegna<\/strong><\/p><div id=\"accordion-4\" class=\"accordion-section-content open\"><p>I termini di consegna indicati nella conferma d\u2019ordine, hanno carattere puramente indicativo e sono comunicati senza garanzia. Se accettati, sono validi in normali condizioni di lavoro, salvo casi fortuiti o di forza maggiore od imprevisti, tra i quali i ritardi di consegna delle materie prime, mancanza della forza motrice e pi\u00f9 in generale tutti quei fatti non imputabili a dolo o colpa grave di ITAL TOOLS Il mancato rispetto dei termini indicati, non pregiudica la validit\u00e0 dell\u2019ordinazione, n\u00e9 costituisce motivo plausibile di annullamento totale o parziale dell\u2019ordine. I prodotti di serie, potranno essere spediti entro cinque giorni lavorativi dal ricevimento dell\u2019ordine, salvo imprevisti o cause di forza maggiore. Nessuna responsabilit\u00e0 di ordine patrimoniale o d\u2019altro genere affine, potr\u00e0 essere imputata a ITAL TOOLS, qualora dovessero verificarsi ritardi nelle consegne e\/o nei trasporti, conseguenti a cause di forza maggiore o dipendenti dal comportamento del vettore.<\/p><p>4.1 Spedizione degli utensili<\/p><p><strong>SPEDIZIONE GRATUITA SUL TERRITORIO ITALIANO PER ORDINI A PARTIRE DA \u20ac250\u00a0<\/strong>Le\u00a0<strong>spese di spedizione<\/strong>\u00a0per l\u2019intera gamma di utensili proposti sulla piattaforma di<strong>\u00a0ITAL TOOLS<\/strong>\u00a0sono\u00a0<strong>sempre GRATUITE per ordini a partire da \u20ac250<\/strong>. Effettuiamo consegne in quasi tutti i paesi della Comunit\u00e0 Europea con poche eccezioni*. Il costo verr\u00e0 quantificato al momento della conferma d\u2019ordine.<\/p><p><strong>Paesi al di fuori dell\u2019Unione Europea: la resa \u00e8 DAP (Delivery At Place)<\/strong>. Le spese di spedizione, quantificate al momento della conferma d\u2019ordine, includono le spese doganali in export ed il costo del trasporto dal nostro magazzino fino all\u2019indirizzo indicato dall\u2019acquirente. Sono invece a carico dell\u2019acquirente le spese doganali in import (compresa IVA ed eventuale Dazio) che verranno direttamente richiesti dall\u2019operatore doganale di competenza.\u00a0<\/p><\/div><div id=\"accordion-4\" class=\"accordion-section-content open\"><p><strong>5.0 Garanzia<\/strong><\/p><div id=\"accordion-5\" class=\"accordion-section-content open\"><div class=\"accordion-section\"><div id=\"accordion-5\" class=\"accordion-section-content open\"><p>Gli utensili professionali e gli altri prodotti ITAL TOOLS sono realizzati secondo metodologie tecniche rigorose, pertanto vengono garantiti esenti da difetti di materiale o di fabbricazione. La garanzia esclude prioritariamente l\u2019obbligo di risarcire danni diretti od indiretti, conseguenti all\u2019impiego del prodotto ITAL TOOLS anche nel caso di rottura; anche se ci\u00f2 dovesse causare danni a persone e\/o cose. La garanzia esclude ogni rivalsa per danni diretti ed indiretti. Deve ritenersi escluso dalla garanzia, qualsiasi danneggiamento conseguente all\u2019impiego improprio o colposo od in contrasto con i limiti di impiego dettati dalle norme e\/o riportati sui cataloghi e\/o sui documenti tecnici ITAL TOOLS. La garanzia \u00e8 inoltre esclusa nel caso di una affilatura non idonea, usura ordinaria, installazione non corretta od uso improprio. Si esclude altres\u00ec qualsiasi indennizzo per danni, sia diretti che indiretti, eccettuato il caso in cui sia rilevabile una grave negligenza. ITAL TOOLS si impegna alla riparazione od alla sostituzione del prodotto che, sia all\u2019esame oggettivo dei propri tecnici che, a seguito di prove di laboratorio, risultasse manifestamente difettoso per cause inerenti il ciclo di produzione. Qualsiasi reclamo per vizi o difetti di qualit\u00e0 del prodotto, anche se non apparenti, deve essere proposto, sotto pena di decadenza, entro il termine di quindici giorni dal ricevimento della merce ed esclusivamente in forma scritta. Il difetto che dovesse evidenziarsi in un secondo tempo, dovr\u00e0 essere segnalato immediatamente, con una dettagliata descrizione delle condizioni di impiego: in tal caso ITAL TOOLS si riserva la pi\u00f9 ampia discrezionalit\u00e0 decisionale in ordine all\u2019accoglimento del reclamo. Il prodotto effettivamente difettoso, dovr\u00e0 essere inviato in porto franco alla nostra sede, solo dopo la preventiva autorizzazione alla restituzione, corredandolo di dettagliate informazioni sull\u2019impiego avvenuto e le presunte cause di difetto. In mancanza di quanto sopra, il prodotto verr\u00e0 respinto. ITAL TOOLS non risponde dei danni diretti od indiretti causati dai prodotti all\u2019utilizzatore e\/o a terzi, alle cose ed all\u2019ambiente.<\/p><\/div><\/div><p><strong>6.0 Returns Policy<\/strong><\/p><p>1. Ai sensi dell&#8217;art. 52 del D. Lgs. 206\/2005, cos\u00ec come modificato dal D.Lgs. 21\/2014, il Cliente potr\u00e0 recedere dalle Condizioni e pertanto dal contratto di acquisto per qualsiasi motivo, senza necessit\u00e0 di addurre motivazioni e senza alcuna penalit\u00e0, entro 30 (trenta) giorni lavorativi dalla data di ricevimento dei prodotti.<\/p><p>2. Per esercitare il diritto di recesso di cui al precedente articolo 5.1, Cliente dovr\u00e0 inviare a Ital Trade Srl Socio Unico una comunicazione in tal senso, entro i termini indicati, al seguente indirizzo email\u00a0info@italtools.com.<\/p><p>3. In caso di recesso il Cliente dovr\u00e0 reinviare a sue spese i prodotti a Ital Trade Srl Socio Unico entro 14 (quattordici) giorni dal recesso medesimo:<\/p><p>Per i pacchi provenienti da paesi dell&#8217;Unione Europea e Extra EU l&#8217;indirizzo di spedizione \u00e8 il seguente:<\/p><p>Ital Trade Srl Socio Unico<\/p><p>Via Don Minzoni, 123<\/p><p>50052 Certaldo (FI)<\/p><p>Italia<\/p><p>La merce dovr\u00e0 essere restituita integra, completa di tutte le sue parti e negli imballi originali (buste e confezioni), senza che vi siano segni di usura o sporcizia, nel rispetto delle condizioni di seguito riportate:<\/p><p>&#8211; gli articoli scontati sono definitivi e non possono essere restituiti o cambiati.<\/p><p>&#8211; il diritto di recesso potr\u00e0 applicarsi al prodotto acquistato nella sua interezza; non \u00e8 infatti\u00a0 possibile esercitare recesso solamente su parte del prodotto acquistato (es.: accessori, complementi, ecc.);<\/p><p>&#8211; perch\u00e9 il recesso sia possibile, il prodotto dovr\u00e0 essere integro e restituito nella confezione originale, completa in tutte le sue parti (compresi imballo ed eventuale documentazione e dotazione accessoria: etichette, cartellini, tags, sigilli, ecc&#8230;);<\/p><p>&#8211; le spese di spedizione (ed eventuali spese doganali, se presenti) per la restituzione del bene saranno ad esclusivo carico del Cliente.<\/p><p>&#8211; la spedizione, fino all&#8217;attestato di avvenuto ricevimento nel magazzino indicato da Ital Trade Srl Socio Unico, \u00e8 sotto la completa responsabilit\u00e0 del cliente;<\/p><p>&#8211; in caso di danneggiamento del bene durante il trasporto, Ital Trade Srl Socio Unico ne dar\u00e0 comunicazione al Cliente, per consentirgli di sporgere tempestivamente denuncia nei confronti del corriere da lui scelto ed ottenere il relativo rimborso; il prodotto sar\u00e0 quindi messo a disposizione del Cliente, contemporaneamente annullando la richiesta di recesso;<\/p><p>&#8211; Ital Trade Srl Socio Unico non risponder\u00e0 in nessun modo per danneggiamento, furto, smarrimento occorsi durante o comunque in dipendenza della spedizione per la restituzione.<\/p><p>\u00a0<\/p><p>4. Ital Trade Srl Socio Unico provveder\u00e0 a rimborsare al Cliente l&#8217;intero importo gi\u00e0 pagato, al netto degli eventuali costi supplementari di spedizione ai sensi dell\u2019art. 56, comma 2, del D. lgs. 21\/14)\u00a0\u00a0entro 14 (quattordici) giorni dal recesso, tramite procedura di storno dell&#8217;importo addebitato, utilizzando lo stesso mezzo di pagamento utilizzato dal Cliente per la transazione iniziale, salvo diverso accordo. In ogni caso il Cliente non sosterr\u00e0 alcun costo quale conseguenza di detto rimborso. Ital Trade Srl Socio Unico potr\u00e0 sospendere il rimborso sino al ricevimento del prodotto restituito ovvero sino al momento in cui il Cliente dimostri di aver correttamente rispedito il prodotto, se precedente.<\/p><p>\u00a0<\/p><p>5. In ogni caso, il Cliente decadr\u00e0 dal diritto di recesso nei casi in cui Ital Trade Srl Socio Unico accerti che:<\/p><ul><li>il prodotto restituito e\/o i suoi accessori, e\/o la sua confezione non sono integri;<\/li><li>il prodotto \u00e8 mancante della sua confezione esterna e\/o dell&#8217;imballo interno originale;<\/li><li>il prodotto \u00e8 mancante di elementi integranti lo stesso.<\/li><\/ul><p>Nel caso di decadenza del diritto di recesso, Ital Trade Srl Socio Unico provveder\u00e0 a restituire al mittente il prodotto acquistato, addebitando allo stesso le spese di spedizione e, ove gi\u00e0 rimborsato, il prezzo del prodotto.<\/p><\/div><div id=\"accordion-5\" class=\"accordion-section-content open\"><p><strong>7.0 Foro competente<\/strong><\/p><div id=\"accordion-6\" class=\"accordion-section-content open\"><p>Il foro competente per qualsiasi controversia \u00e8 esclusivamente quello di Firenze, senza possibilit\u00e0 di alcuna modificazione, con rinuncia della controparte ad ogni eccezione al riguardo. Pertanto l\u2019acquirente rinuncia ad ogni diritto od eccezione contraria all\u2019integrale osservanza di questa clausola, eleggendo concordemente domicilio presso la sede di ITALTOOLS. I contratti, anche se stipulati con acquirenti stranieri o per materiali forniti all\u2019estero, sono regolati dalla legislazione italiana.<\/p><\/div><\/div><\/div><\/div><\/div><\/div>\t\t\t\t\t\t\t\t<\/div>\n\t\t\t\t\t<\/div>\n\t\t\t\t<\/div>\n\t\t\t\t<\/div>\n\t\t","protected":false},"excerpt":{"rendered":"<p>Condizioni di vendita 1.0 Premessa I prodotti ITAL TOOLS sono soggetti ad un continuo sviluppo tecnologico. Disegni quotati, dati e caratteristiche tecniche, fotografie, illustrazioni del prodotto e del confezionamento, sono forniti a scopo informativo e non hanno carattere impegnativo. ITAL TOOLS si riserva di apportare ogni modifica ed i miglioramenti che riterr\u00e0 necessari, senza peraltro [&hellip;]<\/p>\n","protected":false},"author":10,"featured_media":0,"parent":0,"menu_order":0,"comment_status":"closed","ping_status":"closed","template":"","meta":{"_acf_changed":false,"footnotes":""},"class_list":["post-173293","page","type-page","status-publish","hentry"],"acf":[],"_links":{"self":[{"href":"https:\/\/italtools.com\/it\/wp-json\/wp\/v2\/pages\/173293","targetHints":{"allow":["GET"]}}],"collection":[{"href":"https:\/\/italtools.com\/it\/wp-json\/wp\/v2\/pages"}],"about":[{"href":"https:\/\/italtools.com\/it\/wp-json\/wp\/v2\/types\/page"}],"author":[{"embeddable":true,"href":"https:\/\/italtools.com\/it\/wp-json\/wp\/v2\/users\/10"}],"replies":[{"embeddable":true,"href":"https:\/\/italtools.com\/it\/wp-json\/wp\/v2\/comments?post=173293"}],"version-history":[{"count":0,"href":"https:\/\/italtools.com\/it\/wp-json\/wp\/v2\/pages\/173293\/revisions"}],"wp:attachment":[{"href":"https:\/\/italtools.com\/it\/wp-json\/wp\/v2\/media?parent=173293"}],"curies":[{"name":"wp","href":"https:\/\/api.w.org\/{rel}","templated":true}]}}