{"id":173283,"date":"2024-10-29T13:08:18","date_gmt":"2024-10-29T13:08:18","guid":{"rendered":"http:\/\/italtools.com\/politica-sulla-privacy\/"},"modified":"2024-11-08T14:11:46","modified_gmt":"2024-11-08T14:11:46","slug":"politica-sulla-privacy","status":"publish","type":"page","link":"https:\/\/italtools.com\/it\/politica-sulla-privacy\/","title":{"rendered":"Politica sulla privacy"},"content":{"rendered":"\t\t<div data-elementor-type=\"wp-page\" data-elementor-id=\"173283\" class=\"elementor elementor-173283 elementor-103290\" data-elementor-post-type=\"page\">\n\t\t\t\t<div class=\"elementor-element elementor-element-7c79b98c e-flex e-con-boxed e-con e-parent\" data-id=\"7c79b98c\" data-element_type=\"container\" data-e-type=\"container\">\n\t\t\t\t\t<div class=\"e-con-inner\">\n\t\t\t\t<div class=\"elementor-element elementor-element-460cd35 elementor-widget elementor-widget-heading\" data-id=\"460cd35\" data-element_type=\"widget\" data-e-type=\"widget\" data-widget_type=\"heading.default\">\n\t\t\t\t\t<h2 class=\"elementor-heading-title elementor-size-default\">Politica sulla privacy<\/h2>\t\t\t\t<\/div>\n\t\t\t\t<div class=\"elementor-element elementor-element-54b8c2fc elementor-widget elementor-widget-text-editor\" data-id=\"54b8c2fc\" data-element_type=\"widget\" data-e-type=\"widget\" data-widget_type=\"text-editor.default\">\n\t\t\t\t\t\t\t\t\t\n<p><strong>PRIVACY<\/strong><\/p>\n\n\n\n<p>We would like to inform you that, as \u201cinterested\u201d in the processing of data, Regulation (EU) No. 2016\/679 of the European Parliament and Council of 27 April 2016 provides for the protection of individuals with regard to the processing of personal data, as well as the free circulation of such data. Following the law indicated, this processing respects the principles of fairness, legality, transparency and protection of your privacy and your rights. This privacy policy describes the way we collect and treat your personal data through web sites, devices, products, services and applications that refer to the present Privacy policy.  <\/p>\n\n\n\n<p><strong>INFORMATIVA SULLA PRIVACY PER GLI UTENTI E I CLIENTI DEL SITO WEB&nbsp;<\/strong><strong>WWW.ITALTOOLS.COM<\/strong><\/p>\n\n\n\n<p><strong>Titolari del trattamento dei dati personali<\/strong><\/p>\n\n\n\n<p><br><br>Il Titolare del trattamento \u00e8 ITAL TRADE SRL UNIPERSONALE, con sede in (50052) Certaldo (FI), Via Don Minzoni, n. 123, Cod. Fisc. 05841350480 Part. IVA 91031240483, tel. +39 0571.668024 e-mail: &nbsp;info@italtools.com&nbsp; (d\u2019ora in avanti detto \u201cTitolare del trattamento\u201d). Non \u00e8 presente al momento un Responsabile della protezione dei dati  <\/p>\n\n\n\n<p><br><br>Categorie di dati personali dei clienti raccolti da Il titolare del trattamento.<\/p>\n\n\n\n<p>I dati personali sono raccolti per fornire i nostri prodotti, oltre che per migliorare costantemente il servizio, il tutto al fine di soddisfare ogni tua esigenza.<br><br><\/p>\n\n\n\n<p>Le categorie di dati che raccogliamo sono:<\/p>\n\n\n\n<p><strong>Dati ricevuti direttamente:<\/strong><\/p>\n\n\n\n<p>Il Titolare del trattamento, conserva ogni dato che ci fornisci&nbsp; direttamente in relazione ai servizi offerti e agli acquisti &nbsp;effettuati.<\/p>\n\n\n\n<p>Puoi, in piena libert\u00e0, scegliere di non fornire alcuni dati ma, in tal caso, devi essere consapevole che potresti non essere in grado di usufruire al meglio di molti dei nostri servizi&nbsp;&nbsp;<\/p>\n\n\n\n<p>Fanno parte di questa categoria di dati:&nbsp;<\/p>\n\n\n\n<p><strong>Dati comuni:<\/strong>&nbsp;<\/p>\n\n\n\n<p>(es. anagrafici, fiscali, recapiti per la spedizione, indirizzo mail etc) utilizzati per la registrazione, per la sottoscrizione all\u2019invio di newsletter, per l\u2019acquisto di nostri prodotti, per usufruire dei servizi pre e post vendita.<\/p>\n\n\n\n<p><strong>Dati riguardanti i tuoi interessi e le tue preferenze:&nbsp;<\/strong><\/p>\n\n\n\n<p>raccolti attraverso la compilazione volontaria di nostri questionari e utilizzati per definire, previo tuo consenso, il tuo profilo personale.<\/p>\n\n\n\n<p><strong>Dati raccolti automaticamente:&nbsp;<\/strong><\/p>\n\n\n\n<p>&nbsp;&nbsp;&nbsp;<\/p>\n\n\n\n<p><strong>.&nbsp;<\/strong><\/p>\n\n\n\n<p>. <\/p>\n\n\n\n<p><br><strong>Dati raccolti automaticamente:<\/strong>&nbsp;<\/p>\n\n\n\n<p><br>Fanno parte di questa categoria di dati:<\/p>\n\n\n\n<p><strong>Dati raccolti dal nostro sito:&nbsp;<\/strong><\/p>\n\n\n\n<p>quando accedi al nostro sito, ti registri, procedi agli acquisti e utilizzi i nostri servizi, il Titolare del trattamento raccoglie e conserva in automatico alcune categorie di dati, quali ad esempio le preferenze espresse durante la navigazione, o le scelte e interessi mostrati verso particolari categorie di prodotti e servizi.   &nbsp;<br>Alcuni dati saranno utilizzati per registrare alcune tue impostazioni (es. la lingua del sito) e rendere cos\u00ec pi\u00f9 agevole la tua navigazione; altri saranno utilizzati per definire, previo tuo consenso, il tuo profilo personale,  &nbsp;<br>con lo scopo di inviarti pubblicit\u00e0 che sia per te di interesse, in quanto in linea con le preferenze espresse. <\/p>\n\n\n\n<p><strong>Dati ricevuti da altre fonti:<\/strong>&nbsp;<\/p>\n\n\n\n<p>Il Titolare del trattamento, involontariamente, potrebbe ricevere informazioni che ti riguardano da altre fonti, a seguito di precedenti assensi e accessi da te fatti in altri siti web. Pertanto, le scelte fatte in altri siti web possono rimanere nella memoria del tuo browser o il tuo dispositivo a prescindere dall\u2019effettivo consenso prestato su questo sito al Titolare del trattamento. <\/p>\n\n\n\n<p>Per la raccolta automatica di queste tipologie dati vengono utilizzati cookie o tecnologie similari. Per maggiori informazioni sui cookie e su loro utilizzo, e per esprimere o negare il tuo consenso all\u2019uso di tutti o parte dei cookie utilizzati ti preghiamo di prendere visione della nostra &nbsp;Cookie Policy. <\/p>\n\n\n\n<p><strong>Le finalit\u00e0 del trattamento dei dati:<\/strong><\/p>\n\n\n\n<p>Il Titolare del trattamento utilizza i Tuoi dati personali per svolgere, fornire e migliorare i servizi offerti.<\/p>\n\n\n\n<p>Queste finalit\u00e0 comprendono:<\/p>\n\n\n\n<p><strong>Vendita e consegna di prodotti e servizi:&nbsp;<\/strong><\/p>\n\n\n\n<p>I dati sono trattati al fine di ricevere e gestire gli ordini, fornire servizi e prodotti, oltre che dare assistenza in riferimento agli ordini effettuati, ai prodotti, ai servizi e alle offerte promozionali.<\/p>\n\n\n\n<p><strong>Fornire e migliorare i servizi:<\/strong>&nbsp;<\/p>\n\n\n\n<p>I dati sono trattati per analizzare le attivit\u00e0, suggerire funzionalit\u00e0, correggere e migliorare l\u2019utilizzo e l\u2019efficienza dei nostri servizi, al fine di dare un\u2019adeguata assistenza anche nella fase post-vendita.<\/p>\n\n\n\n<p><strong>Suggerimenti e personalizzazione:&nbsp;<\/strong><\/p>\n\n\n\n<p>I dati desunti dal monitoraggio della tua navigazione sul sito, gli interessi che dimostri per particolari prodotti o servizi, gli acquisti che compi e le informazioni che ci fornisci volontariamente attraverso i nostri questionari serviranno a definire il tuo profilo personale. La definizione del tuo profilo ci permetter\u00e0 di suggerirti prodotti, funzionalit\u00e0 e servizi che potrebbero essere di tuo interesse, il tutto al fine di identificare le preferenze e personalizzare i servizi offerti. Potremo trattare tali dati solo previo tuo consenso, espresso attraverso l\u2019accettazione dei cookie o attraverso la compilazione dei nostri questionari. Il tuo mancato consenso non pregiudicher\u00e0 comunque in alcun modo il funzionamento del sito.   <\/p>\n\n\n\n<p><strong>Comunicare con te:&nbsp;<\/strong><\/p>\n\n\n\n<p>I dati personali sono trattati al fine di comunicare con te in riferimento ai nostri servizi attraverso diversi canali (ad esempio, via telefono, e-mail e chat).<\/p>\n\n\n\n<p><strong>Pubblicit\u00e0:&nbsp;<\/strong><\/p>\n\n\n\n<p>I dati che hanno contribuito alla creazione del tuo profilo personale sono trattati per mostrarti pubblicit\u00e0 specifica, definita in base agli interessi in relazione a funzionalit\u00e0, prodotti e servizi che potrebbero essere di tuo gradimento.<br>I dati personali potranno essere utilizzati, anche ai fini di invio di materiale informativo e pubblicitario o per comunicazioni commerciali comunque riconducibili all\u2019attivit\u00e0 del Titolare del trattamento, nonch\u00e9, previo tuo consenso, per attivit\u00e0 di marketing diretto. Il tuo mancato consenso non pregiudicher\u00e0 comunque in alcun modo il funzionamento del sito.<br>Il titolare del trattamento potr\u00e0 utilizzare per fini di vendita diretta le coordinate di posta elettronica fornite dall\u2019interessato nel contesto di una precedente vendita dei propri prodotti\/servizi, sempre che si tratti di prodotti\/servizi analoghi a quelli oggetto della vendita e non vi sia il rifiuto di tale uso, inizialmente o in occasione di successive comunicazioni da parte dell\u2019interessato. Pertanto l\u2019interessato al momento della raccolta e\/o in occasione dell\u2019invio di ciascuna comunicazione da parte del titolare potr\u00e0 opporsi in ogni momento al trattamento.&nbsp;<br>L\u2019interessato potr\u00e0 opporsi in qualsiasi momento all\u2019utilizzo del suo indirizzo email prendendo contatto con il Titolare del trattamento nelle modalit\u00e0 descritte al paragrafo \u201cContatti, Informative e Revisioni\u201d riportato in calce alla presente pagina. <\/p>\n\n\n\n<p>Newsletter:<\/p>\n\n\n\n<p>Se vi registrate alla nostra Newsletter, utilizziamo i dati strettamente necessari e strumentali a tale scopo ovvero i dati da voi comunicati in separata sede, per inviarvi regolarmente la nostra newsletter via e-mail sulla base del vostro consenso.<\/p>\n\n\n\n<p>\u00c8 possibile annullare in qualsiasi momento l\u2019iscrizione a, sia tramite messaggio ai contatti sotto indicati sia tramite un apposito link reperibile in ogni Newsletter. Dopo l\u2019annullamento, provvediamo a cancellare il vostro indirizzo email, a meno che non avete espressamente acconsentito a un ulteriore utilizzo dei vostri dati e fatta salva una nostra riserva a un successivo utilizzo dei dati, utilizzo di cui siete stati correttamente informati in questa dichiarazione nel rispetto delle disposizioni di legge.<\/p>\n\n\n\n<p><strong>Prevenzione di frodi e rischi relativi al credito:&nbsp;<\/strong><\/p>\n\n\n\n<p>I dati sono trattati anche al fine di prevenire e accertare frodi e abusi al fine di proteggere anche la tua sicurezza.<\/p>\n\n\n\n<p><strong>Adempiere ad obblighi di legge:&nbsp;<\/strong><\/p>\n\n\n\n<p>In alcuni casi abbiamo per legge l\u2019obbligo di raccogliere e trattare i tuoi dati personali.<br>La basa giuridica del trattamento \u00e8 l\u2019esecuzione di obblighi pre-contrattuali e\/o contrattuali, il perseguimento di un legittimo interesse del titolare del trattamento, l\u2019adempimento di obblighi di legge, nonch\u00e9 il consenso dell\u2019interessato ove richiesto.<\/p>\n\n\n\n<p><strong>Comunicazione a terzi dei dati trattati:<\/strong><\/p>\n\n\n\n<p>Il Titolare del trattamento, riconoscendo la fondamentale importanza dei tuoi dati ai fini della propria attivit\u00e0, non intende cederli a terzi. Il Titolare del trattamento si limita a comunicare i dati trattati ai propri dipendenti, collaboratori e terzi fornitori e, quindi, ad aziende che svolgono determinate attivit\u00e0 per conto del Titolare del trattamento, finalizzate all\u2019evasione di ordini e servizi da te richiesti, a fornitori di servizi e strumenti per l\u2019elaborazione di dati personali forniti direttamente o desunti dalla navigazione del sito, a tutti quei soggetti pubblici e privati cui la comunicazione sia necessaria per il corretto adempimento delle finalit\u00e0 sopra illustrate al fine di adempiere a obblighi previsti da leggi, da regolamenti o dalla normativa Comunitaria. Tali soggetti, comunque, sono anch\u2019essi sottoposti al rispetto degli oneri afferenti le Informazioni sulla privacy o comunque a procedure che prevedono tutele analoghe a quelle descritte in queste Informazioni sulla privacy. A tali soggetti terzi non \u00e8 consentito l\u2019utilizzo dei dati per scopi propri, salvo dover ottenere, in qualit\u00e0 di titolari, uno specifico consenso. La comunicazione dei dati, quindi, si rende necessaria e funzionale al fine di garantire il corretto adempimento delle finalit\u00e0 per cui sono stati raccolti e, comunque, nel pieno rispetto della normativa sulla privacy.    <\/p>\n\n\n\n<p><strong>Trasferimento dei dati al di fuori dello Spazio Economico Europeo:<\/strong><\/p>\n\n\n\n<p>Il Titolare del trattamento, ogni qualvolta sia necessario trasferire i dati trattati oltre il confine economico europeo, si assicurer\u00e0 che gli stessi siano trasferiti in totale conformit\u00e0 a queste Informazioni sulla privacy ed alle relative normative applicabili in materia di protezione dei dati personali.<\/p>\n\n\n\n<p><strong>Garantita la sicurezza dei tuoi dati personali:<\/strong><\/p>\n\n\n\n<p>Il Titolare del trattamento, anche grazie allo staff interno ed ai fornitori esterni, utilizza sistemi e dispositivi atti a garantire la sicurezza e la privacy dei suoi clienti.<\/p>\n\n\n\n<p><br><strong>Processi decisionali automatizzati:<\/strong><\/p>\n\n\n\n<p><br>La informiamo che nel trattamento dei tuoi dati potrebbe essere adottato un processo decisionale automatizzato finalizzato a migliorare la gestione del sito e la tua esperienza di navigazione.<\/p>\n\n\n\n<p><strong>Accesso ai propri dati e al proprio profilo personale:<\/strong><\/p>\n\n\n\n<p>In base alla normativa applicabile, in qualit\u00e0 di interessato hai diritto di richiedere al Titolare del trattamento l\u2019accesso, la rettifica, la cancellazione (oblio) dei tuoi dati personali, oltre alla possibilit\u00e0 di esercitare il diritto alla portabilit\u00e0 dei medesimi ad altro Titolare del trattamento.<\/p>\n\n\n\n<p>Potrai inoltre chiedere al Titolare di limitare il trattamento dei tuoi dati, o perfino opporti allo stesso.<\/p>\n\n\n\n<p>Nel caso in cui decidessi di esercitare uno di questi diritti, o in caso di chiarimenti e\/o obiezioni in riferimento alla modalit\u00e0 di raccolta e gestione dei dati, ti suggeriamo di contattare il Titolare del trattamento.<\/p>\n\n\n\n<p><br><br><strong>Revoca del consenso:&nbsp;<\/strong><\/p>\n\n\n\n<p>Qualora il trattamento, anche di dati particolari, si basi sul consenso [sull\u2019articolo 6, paragrafo 1, lettera a) del Regolamento, oppure sull\u2019articolo 9, paragrafo 2, lettera a) del Regolamento], \u00e8 Suo diritto revocare il consenso stesso in qualsiasi momento senza che ci\u00f2 possa pregiudicare la liceit\u00e0 del trattamento basata sul consenso prestato prima della revoca.<\/p>\n\n\n\n<p><strong>Reclamo:<\/strong><\/p>\n\n\n\n<p>\u00c8 Suo diritto proporre reclamo all\u2019Autorit\u00e0 di controllo.<\/p>\n\n\n\n<p><br><strong>Tempo di conservazione dei dati personali:<\/strong>&nbsp;<\/p>\n\n\n\n<p>I tuoi dati personali sono conservati dal Titolare del trattamento per consentirti di utilizzare in modo continuativo i servizi offerti per tutto il tempo necessario al perseguimento delle finalit\u00e0 descritte nella presente Informazione sulla privacy. Ad esempio, conservando la cronologia delle transazioni effettuate e delle spedizioni richieste, ti permettiamo di monitorare l\u2019acquisto e il post acquisto e cos\u00ec migliorare e facilitare l\u2019utilizzo dei nostri servizi. Oltre al periodo di durata di un contratto da lei concluso, i dati saranno conservati per un periodo successivo secondo i seguenti criteri:  <\/p>\n\n\n\n<p>&nbsp;entro i termini stabiliti dalla normativa vigente, anche secondaria<br>&nbsp;entro il periodo necessario all\u2019assorbimento di eventuali tutele legali. In ogni caso, il tempo massimo di conservazione dei dati viene stimato in dieci anni dalla cessazione del rapporto, <\/p>\n\n\n\n<p><strong>I minori ed i servizi Il titolare del trattamento:<\/strong><\/p>\n\n\n\n<p>Il Titolare del trattamento non vende prodotti a minori. Se hai meno di 18 anni, puoi utilizzare i Servizi solo coinvolgendo un genitore o un tutore. <\/p>\n\n\n\n<p><br><strong>Contatti, Informative e Revisioni:<\/strong><\/p>\n\n\n\n<p>In caso di dubbi, chiarimenti, richieste e obiezioni riguardanti il trattamento dei dati personali ti invitiamo a prendere contatto con il Titolare del trattamento scrivendo all\u2019indirizzo&nbsp; info@italtools.com&nbsp; oppure chiamando al numero +39 0571.668024.<\/p>\n\n\n\n<p>Infine, vorremmo suggerire di controllare con frequenza il nostro sito&nbsp; www.italtools.com &nbsp;per verificare eventuali cambiamenti alle nostre informazioni sulla privacy, stante la possibilit\u00e0 di modifiche conseguenti l\u2019eventuale variazione dei nostri servizi.<\/p>\n\n\n\n<p>Le nostre Informazioni sulla privacy attuali si applicano a tutti i dati che abbiamo su di te e sul tuo account, salvo diverse indicazioni.<br><\/p>\n\n\n\n<p><\/p>\n\t\t\t\t\t\t\t\t<\/div>\n\t\t\t\t\t<\/div>\n\t\t\t\t<\/div>\n\t\t\t\t<\/div>\n\t\t","protected":false},"excerpt":{"rendered":"<p>Politica sulla privacy PRIVACY We would like to inform you that, as \u201cinterested\u201d in the processing of data, Regulation (EU) No. 2016\/679 of the European Parliament and Council of 27 April 2016 provides for the protection of individuals with regard to the processing of personal data, as well as the free circulation of such data. [&hellip;]<\/p>\n","protected":false},"author":10,"featured_media":0,"parent":0,"menu_order":0,"comment_status":"closed","ping_status":"closed","template":"","meta":{"_acf_changed":false,"footnotes":""},"class_list":["post-173283","page","type-page","status-publish","hentry"],"acf":[],"_links":{"self":[{"href":"https:\/\/italtools.com\/it\/wp-json\/wp\/v2\/pages\/173283","targetHints":{"allow":["GET"]}}],"collection":[{"href":"https:\/\/italtools.com\/it\/wp-json\/wp\/v2\/pages"}],"about":[{"href":"https:\/\/italtools.com\/it\/wp-json\/wp\/v2\/types\/page"}],"author":[{"embeddable":true,"href":"https:\/\/italtools.com\/it\/wp-json\/wp\/v2\/users\/10"}],"replies":[{"embeddable":true,"href":"https:\/\/italtools.com\/it\/wp-json\/wp\/v2\/comments?post=173283"}],"version-history":[{"count":0,"href":"https:\/\/italtools.com\/it\/wp-json\/wp\/v2\/pages\/173283\/revisions"}],"wp:attachment":[{"href":"https:\/\/italtools.com\/it\/wp-json\/wp\/v2\/media?parent=173283"}],"curies":[{"name":"wp","href":"https:\/\/api.w.org\/{rel}","templated":true}]}}