{"id":173259,"date":"2024-10-29T13:07:51","date_gmt":"2024-10-29T13:07:51","guid":{"rendered":"http:\/\/italtools.com\/cookie-policy\/"},"modified":"2024-11-08T10:26:21","modified_gmt":"2024-11-08T10:26:21","slug":"cookie-policy","status":"publish","type":"page","link":"https:\/\/italtools.com\/it\/cookie-policy\/","title":{"rendered":"Cookie Policy"},"content":{"rendered":"\t\t<div data-elementor-type=\"wp-page\" data-elementor-id=\"173259\" class=\"elementor elementor-173259 elementor-103288\" data-elementor-post-type=\"page\">\n\t\t\t\t<div class=\"elementor-element elementor-element-35a7376 e-flex e-con-boxed e-con e-parent\" data-id=\"35a7376\" data-element_type=\"container\" data-e-type=\"container\">\n\t\t\t\t\t<div class=\"e-con-inner\">\n\t\t\t\t<div class=\"elementor-element elementor-element-b13eda2 elementor-widget elementor-widget-heading\" data-id=\"b13eda2\" data-element_type=\"widget\" data-e-type=\"widget\" data-widget_type=\"heading.default\">\n\t\t\t\t\t<h2 class=\"elementor-heading-title elementor-size-default\">Cookies Policy<\/h2>\t\t\t\t<\/div>\n\t\t\t\t<div class=\"elementor-element elementor-element-a1923d0 elementor-widget elementor-widget-text-editor\" data-id=\"a1923d0\" data-element_type=\"widget\" data-e-type=\"widget\" data-widget_type=\"text-editor.default\">\n\t\t\t\t\t\t\t\t\t<p><strong>COSA SONO I COOKIE<\/strong><\/p>\n<\/p>\n<p>I cookie sono piccoli file di testo che i siti visitati dagli utenti inviano ai loro terminali, ove vengono memorizzati per essere poi ritrasmessi agli stessi siti alla visita successiva. I cookie delle c.d. \u201cterze parti\u201d vengono, invece, impostati da un sito web diverso da quello che l\u2019utente sta visitando. Questo perch\u00e9 su ogni sito possono essere presenti elementi (immagini, mappe, suoni, specifici link a pagine web di altri domini, ecc.) che risiedono su server diversi da quello del sito visitato. I cookie sono usati per differenti finalit\u00e0: esecuzione di autenticazioni informatiche, monitoraggio di sessioni, memorizzazione di informazioni su specifiche configurazioni riguardanti gli utenti che accedono al server, memorizzazione delle preferenze, ecc.   <\/p>\n<\/p>\n<p><strong>TIPOLOGIE DI COOKIE<\/strong><\/p>\n<\/p>\n<p>I cookie possono essere di prima parte, ovvero installati dal nostro stesso sito, o di terze parti, installati da un dominio differente da quello che si sta visitando.<\/p>\n<p>La tipologia dei cookie varia in funzione delle finalit\u00e0 per le quali vengono utilizzati, distinguendosi fondamentalmente in tecnici, statistici, di profilazione e marketing.<\/p>\n<p>Alcuni dei widget installati nel nostro sito (ad esempio i collegamenti alle pagine social) potrebbero effettuare attivit\u00e0 di tracciamento e di profilazione, con modalit\u00e0 non note al Titolare e per conoscere le quali ti invitiamo a consultare le corrispondenti Privacy Policy dei rispettivi Titolari del Trattamento.<\/p>\n<p>Alcune di queste finalit\u00e0 richiedono il tuo consenso che pu\u00f2 essere aggiornato o revocato liberamente in ogni momento seguendo le istruzioni contenute in questo documento.<\/p>\n<\/p>\n<p><strong>COME ESPRIMERE O MODIFICARE IL CONSENSO<\/strong><\/p>\n<\/p>\n<p>Per avere informazioni relative ai cookie di terza parte \u00e8 possibile accedere ai link di seguito riportati. Inoltre accedendo alla pagina http:\/\/www.youronlinechoices.com\/it\/le-tue-scelte \u00e8 possibile informarsi sulla pubblicit\u00e0 comportamentale e disattivare o attivare le societ\u00e0 elencate e che lavorano con i gestori dei siti web per raccogliere e utilizzare informazioni utili alla fruizione della pubblicit\u00e0. <\/p>\n<p><strong>Google analytics<\/strong> (Analytics) <a href=\"http:\/\/www.google.it\/intl\/it\/policies\/privacy\/\" target=\"_parent\" rel=\"noopener\">privacy policy<\/a> \/ <a href=\"https:\/\/tools.google.com\/dlpage\/gaoptout?hl=en\" target=\"_blank\" rel=\"noopener\">Opt-out<\/a><br \/><strong>Facebook<\/strong> (social media) <a href=\"https:\/\/www.facebook.com\/about\/privacy\/\" target=\"_parent\" rel=\"noopener\">privacy policy<\/a><br \/><strong>Twitter<\/strong> (social media) <a href=\"https:\/\/twitter.com\/privacy\" target=\"_parent\" rel=\"noopener\">privacy policy <\/a> \/ <a href=\"http:\/\/optout.aboutads.info\/?c=2&amp;lang=EN\" target=\"_blank\" rel=\"noopener\">Opt-out<\/a><br \/><strong>Youtube<\/strong> (social media) <a href=\"https:\/\/www.youtube.com\/static?template=privacy_guidelines\" target=\"_parent\" rel=\"noopener\">privacy policy<\/a><br \/><strong>Pinterest<\/strong> (social media) <a href=\"https:\/\/about.pinterest.com\/en\/privacy-policy\" target=\"_parent\" rel=\"noopener\">privacy policy<\/a> \/ <a href=\"https:\/\/www.pinterest.co.uk\/settings\/privacy\" target=\"_blank\" rel=\"noopener\">Opt-out<\/a><\/p>\n<p><strong>Ekomi<\/strong> (Reviews) <a href=\"https:\/\/www.ekomi.it\/it\/privacy\" target=\"_parent\" rel=\"noopener\">privacy policy<\/a><br \/><strong>NewRelic<\/strong> (Analytics) <a href=\"https:\/\/newrelic.com\/termsandconditions\/privacy\" target=\"_parent\" rel=\"noopener\">privacy policy<\/a><br \/><strong>Lengow<\/strong> (Analytics) <a href=\"https:\/\/www.lengow.com\/it\/dati-personali-cookies\/\" target=\"_parent\" rel=\"noopener\">privacy policy<\/a><br \/><strong>Hotjar<\/strong>(Analytics) <a href=\"https:\/\/www.hotjar.com\/legal\/compliance\/gdpr-commitment\" target=\"_parent\" rel=\"noopener\">privacy policy<\/a> \/ <a href=\"https:\/\/www.hotjar.com\/legal\/compliance\/opt-out\" target=\"_blank\" rel=\"noopener\">Opt-out<\/a><br \/><strong>Affiliation Software<\/strong> (Marketing) <a href=\"https:\/\/www.affiliationsoftware.com\/en\/pagina\/privacy\/\" target=\"_parent\" rel=\"noopener\">privacy policy<\/a><br \/><strong>Bing<\/strong> (Marketing) <a href=\"https:\/\/privacy.microsoft.com\/\" target=\"_parent\" rel=\"noopener\">privacy policy<\/a> \/ <a href=\"https:\/\/account.microsoft.com\/account\/privacy?\" target=\"_parent\" rel=\"noopener\">Opt-out<\/a><br \/><strong>Adabra<\/strong> (Marketing) <a href=\"https:\/\/www.adabra.com\/Adabra_AdSpray_InformativaPrivacy_01.pdf\" target=\"_parent\" rel=\"noopener\">privacy policy<\/a><br \/><strong>Criteo<\/strong> (Marketing) <a href=\"https:\/\/www.criteo.com\/en\/privacy\/\" target=\"_parent\" rel=\"noopener\">privacy policy<\/a> \/ <a href=\"https:\/\/www.criteo.com\/en\/privacy\/\" target=\"_blank\" rel=\"noopener\">Opt-out<\/a><br \/><strong>Zendesk<\/strong> (Chat) <a href=\"https:\/\/www.zendesk.com\/company\/customers-partners\/privacy-policy\/\" target=\"_parent\" rel=\"noopener\">privacy policy<\/a><\/p>\n<p>E\u2019 sempre possibile per l\u2019utente disabilitare i cookie, tutti o parte di essi. Tutti i browser forniscono indicazioni a riguardo; si rimanda alle corrispondenti pagine web di gestione della privacy: <\/p>\n<p><strong>Firefox<\/strong> (Internet browser) <a href=\"https:\/\/support.mozilla.org\/it\/kb\/Gestione%20dei%20cookie\" target=\"_parent\" rel=\"noopener\">privacy policy<\/a><br \/><strong>Explorer<\/strong> (Internet browser) <a href=\"http:\/\/windows.microsoft.com\/it-it\/internet-explorer\/delete-manage-cookies#ie=ie-11\" target=\"_self\" rel=\"noopener\">privacy policy<\/a><br \/><strong>Chrome<\/strong> (Internet browser) <a href=\"http:\/\/www.google.com\/policies\/technologies\/managing\/\" target=\"_parent\" rel=\"noopener\">privacy policy<\/a><br \/><strong>Opera<\/strong> (Internet browser) <a href=\"http:\/\/help.opera.com\/Windows\/10.00\/it\/cookies.html\" target=\"_parent\" rel=\"noopener\">privacy policy<\/a><br \/><strong>Safari<\/strong> (Internet browser, mobile) <a href=\"http:\/\/www.apple.com\/legal\/privacy\/it\/cookies\/\" target=\"_parent\" rel=\"noopener\">privacy policy<\/a><br \/><strong>Chrome for mobile<\/strong> (Internet browser, mobile) <a href=\"https:\/\/support.google.com\/chrome\/answer\/2392969?hl=it&amp;ref_topic=3422804\" target=\"_parent\" rel=\"noopener\">privacy policy<\/a><\/p>\n<p><strong>Windows Phone<\/strong> (Internet browser, mobile) <a href=\"http:\/\/www.microsoft.com\/it-it\/mobile\/privacy\/privacy\/\" target=\"_parent\" rel=\"noopener\">privacy policy<\/a><br \/><strong>Blackberry<\/strong> (Internet browser, mobile) <a href=\"http:\/\/global.blackberry.com\/en\/legal\/privacy-policy.html#\/h:\/en\/legal\/privacy-policy\/privacy-policy.html\" target=\"_self\" rel=\"noopener\">privacy policy<\/a><\/p>\n<p>E\u2019 importante tuttavia ricordare che la disattivazione dei cookie tecnici potrebbe causare il malfunzionamento del Sito.<\/p>\n<p>La disattivazione dei cookie di terze parti \u00e8 inoltre possibile attraverso le modalit\u00e0 rese disponibili direttamente dalla societ\u00e0 terza titolare del trattamento. In caso di servizi erogati da terze parti, l\u2019Utente pu\u00f2 inoltre esercitare il proprio diritto ad opporsi al tracciamento informandosi tramite la privacy policy della terza parte, tramite il link di opt-out se esplicitamente fornito o contattando direttamente la stessa. <\/p>\n<p>Per avere informazioni sui cookie archiviati sul proprio terminale e disattivarli singolarmente si rinvia al link:<br \/>http:\/\/www.youronlinechoices.com\/it\/le-tue-scelte<\/p>\n<p><a href=\"http:\/\/www.youronlinechoices.com\/uk\/your-ad-choices\" target=\"_parent\" rel=\"noopener\">http:\/\/www.youronlinechoices.com\/uk\/your-ad-choices<\/a><\/p>\n\t\t\t\t\t\t\t\t<\/div>\n\t\t\t\t\t<\/div>\n\t\t\t\t<\/div>\n\t\t\t\t<\/div>\n\t\t","protected":false},"excerpt":{"rendered":"<p>Cookies Policy COSA SONO I COOKIE I cookie sono piccoli file di testo che i siti visitati dagli utenti inviano ai loro terminali, ove vengono memorizzati per essere poi ritrasmessi agli stessi siti alla visita successiva. I cookie delle c.d. \u201cterze parti\u201d vengono, invece, impostati da un sito web diverso da quello che l\u2019utente sta [&hellip;]<\/p>\n","protected":false},"author":10,"featured_media":0,"parent":0,"menu_order":0,"comment_status":"closed","ping_status":"closed","template":"","meta":{"_acf_changed":false,"footnotes":""},"class_list":["post-173259","page","type-page","status-publish","hentry"],"acf":[],"_links":{"self":[{"href":"https:\/\/italtools.com\/it\/wp-json\/wp\/v2\/pages\/173259","targetHints":{"allow":["GET"]}}],"collection":[{"href":"https:\/\/italtools.com\/it\/wp-json\/wp\/v2\/pages"}],"about":[{"href":"https:\/\/italtools.com\/it\/wp-json\/wp\/v2\/types\/page"}],"author":[{"embeddable":true,"href":"https:\/\/italtools.com\/it\/wp-json\/wp\/v2\/users\/10"}],"replies":[{"embeddable":true,"href":"https:\/\/italtools.com\/it\/wp-json\/wp\/v2\/comments?post=173259"}],"version-history":[{"count":0,"href":"https:\/\/italtools.com\/it\/wp-json\/wp\/v2\/pages\/173259\/revisions"}],"wp:attachment":[{"href":"https:\/\/italtools.com\/it\/wp-json\/wp\/v2\/media?parent=173259"}],"curies":[{"name":"wp","href":"https:\/\/api.w.org\/{rel}","templated":true}]}}