{"id":397062,"date":"2025-11-20T18:49:32","date_gmt":"2025-11-20T18:49:32","guid":{"rendered":"https:\/\/italtools.com\/prodotto\/fraise-a-defoncer-z22-haute-performance\/"},"modified":"2025-11-24T09:40:25","modified_gmt":"2025-11-24T09:40:25","slug":"fraise-a-defoncer-z22-haute-performance","status":"publish","type":"product","link":"https:\/\/italtools.com\/fr\/product\/fraise-a-defoncer-z22-haute-performance\/","title":{"rendered":"Fraise \u00e0 d\u00e9foncer Z2+2 haute performance"},"content":{"rendered":"<p>FFraise \u00e0 d\u00e9foncer Z2+2 haute performance pour hautes vitesses<\/p>\n<p>Utilisation: pour usinage et op\u00e9rations de nesting sur panneaux en particules de bois,\u00a0lamin\u00e9s.<\/p>\n<p>Machines: Centres de travail CNC, d\u00e9fonceuses.<\/p>\n<p>Caract\u00e9ristiques: Corps en m\u00e9tal lourd Densimet\u00ae \u00e0 tr\u00e8s haute t\u00e9nacit\u00e9.<\/p>\n","protected":false},"excerpt":{"rendered":"<p>FFraise \u00e0 d\u00e9foncer Z2+2 haute performance pour hautes vitesses Utilisation: pour usinage et op\u00e9rations de nesting sur panneaux en particules de bois,\u00a0lamin\u00e9s. Machines: Centres de travail CNC, d\u00e9fonceuses. Caract\u00e9ristiques: Corps en m\u00e9tal lourd Densimet\u00ae \u00e0 tr\u00e8s haute t\u00e9nacit\u00e9.<\/p>\n","protected":false},"featured_media":397246,"comment_status":"closed","ping_status":"closed","template":"","meta":{"_acf_changed":false},"materiale":[],"product_brand":[10391],"product_cat":[2776,2775,2774],"product_tag":[],"class_list":{"0":"post-397062","1":"product","2":"type-product","3":"status-publish","4":"has-post-thumbnail","6":"product_brand-italtools-fr","7":"product_cat-defonceuses-cnc","8":"product_cat-meches-a-defoncer-diamant-pour-centres-de-travail-cnc","9":"product_cat-outils-diamant","10":"pa_hpan-11-16-mm","11":"pa_hpan-11-19-mm","12":"pa_hpan-16-22-mm","13":"pa_hpan-24-26-mm","14":"pa_l1-65-18","15":"pa_l1-70-2-3","16":"pa_l1-75-2-3","17":"pa_l2-19-2-3","18":"pa_l2-22-7","19":"pa_l2-24-4-4","20":"pa_l2-29-3","21":"pa_l3-40-4-3","22":"pa_rotation-droit","23":"pa_rotation-gauche","25":"first","26":"instock","27":"taxable","28":"shipping-taxable","29":"purchasable","30":"product-type-variable"},"acf":[],"_links":{"self":[{"href":"https:\/\/italtools.com\/fr\/wp-json\/wp\/v2\/product\/397062","targetHints":{"allow":["GET"]}}],"collection":[{"href":"https:\/\/italtools.com\/fr\/wp-json\/wp\/v2\/product"}],"about":[{"href":"https:\/\/italtools.com\/fr\/wp-json\/wp\/v2\/types\/product"}],"replies":[{"embeddable":true,"href":"https:\/\/italtools.com\/fr\/wp-json\/wp\/v2\/comments?post=397062"}],"wp:featuredmedia":[{"embeddable":true,"href":"https:\/\/italtools.com\/fr\/wp-json\/wp\/v2\/media\/397246"}],"wp:attachment":[{"href":"https:\/\/italtools.com\/fr\/wp-json\/wp\/v2\/media?parent=397062"}],"wp:term":[{"taxonomy":"materiale","embeddable":true,"href":"https:\/\/italtools.com\/fr\/wp-json\/wp\/v2\/materiale?post=397062"},{"taxonomy":"product_brand","embeddable":true,"href":"https:\/\/italtools.com\/fr\/wp-json\/wp\/v2\/product_brand?post=397062"},{"taxonomy":"product_cat","embeddable":true,"href":"https:\/\/italtools.com\/fr\/wp-json\/wp\/v2\/product_cat?post=397062"},{"taxonomy":"product_tag","embeddable":true,"href":"https:\/\/italtools.com\/fr\/wp-json\/wp\/v2\/product_tag?post=397062"}],"curies":[{"name":"wp","href":"https:\/\/api.w.org\/{rel}","templated":true}]}}