{"id":181217,"date":"2025-08-01T16:56:07","date_gmt":"2025-08-01T16:56:07","guid":{"rendered":"https:\/\/italtools.com\/?post_type=product&#038;p=181217"},"modified":"2025-08-01T17:19:34","modified_gmt":"2025-08-01T17:19:34","slug":"lame-de-scie-pour-couper-les-tuyaux-en-caoutchouc-tresses-en-fil-dacier","status":"publish","type":"product","link":"https:\/\/italtools.com\/fr\/product\/lame-de-scie-pour-couper-les-tuyaux-en-caoutchouc-tresses-en-fil-dacier\/","title":{"rendered":"Lame de scie pour couper les tuyaux en caoutchouc tress\u00e9s en fil d&rsquo;acier"},"content":{"rendered":"<p>Lames de scie circulaire particuli\u00e8rement indiqu\u00e9es pour la d\u00e9coupe de tuyaux en caoutchouc tress\u00e9s en acier<\/p>\n","protected":false},"excerpt":{"rendered":"<p>Lames de scie circulaire particuli\u00e8rement indiqu\u00e9es pour la d\u00e9coupe de tuyaux en caoutchouc tress\u00e9s en acier<\/p>\n","protected":false},"featured_media":181382,"comment_status":"closed","ping_status":"closed","template":"","meta":{"_acf_changed":false},"materiale":[],"product_brand":[10391],"product_cat":[2780],"product_tag":[],"class_list":{"0":"post-181217","1":"product","2":"type-product","3":"status-publish","4":"has-post-thumbnail","6":"product_brand-italtools-fr","7":"product_cat-lames-circulaires-carbure-pour-matieres-ferreuses","8":"pa_b_uppercase-30-29","9":"pa_d_undercase-32-9","10":"pa_d_uppercase-200-13","11":"pa_d_uppercase-225-3","12":"pa_d_uppercase-250-10","13":"pa_d_uppercase-275-3","14":"pa_d_uppercase-300-7","15":"pa_d_uppercase-315-3","16":"pa_d_uppercase-350-6","18":"first","19":"instock","20":"featured","21":"taxable","22":"shipping-taxable","23":"purchasable","24":"product-type-variable"},"acf":[],"_links":{"self":[{"href":"https:\/\/italtools.com\/fr\/wp-json\/wp\/v2\/product\/181217","targetHints":{"allow":["GET"]}}],"collection":[{"href":"https:\/\/italtools.com\/fr\/wp-json\/wp\/v2\/product"}],"about":[{"href":"https:\/\/italtools.com\/fr\/wp-json\/wp\/v2\/types\/product"}],"replies":[{"embeddable":true,"href":"https:\/\/italtools.com\/fr\/wp-json\/wp\/v2\/comments?post=181217"}],"wp:featuredmedia":[{"embeddable":true,"href":"https:\/\/italtools.com\/fr\/wp-json\/wp\/v2\/media\/181382"}],"wp:attachment":[{"href":"https:\/\/italtools.com\/fr\/wp-json\/wp\/v2\/media?parent=181217"}],"wp:term":[{"taxonomy":"materiale","embeddable":true,"href":"https:\/\/italtools.com\/fr\/wp-json\/wp\/v2\/materiale?post=181217"},{"taxonomy":"product_brand","embeddable":true,"href":"https:\/\/italtools.com\/fr\/wp-json\/wp\/v2\/product_brand?post=181217"},{"taxonomy":"product_cat","embeddable":true,"href":"https:\/\/italtools.com\/fr\/wp-json\/wp\/v2\/product_cat?post=181217"},{"taxonomy":"product_tag","embeddable":true,"href":"https:\/\/italtools.com\/fr\/wp-json\/wp\/v2\/product_tag?post=181217"}],"curies":[{"name":"wp","href":"https:\/\/api.w.org\/{rel}","templated":true}]}}