{"id":179517,"date":"2025-04-28T10:37:21","date_gmt":"2025-04-28T10:37:21","guid":{"rendered":"https:\/\/italtools.com\/?post_type=product&#038;p=179517"},"modified":"2025-06-01T00:00:17","modified_gmt":"2025-06-01T00:00:17","slug":"pinces-de-serrage-pour-mandrins-hydrauliques","status":"publish","type":"product","link":"https:\/\/italtools.com\/fr\/product\/pinces-de-serrage-pour-mandrins-hydrauliques\/","title":{"rendered":"Pinces de serrage pour mandrins hydrauliques"},"content":{"rendered":"<p>Pinces de serrage haute pr\u00e9cision pour mandrins hydrauliques<\/p>\n<ul>\n<li>Gamme de serrage 4 \u00e0 20mm<\/li>\n<li>Pr\u00e9cision 0,003 mm<\/li>\n<\/ul>\n","protected":false},"excerpt":{"rendered":"<p>Pinces de serrage haute pr\u00e9cision pour mandrins hydrauliques Gamme de serrage 4 \u00e0 20mm Pr\u00e9cision 0,003 mm<\/p>\n","protected":false},"featured_media":179692,"comment_status":"closed","ping_status":"closed","template":"","meta":{"_acf_changed":false},"materiale":[],"product_brand":[10391],"product_cat":[2798],"product_tag":[],"class_list":{"0":"post-179517","1":"product","2":"type-product","3":"status-publish","4":"has-post-thumbnail","6":"product_brand-italtools-fr","7":"product_cat-pinces-de-serrage","8":"pa_d_undercase-10-2-3","9":"pa_d_undercase-14-15","10":"pa_d_undercase-18-8","11":"pa_d_undercase-2-17","12":"pa_d_undercase-20-8","13":"pa_d_undercase-25-19","14":"pa_d_undercase-4-18","15":"pa_d_undercase-6-7","16":"pa_d_undercase-8-19","17":"pa_d_uppercase-25-31","18":"pa_d1-20-32","20":"first","21":"instock","22":"taxable","23":"shipping-taxable","24":"purchasable","25":"product-type-variable"},"acf":[],"_links":{"self":[{"href":"https:\/\/italtools.com\/fr\/wp-json\/wp\/v2\/product\/179517","targetHints":{"allow":["GET"]}}],"collection":[{"href":"https:\/\/italtools.com\/fr\/wp-json\/wp\/v2\/product"}],"about":[{"href":"https:\/\/italtools.com\/fr\/wp-json\/wp\/v2\/types\/product"}],"replies":[{"embeddable":true,"href":"https:\/\/italtools.com\/fr\/wp-json\/wp\/v2\/comments?post=179517"}],"wp:featuredmedia":[{"embeddable":true,"href":"https:\/\/italtools.com\/fr\/wp-json\/wp\/v2\/media\/179692"}],"wp:attachment":[{"href":"https:\/\/italtools.com\/fr\/wp-json\/wp\/v2\/media?parent=179517"}],"wp:term":[{"taxonomy":"materiale","embeddable":true,"href":"https:\/\/italtools.com\/fr\/wp-json\/wp\/v2\/materiale?post=179517"},{"taxonomy":"product_brand","embeddable":true,"href":"https:\/\/italtools.com\/fr\/wp-json\/wp\/v2\/product_brand?post=179517"},{"taxonomy":"product_cat","embeddable":true,"href":"https:\/\/italtools.com\/fr\/wp-json\/wp\/v2\/product_cat?post=179517"},{"taxonomy":"product_tag","embeddable":true,"href":"https:\/\/italtools.com\/fr\/wp-json\/wp\/v2\/product_tag?post=179517"}],"curies":[{"name":"wp","href":"https:\/\/api.w.org\/{rel}","templated":true}]}}