{"id":179287,"date":"2025-04-24T07:22:13","date_gmt":"2025-04-24T07:22:13","guid":{"rendered":"https:\/\/italtools.com\/?post_type=product&#038;p=179287"},"modified":"2025-04-29T15:08:43","modified_gmt":"2025-04-29T15:08:43","slug":"lame-circulaire-lsz01","status":"publish","type":"product","link":"https:\/\/italtools.com\/fr\/product\/lame-circulaire-lsz01\/","title":{"rendered":"Lame circulaire pour scies \u00e0 panneaux"},"content":{"rendered":"<p>Lame circulaire pour le coupe de panneaux sur scies \u00e0 panneaux<\/p>\n<ul>\n<li>Haute qualit\u00e9 d&rsquo;usinage m\u00eame \u00e0 des vitesses d&rsquo;avance \u00e9lev\u00e9es.<\/li>\n<li>Indiqu\u00e9s pour vitesses d\u2019avance \u00e9lev\u00e9es.<\/li>\n<li>R\u00e9aff\u00fbtables jusqu&rsquo;\u00e0 20 fois gr\u00e2ce \u00e0 une grande surface de meulage.<\/li>\n<li>Vibrations r\u00e9duites au minimum gr\u00e2ce aux d\u00e9coupes laser sur le corps de la lame.<\/li>\n<\/ul>\n","protected":false},"excerpt":{"rendered":"<p>Lame circulaire pour le coupe de panneaux sur scies \u00e0 panneaux Haute qualit\u00e9 d&rsquo;usinage m\u00eame \u00e0 des vitesses d&rsquo;avance \u00e9lev\u00e9es. Indiqu\u00e9s pour vitesses d\u2019avance \u00e9lev\u00e9es. R\u00e9aff\u00fbtables jusqu&rsquo;\u00e0 20 fois gr\u00e2ce \u00e0 une grande surface de meulage. Vibrations r\u00e9duites au minimum gr\u00e2ce aux d\u00e9coupes laser sur le corps de la lame.<\/p>\n","protected":false},"featured_media":179980,"comment_status":"closed","ping_status":"closed","template":"","meta":{"_acf_changed":false},"materiale":[6701,6725,6704,6716],"product_brand":[10391],"product_cat":[2796],"product_tag":[],"class_list":{"0":"post-179287","1":"product","2":"type-product","3":"status-publish","4":"has-post-thumbnail","6":"materiale-bois-plaque","7":"materiale-panneau-en-particules-de-bois","8":"materiale-panneau-lamine-colle","9":"materiale-panneau-melamine","10":"product_brand-italtools-fr","11":"product_cat-lames-circulaires-carbure-pour-scies-a-panneaux","12":"pa_b_undercase-3-2-3","13":"pa_b_uppercase-10939","14":"pa_b_uppercase-10936","15":"pa_b_uppercase-46-11","16":"pa_b_uppercase-10945","17":"pa_b_uppercase-10948","18":"pa_d_undercase-30-10","19":"pa_d_undercase-50-9","20":"pa_d_undercase-60-20","21":"pa_d_undercase-65-12","22":"pa_d_undercase-75-7","23":"pa_d_undercase-80-12","24":"pa_d_uppercase-320-3","25":"pa_d_uppercase-350-6","26":"pa_d_uppercase-360-3","27":"pa_d_uppercase-380-3","28":"pa_d_uppercase-400-6","29":"pa_d_uppercase-420-3","30":"pa_d_uppercase-450-3","31":"pa_d_uppercase-500-6","32":"pa_ph-828-4","33":"pa_z-54-3","34":"pa_z-60-12","35":"pa_z-72-7","36":"pa_z-84-3","37":"pa_z-96-3","39":"first","40":"instock","41":"taxable","42":"shipping-taxable","43":"purchasable","44":"product-type-variable"},"acf":[],"_links":{"self":[{"href":"https:\/\/italtools.com\/fr\/wp-json\/wp\/v2\/product\/179287","targetHints":{"allow":["GET"]}}],"collection":[{"href":"https:\/\/italtools.com\/fr\/wp-json\/wp\/v2\/product"}],"about":[{"href":"https:\/\/italtools.com\/fr\/wp-json\/wp\/v2\/types\/product"}],"replies":[{"embeddable":true,"href":"https:\/\/italtools.com\/fr\/wp-json\/wp\/v2\/comments?post=179287"}],"wp:featuredmedia":[{"embeddable":true,"href":"https:\/\/italtools.com\/fr\/wp-json\/wp\/v2\/media\/179980"}],"wp:attachment":[{"href":"https:\/\/italtools.com\/fr\/wp-json\/wp\/v2\/media?parent=179287"}],"wp:term":[{"taxonomy":"materiale","embeddable":true,"href":"https:\/\/italtools.com\/fr\/wp-json\/wp\/v2\/materiale?post=179287"},{"taxonomy":"product_brand","embeddable":true,"href":"https:\/\/italtools.com\/fr\/wp-json\/wp\/v2\/product_brand?post=179287"},{"taxonomy":"product_cat","embeddable":true,"href":"https:\/\/italtools.com\/fr\/wp-json\/wp\/v2\/product_cat?post=179287"},{"taxonomy":"product_tag","embeddable":true,"href":"https:\/\/italtools.com\/fr\/wp-json\/wp\/v2\/product_tag?post=179287"}],"curies":[{"name":"wp","href":"https:\/\/api.w.org\/{rel}","templated":true}]}}