{"id":179115,"date":"2025-04-08T17:18:55","date_gmt":"2025-04-08T17:18:55","guid":{"rendered":"https:\/\/italtools.com\/?post_type=product&#038;p=179115"},"modified":"2025-04-08T17:39:34","modified_gmt":"2025-04-08T17:39:34","slug":"porte-outils-a-raboter-d-200x200x60-z6","status":"publish","type":"product","link":"https:\/\/italtools.com\/fr\/product\/porte-outils-a-raboter-d-200x200x60-z6\/","title":{"rendered":"Porte-outils \u00e0 raboter D.200X200X60 Z=6"},"content":{"rendered":"<p>Porte-outils de rabotage en alliage l\u00e9ger D.200X200X60 Z=6 avec fers en acier HSS 30X3 pour d\u00e9gauchisseuses raboteuses<\/p>\n","protected":false},"excerpt":{"rendered":"<p>Porte-outils de rabotage en alliage l\u00e9ger D.200X200X60 Z=6 avec fers en acier HSS 30X3 pour d\u00e9gauchisseuses raboteuses<\/p>\n","protected":false},"featured_media":179193,"comment_status":"closed","ping_status":"closed","template":"","meta":{"_acf_changed":false},"materiale":[],"product_brand":[10391],"product_cat":[2773],"product_tag":[],"class_list":{"0":"post-179115","1":"product","2":"type-product","3":"status-publish","4":"has-post-thumbnail","6":"product_brand-italtools-fr","7":"product_cat-porte-outils-de-rabotage-avec-couteaux","8":"pa_b_uppercase-10478","9":"pa_d_undercase-60-20","10":"pa_d_uppercase-200-13","11":"pa_z-6-4-3","13":"first","14":"instock","15":"sale","16":"featured","17":"taxable","18":"shipping-taxable","19":"purchasable","20":"product-type-variable"},"acf":[],"_links":{"self":[{"href":"https:\/\/italtools.com\/fr\/wp-json\/wp\/v2\/product\/179115","targetHints":{"allow":["GET"]}}],"collection":[{"href":"https:\/\/italtools.com\/fr\/wp-json\/wp\/v2\/product"}],"about":[{"href":"https:\/\/italtools.com\/fr\/wp-json\/wp\/v2\/types\/product"}],"replies":[{"embeddable":true,"href":"https:\/\/italtools.com\/fr\/wp-json\/wp\/v2\/comments?post=179115"}],"wp:featuredmedia":[{"embeddable":true,"href":"https:\/\/italtools.com\/fr\/wp-json\/wp\/v2\/media\/179193"}],"wp:attachment":[{"href":"https:\/\/italtools.com\/fr\/wp-json\/wp\/v2\/media?parent=179115"}],"wp:term":[{"taxonomy":"materiale","embeddable":true,"href":"https:\/\/italtools.com\/fr\/wp-json\/wp\/v2\/materiale?post=179115"},{"taxonomy":"product_brand","embeddable":true,"href":"https:\/\/italtools.com\/fr\/wp-json\/wp\/v2\/product_brand?post=179115"},{"taxonomy":"product_cat","embeddable":true,"href":"https:\/\/italtools.com\/fr\/wp-json\/wp\/v2\/product_cat?post=179115"},{"taxonomy":"product_tag","embeddable":true,"href":"https:\/\/italtools.com\/fr\/wp-json\/wp\/v2\/product_tag?post=179115"}],"curies":[{"name":"wp","href":"https:\/\/api.w.org\/{rel}","templated":true}]}}