{"id":163641,"date":"2024-11-05T10:52:51","date_gmt":"2024-11-05T10:52:51","guid":{"rendered":"http:\/\/italtools.com\/prodotto\/meule-daffutage-pour-gouges-pour-machine-centauro-ag125\/"},"modified":"2025-02-26T15:22:56","modified_gmt":"2025-02-26T15:22:56","slug":"meule-daffutage-pour-gouges-pour-machine-centauro-ag125","status":"publish","type":"product","link":"https:\/\/italtools.com\/fr\/product\/meule-daffutage-pour-gouges-pour-machine-centauro-ag125\/","title":{"rendered":"Meule d&rsquo;aff\u00fbtage pour gouges pour machine Centauro AG125"},"content":{"rendered":"<p>Meules d&rsquo;aff\u00fbtage pour gouges en V pour machines Centauro mod\u00e8le AG125. Fabrique&rsquo; en CBN Borazon pour l&rsquo;aff\u00fbtage des gouges acier HSS et en diamant pour l&rsquo;aff\u00fbtage des gouges en tantung.<\/p>\n","protected":false},"excerpt":{"rendered":"<p>Meules d&rsquo;aff\u00fbtage pour gouges en V pour machines Centauro mod\u00e8le AG125. Fabrique&rsquo; en CBN Borazon pour l&rsquo;aff\u00fbtage des gouges acier HSS et en diamant pour l&rsquo;aff\u00fbtage des gouges en tantung.<\/p>\n","protected":false},"featured_media":173013,"comment_status":"closed","ping_status":"closed","template":"","meta":{"_acf_changed":false},"materiale":[],"product_brand":[10391],"product_cat":[9343],"product_tag":[],"class_list":{"0":"post-163641","1":"product","2":"type-product","3":"status-publish","4":"has-post-thumbnail","6":"product_brand-italtools-fr","7":"product_cat-gouges-pour-tours-a-copier-fr","8":"pa_b_uppercase-10664","9":"pa_d_undercase-32-9","10":"pa_d_uppercase-125-fr","11":"pa_mat-cbn-borazon-3","12":"pa_mat-diamant-fr","13":"pa_mat-diamond-3","14":"pa_r-06-3","16":"first","17":"instock","18":"taxable","19":"shipping-taxable","20":"purchasable","21":"product-type-variable"},"acf":[],"_links":{"self":[{"href":"https:\/\/italtools.com\/fr\/wp-json\/wp\/v2\/product\/163641","targetHints":{"allow":["GET"]}}],"collection":[{"href":"https:\/\/italtools.com\/fr\/wp-json\/wp\/v2\/product"}],"about":[{"href":"https:\/\/italtools.com\/fr\/wp-json\/wp\/v2\/types\/product"}],"replies":[{"embeddable":true,"href":"https:\/\/italtools.com\/fr\/wp-json\/wp\/v2\/comments?post=163641"}],"wp:featuredmedia":[{"embeddable":true,"href":"https:\/\/italtools.com\/fr\/wp-json\/wp\/v2\/media\/173013"}],"wp:attachment":[{"href":"https:\/\/italtools.com\/fr\/wp-json\/wp\/v2\/media?parent=163641"}],"wp:term":[{"taxonomy":"materiale","embeddable":true,"href":"https:\/\/italtools.com\/fr\/wp-json\/wp\/v2\/materiale?post=163641"},{"taxonomy":"product_brand","embeddable":true,"href":"https:\/\/italtools.com\/fr\/wp-json\/wp\/v2\/product_brand?post=163641"},{"taxonomy":"product_cat","embeddable":true,"href":"https:\/\/italtools.com\/fr\/wp-json\/wp\/v2\/product_cat?post=163641"},{"taxonomy":"product_tag","embeddable":true,"href":"https:\/\/italtools.com\/fr\/wp-json\/wp\/v2\/product_tag?post=163641"}],"curies":[{"name":"wp","href":"https:\/\/api.w.org\/{rel}","templated":true}]}}