{"id":163516,"date":"2024-11-05T10:52:33","date_gmt":"2024-11-05T10:52:33","guid":{"rendered":"http:\/\/italtools.com\/prodotto\/fraise-diamant-z2-pour-hpl\/"},"modified":"2025-11-14T11:39:49","modified_gmt":"2025-11-14T11:39:49","slug":"fraise-cnc-pour-hpl","status":"publish","type":"product","link":"https:\/\/italtools.com\/fr\/product\/fraise-cnc-pour-hpl\/","title":{"rendered":"Fraise CNC pour HPL"},"content":{"rendered":"<p>Nouvelle fraise CNC pour HPL, stratifi\u00e9s haute pression. Dot\u00e9e de deux coupes diamant\u00e9es, le corps de la fraise est en carbure de tungst\u00e8ne, ce qui augmente leur r\u00e9sistence. Ces fraises de haute qualit\u00e9 conviennent \u00e0 l&rsquo;usinage de mat\u00e9riaux massifs tels que le HDF, le HPL, le Corian\u00ae, la fibre de carbone et le Trespa\u00ae.<\/p>\n","protected":false},"excerpt":{"rendered":"<p>Nouvelle fraise CNC pour HPL, stratifi\u00e9s haute pression. Dot\u00e9e de deux coupes diamant\u00e9es, le corps de la fraise est en carbure de tungst\u00e8ne, ce qui augmente leur r\u00e9sistence. Ces fraises de haute qualit\u00e9 conviennent \u00e0 l&rsquo;usinage de mat\u00e9riaux massifs tels que le HDF, le HPL, le Corian\u00ae, la fibre de carbone et le Trespa\u00ae.<\/p>\n","protected":false},"featured_media":172945,"comment_status":"closed","ping_status":"closed","template":"","meta":{"_acf_changed":false},"materiale":[],"product_brand":[10391],"product_cat":[2775],"product_tag":[],"class_list":{"0":"post-163516","1":"product","2":"type-product","3":"status-publish","4":"has-post-thumbnail","6":"product_brand-italtools-fr","7":"product_cat-meches-a-defoncer-diamant-pour-centres-de-travail-cnc","8":"pa_d_undercase-10x45-3","9":"pa_d_undercase-12x45-3","10":"pa_d_undercase-8x45-3","11":"pa_d_undercase-8x50-3","12":"pa_d_uppercase-10-19","13":"pa_d_uppercase-8-29","14":"pa_l1-65-18","15":"pa_l1-70-2-3","16":"pa_l1-75-2-3","17":"pa_l2-12-20","18":"pa_l2-15-14","19":"pa_l2-20-18","20":"pa_l2-25-10","21":"pa_l3-45-15","22":"pa_l3-50-30","23":"pa_rotation-droit","24":"pa_z-2-12","26":"first","27":"instock","28":"featured","29":"taxable","30":"shipping-taxable","31":"purchasable","32":"product-type-variable"},"acf":[],"_links":{"self":[{"href":"https:\/\/italtools.com\/fr\/wp-json\/wp\/v2\/product\/163516","targetHints":{"allow":["GET"]}}],"collection":[{"href":"https:\/\/italtools.com\/fr\/wp-json\/wp\/v2\/product"}],"about":[{"href":"https:\/\/italtools.com\/fr\/wp-json\/wp\/v2\/types\/product"}],"replies":[{"embeddable":true,"href":"https:\/\/italtools.com\/fr\/wp-json\/wp\/v2\/comments?post=163516"}],"wp:featuredmedia":[{"embeddable":true,"href":"https:\/\/italtools.com\/fr\/wp-json\/wp\/v2\/media\/172945"}],"wp:attachment":[{"href":"https:\/\/italtools.com\/fr\/wp-json\/wp\/v2\/media?parent=163516"}],"wp:term":[{"taxonomy":"materiale","embeddable":true,"href":"https:\/\/italtools.com\/fr\/wp-json\/wp\/v2\/materiale?post=163516"},{"taxonomy":"product_brand","embeddable":true,"href":"https:\/\/italtools.com\/fr\/wp-json\/wp\/v2\/product_brand?post=163516"},{"taxonomy":"product_cat","embeddable":true,"href":"https:\/\/italtools.com\/fr\/wp-json\/wp\/v2\/product_cat?post=163516"},{"taxonomy":"product_tag","embeddable":true,"href":"https:\/\/italtools.com\/fr\/wp-json\/wp\/v2\/product_tag?post=163516"}],"curies":[{"name":"wp","href":"https:\/\/api.w.org\/{rel}","templated":true}]}}