{"id":163389,"date":"2024-11-05T10:52:16","date_gmt":"2024-11-05T10:52:16","guid":{"rendered":"http:\/\/italtools.com\/prodotto\/plaquettes-carbure-17\/"},"modified":"2025-02-28T14:33:13","modified_gmt":"2025-02-28T14:33:13","slug":"lame-de-rabot-en-carbure-de-tungstene-pour-systeme-bulldozer","status":"publish","type":"product","link":"https:\/\/italtools.com\/fr\/product\/lame-de-rabot-en-carbure-de-tungstene-pour-systeme-bulldozer\/","title":{"rendered":"Lame de rabot en carbure de tungst\u00e8ne pour syst\u00e8me Bulldozer"},"content":{"rendered":"<p>Fer de rabot en carbure pour le syst\u00e8me Bulldozer<\/p>\n","protected":false},"excerpt":{"rendered":"<p>Fer de rabot en carbure pour le syst\u00e8me Bulldozer<\/p>\n","protected":false},"featured_media":178687,"comment_status":"closed","ping_status":"closed","template":"","meta":{"_acf_changed":false},"materiale":[],"product_brand":[10391],"product_cat":[2772],"product_tag":[],"class_list":{"0":"post-163389","1":"product","2":"type-product","3":"status-publish","4":"has-post-thumbnail","6":"product_brand-italtools-fr","7":"product_cat-couteaux-et-plaquettes","8":"pa_b_uppercase-10469","9":"pa_b_uppercase-10784","10":"pa_b_uppercase-10787","11":"pa_b_uppercase-10535","12":"pa_b_uppercase-10744","13":"pa_b_uppercase-10475","14":"pa_b_uppercase-10747","15":"pa_b_uppercase-10541","16":"pa_b_uppercase-10544","17":"pa_b_uppercase-10478","18":"pa_b_uppercase-10751","19":"pa_b_uppercase-10550","20":"pa_b_uppercase-10553","21":"pa_b_uppercase-10790","22":"pa_b_uppercase-10481","23":"pa_b_uppercase-10483","24":"pa_b_uppercase-10670","25":"pa_b_uppercase-10781","26":"pa_b_uppercase-10738","27":"pa_h_uppercase-10-28","28":"pa_h_uppercase-10-10-11-3","29":"pa_h_uppercase-12-12","30":"pa_h_uppercase-12-6-7","31":"pa_h_uppercase-12-7-8","32":"pa_h_uppercase-13-7","33":"pa_h_uppercase-13-6-3","34":"pa_h_uppercase-14-3","35":"pa_h_uppercase-144-3","36":"pa_h_uppercase-15-15-16-5-3","37":"pa_h_uppercase-165-4","38":"pa_h_uppercase-8230","39":"pa_h_uppercase-16-5-3","40":"pa_h_uppercase-20-37","41":"pa_h_uppercase-20-20-22-3","42":"pa_h_uppercase-25-28","43":"pa_h_uppercase-30-28","44":"pa_h_uppercase-35-22","45":"pa_h_uppercase-4-35","46":"pa_h_uppercase-67-11","47":"pa_s_uppercase-1-8-9","49":"first","50":"instock","51":"taxable","52":"shipping-taxable","53":"product-type-variable"},"acf":[],"_links":{"self":[{"href":"https:\/\/italtools.com\/fr\/wp-json\/wp\/v2\/product\/163389","targetHints":{"allow":["GET"]}}],"collection":[{"href":"https:\/\/italtools.com\/fr\/wp-json\/wp\/v2\/product"}],"about":[{"href":"https:\/\/italtools.com\/fr\/wp-json\/wp\/v2\/types\/product"}],"replies":[{"embeddable":true,"href":"https:\/\/italtools.com\/fr\/wp-json\/wp\/v2\/comments?post=163389"}],"wp:featuredmedia":[{"embeddable":true,"href":"https:\/\/italtools.com\/fr\/wp-json\/wp\/v2\/media\/178687"}],"wp:attachment":[{"href":"https:\/\/italtools.com\/fr\/wp-json\/wp\/v2\/media?parent=163389"}],"wp:term":[{"taxonomy":"materiale","embeddable":true,"href":"https:\/\/italtools.com\/fr\/wp-json\/wp\/v2\/materiale?post=163389"},{"taxonomy":"product_brand","embeddable":true,"href":"https:\/\/italtools.com\/fr\/wp-json\/wp\/v2\/product_brand?post=163389"},{"taxonomy":"product_cat","embeddable":true,"href":"https:\/\/italtools.com\/fr\/wp-json\/wp\/v2\/product_cat?post=163389"},{"taxonomy":"product_tag","embeddable":true,"href":"https:\/\/italtools.com\/fr\/wp-json\/wp\/v2\/product_tag?post=163389"}],"curies":[{"name":"wp","href":"https:\/\/api.w.org\/{rel}","templated":true}]}}