{"id":163328,"date":"2024-11-05T10:52:09","date_gmt":"2024-11-05T10:52:09","guid":{"rendered":"http:\/\/italtools.com\/prodotto\/meche-a-sculpter-a-bout-rond-en-acier-hss-z1-queue-11x50mm\/"},"modified":"2025-01-08T22:38:45","modified_gmt":"2025-01-08T22:38:45","slug":"meche-a-sculpter-a-bout-rond-en-acier-hss-z1-queue-11x50mm","status":"publish","type":"product","link":"https:\/\/italtools.com\/fr\/product\/meche-a-sculpter-a-bout-rond-en-acier-hss-z1-queue-11x50mm\/","title":{"rendered":"M\u00e8che \u00e0 sculpter \u00e0 bout rond en acier HSS Z1 queue 11X50mm"},"content":{"rendered":"<p>M&egrave;che &agrave; sculpter &agrave; bout rond en acier HSS Z1&nbsp;pour machines&nbsp;Andreoni, Mariani, Giordanengo, Bulleri, Reichenbacher<\/p>\n","protected":false},"excerpt":{"rendered":"<p>M&egrave;che &agrave; sculpter &agrave; bout rond en acier HSS Z1&nbsp;pour machines&nbsp;Andreoni, Mariani, Giordanengo, Bulleri, Reichenbacher<\/p>\n","protected":false},"featured_media":172849,"comment_status":"closed","ping_status":"open","template":"","meta":{"_acf_changed":false},"materiale":[],"product_brand":[10391],"product_cat":[2809],"product_tag":[],"class_list":{"0":"post-163328","1":"product","2":"type-product","3":"status-publish","4":"has-post-thumbnail","6":"product_brand-italtools-fr","7":"product_cat-fraises-pour-machines-a-copier","8":"pa_d_undercase-11x50-4","9":"pa_d_uppercase-10-19","10":"pa_d_uppercase-14-18","11":"pa_d_uppercase-16-14","12":"pa_d_uppercase-3-33","13":"pa_d_uppercase-4-32","14":"pa_d_uppercase-5-33","15":"pa_d_uppercase-6-27","16":"pa_d_uppercase-8-29","17":"pa_l1-90-5","18":"pa_l2-15-14","19":"pa_l2-20-18","20":"pa_l2-24-4-4","21":"pa_l2-26-4","22":"pa_l2-34-3","23":"pa_l2-38-4","24":"pa_l2-40-11","25":"pa_rotation-droit","26":"pa_rotation-gauche","27":"pa_z-1-4","29":"first","30":"instock","31":"taxable","32":"shipping-taxable","33":"product-type-variable"},"acf":[],"_links":{"self":[{"href":"https:\/\/italtools.com\/fr\/wp-json\/wp\/v2\/product\/163328","targetHints":{"allow":["GET"]}}],"collection":[{"href":"https:\/\/italtools.com\/fr\/wp-json\/wp\/v2\/product"}],"about":[{"href":"https:\/\/italtools.com\/fr\/wp-json\/wp\/v2\/types\/product"}],"replies":[{"embeddable":true,"href":"https:\/\/italtools.com\/fr\/wp-json\/wp\/v2\/comments?post=163328"}],"wp:featuredmedia":[{"embeddable":true,"href":"https:\/\/italtools.com\/fr\/wp-json\/wp\/v2\/media\/172849"}],"wp:attachment":[{"href":"https:\/\/italtools.com\/fr\/wp-json\/wp\/v2\/media?parent=163328"}],"wp:term":[{"taxonomy":"materiale","embeddable":true,"href":"https:\/\/italtools.com\/fr\/wp-json\/wp\/v2\/materiale?post=163328"},{"taxonomy":"product_brand","embeddable":true,"href":"https:\/\/italtools.com\/fr\/wp-json\/wp\/v2\/product_brand?post=163328"},{"taxonomy":"product_cat","embeddable":true,"href":"https:\/\/italtools.com\/fr\/wp-json\/wp\/v2\/product_cat?post=163328"},{"taxonomy":"product_tag","embeddable":true,"href":"https:\/\/italtools.com\/fr\/wp-json\/wp\/v2\/product_tag?post=163328"}],"curies":[{"name":"wp","href":"https:\/\/api.w.org\/{rel}","templated":true}]}}