{"id":163260,"date":"2024-11-05T10:52:01","date_gmt":"2024-11-05T10:52:01","guid":{"rendered":"http:\/\/italtools.com\/prodotto\/fraise-a-defoncer-carbure-z2-queue-12x50mm\/"},"modified":"2025-01-08T22:34:08","modified_gmt":"2025-01-08T22:34:08","slug":"fraise-a-defoncer-carbure-z2-queue-12x50mm","status":"publish","type":"product","link":"https:\/\/italtools.com\/fr\/product\/fraise-a-defoncer-carbure-z2-queue-12x50mm\/","title":{"rendered":"Fraise \u00e0 d\u00e9foncer carbure Z2 queue 12X50mm"},"content":{"rendered":"<p>Fraise \u00e0 d\u00e9foncer carbure<\/p>\n","protected":false},"excerpt":{"rendered":"<p>Fraise \u00e0 d\u00e9foncer carbure<\/p>\n","protected":false},"featured_media":172829,"comment_status":"closed","ping_status":"closed","template":"","meta":{"_acf_changed":false},"materiale":[],"product_brand":[10391],"product_cat":[2808],"product_tag":[],"class_list":{"0":"post-163260","1":"product","2":"type-product","3":"status-publish","4":"has-post-thumbnail","6":"product_brand-italtools-fr","7":"product_cat-fraises-carbure-pour-centres-de-travail-cnc","8":"pa_d_uppercase-10-19","9":"pa_d_uppercase-14-18","10":"pa_d_uppercase-15-34","11":"pa_d_uppercase-16-14","12":"pa_d_uppercase-18-17","13":"pa_d_uppercase-20-40","14":"pa_rotation-droit","15":"pa_rotation-gauche","16":"pa_z-2-12","18":"first","19":"instock","20":"taxable","21":"shipping-taxable","22":"purchasable","23":"product-type-variable"},"acf":[],"_links":{"self":[{"href":"https:\/\/italtools.com\/fr\/wp-json\/wp\/v2\/product\/163260","targetHints":{"allow":["GET"]}}],"collection":[{"href":"https:\/\/italtools.com\/fr\/wp-json\/wp\/v2\/product"}],"about":[{"href":"https:\/\/italtools.com\/fr\/wp-json\/wp\/v2\/types\/product"}],"replies":[{"embeddable":true,"href":"https:\/\/italtools.com\/fr\/wp-json\/wp\/v2\/comments?post=163260"}],"wp:featuredmedia":[{"embeddable":true,"href":"https:\/\/italtools.com\/fr\/wp-json\/wp\/v2\/media\/172829"}],"wp:attachment":[{"href":"https:\/\/italtools.com\/fr\/wp-json\/wp\/v2\/media?parent=163260"}],"wp:term":[{"taxonomy":"materiale","embeddable":true,"href":"https:\/\/italtools.com\/fr\/wp-json\/wp\/v2\/materiale?post=163260"},{"taxonomy":"product_brand","embeddable":true,"href":"https:\/\/italtools.com\/fr\/wp-json\/wp\/v2\/product_brand?post=163260"},{"taxonomy":"product_cat","embeddable":true,"href":"https:\/\/italtools.com\/fr\/wp-json\/wp\/v2\/product_cat?post=163260"},{"taxonomy":"product_tag","embeddable":true,"href":"https:\/\/italtools.com\/fr\/wp-json\/wp\/v2\/product_tag?post=163260"}],"curies":[{"name":"wp","href":"https:\/\/api.w.org\/{rel}","templated":true}]}}