{"id":163246,"date":"2024-11-05T10:51:57","date_gmt":"2024-11-05T10:51:57","guid":{"rendered":"http:\/\/italtools.com\/prodotto\/fraises-diamant-pour-portes-de-cuisine-3\/"},"modified":"2025-01-08T22:35:30","modified_gmt":"2025-01-08T22:35:30","slug":"fraises-diamant-pour-portes-de-cuisine-3","status":"publish","type":"product","link":"https:\/\/italtools.com\/fr\/product\/fraises-diamant-pour-portes-de-cuisine-3\/","title":{"rendered":"Fraises diamant  pour portes de cuisine"},"content":{"rendered":"<p>Ensemble de\u00a0 fraises diamant\u00a0 Z=2 pour portes de cuisine et panneaux de portes sur bois, panneaux de particules, MDF, aff\u00fbtable 8 \u00e0 10 fois, hauteur PCD 4,5 mm. Excellente finition, niveau de bruit tr\u00e8s bas.\u00a0<\/p>\n","protected":false},"excerpt":{"rendered":"<p>Ensemble de\u00a0 fraises diamant\u00a0 Z=2 pour portes de cuisine et panneaux de portes sur bois, panneaux de particules, MDF, aff\u00fbtable 8 \u00e0 10 fois, hauteur PCD 4,5 mm. Excellente finition, niveau de bruit tr\u00e8s bas.\u00a0<\/p>\n","protected":false},"featured_media":172817,"comment_status":"closed","ping_status":"open","template":"","meta":{"_acf_changed":false},"materiale":[6707,6701,6713,6725,6716],"product_brand":[10391],"product_cat":[2775],"product_tag":[],"class_list":{"0":"post-163246","1":"product","2":"type-product","3":"status-publish","4":"has-post-thumbnail","6":"materiale-bois-dur","7":"materiale-bois-plaque","8":"materiale-mdf-fr","9":"materiale-panneau-en-particules-de-bois","10":"materiale-panneau-melamine","11":"product_brand-italtools-fr","12":"product_cat-meches-a-defoncer-diamant-pour-centres-de-travail-cnc","13":"pa_d_undercase-20-8","14":"pa_d_uppercase-40-29","15":"pa_d_uppercase-50-33","16":"pa_d_uppercase-60-7","17":"pa_profile-a-5","18":"pa_profile-b-3","19":"pa_profile-c-6","20":"pa_profile-d-3","21":"pa_rotation-droit","22":"pa_z-1-4","23":"pa_z-2-12","25":"first","26":"instock","27":"taxable","28":"shipping-taxable","29":"product-type-variable"},"acf":[],"_links":{"self":[{"href":"https:\/\/italtools.com\/fr\/wp-json\/wp\/v2\/product\/163246","targetHints":{"allow":["GET"]}}],"collection":[{"href":"https:\/\/italtools.com\/fr\/wp-json\/wp\/v2\/product"}],"about":[{"href":"https:\/\/italtools.com\/fr\/wp-json\/wp\/v2\/types\/product"}],"replies":[{"embeddable":true,"href":"https:\/\/italtools.com\/fr\/wp-json\/wp\/v2\/comments?post=163246"}],"wp:featuredmedia":[{"embeddable":true,"href":"https:\/\/italtools.com\/fr\/wp-json\/wp\/v2\/media\/172817"}],"wp:attachment":[{"href":"https:\/\/italtools.com\/fr\/wp-json\/wp\/v2\/media?parent=163246"}],"wp:term":[{"taxonomy":"materiale","embeddable":true,"href":"https:\/\/italtools.com\/fr\/wp-json\/wp\/v2\/materiale?post=163246"},{"taxonomy":"product_brand","embeddable":true,"href":"https:\/\/italtools.com\/fr\/wp-json\/wp\/v2\/product_brand?post=163246"},{"taxonomy":"product_cat","embeddable":true,"href":"https:\/\/italtools.com\/fr\/wp-json\/wp\/v2\/product_cat?post=163246"},{"taxonomy":"product_tag","embeddable":true,"href":"https:\/\/italtools.com\/fr\/wp-json\/wp\/v2\/product_tag?post=163246"}],"curies":[{"name":"wp","href":"https:\/\/api.w.org\/{rel}","templated":true}]}}