{"id":163217,"date":"2024-11-05T10:51:54","date_gmt":"2024-11-05T10:51:54","guid":{"rendered":"http:\/\/italtools.com\/prodotto\/meche-a-defoncer-diamant-z4-pour-hautes-vitesses\/"},"modified":"2025-01-08T22:36:38","modified_gmt":"2025-01-08T22:36:38","slug":"meche-a-defoncer-diamant-z4-pour-hautes-vitesses","status":"publish","type":"product","link":"https:\/\/italtools.com\/fr\/product\/meche-a-defoncer-diamant-z4-pour-hautes-vitesses\/","title":{"rendered":"M\u00e8che \u00e0 d\u00e9foncer diamant Z=4 pour hautes vitesses"},"content":{"rendered":"<p>Fraise \u00e0 d\u00e9foncer diamant\u00a0 Z=4  4 coupes biaises, aff\u00fbtable 8 \u00e0 10 fois, hauteur PCD 4,5 mm.  Excellente finition, niveau de bruit tr\u00e8s bas.  Vitesse d&rsquo;avance: 30 m\u00e8tres\/min.\u00a0<\/p>\n","protected":false},"excerpt":{"rendered":"<p>Fraise \u00e0 d\u00e9foncer diamant\u00a0 Z=4 4 coupes biaises, aff\u00fbtable 8 \u00e0 10 fois, hauteur PCD 4,5 mm. Excellente finition, niveau de bruit tr\u00e8s bas. Vitesse d&rsquo;avance: 30 m\u00e8tres\/min.\u00a0<\/p>\n","protected":false},"featured_media":172785,"comment_status":"closed","ping_status":"open","template":"","meta":{"_acf_changed":false},"materiale":[6710],"product_brand":[10391],"product_cat":[2775],"product_tag":[],"class_list":{"0":"post-163217","1":"product","2":"type-product","3":"status-publish","4":"has-post-thumbnail","6":"materiale-bois-tendre","7":"product_brand-italtools-fr","8":"product_cat-meches-a-defoncer-diamant-pour-centres-de-travail-cnc","9":"pa_d_undercase-20-8","10":"pa_d_uppercase-50-33","11":"pa_l1-105-6","12":"pa_l1-115-4","13":"pa_l1-85-6","14":"pa_l1-95-6","15":"pa_l2-25-10","16":"pa_l2-30-4-2","17":"pa_l2-45-4","18":"pa_l2-55-7","19":"pa_l3-50-30","20":"pa_rotation-droit","21":"pa_rotation-gauche","22":"pa_z-44-3","24":"first","25":"instock","26":"taxable","27":"shipping-taxable","28":"product-type-variable"},"acf":[],"_links":{"self":[{"href":"https:\/\/italtools.com\/fr\/wp-json\/wp\/v2\/product\/163217","targetHints":{"allow":["GET"]}}],"collection":[{"href":"https:\/\/italtools.com\/fr\/wp-json\/wp\/v2\/product"}],"about":[{"href":"https:\/\/italtools.com\/fr\/wp-json\/wp\/v2\/types\/product"}],"replies":[{"embeddable":true,"href":"https:\/\/italtools.com\/fr\/wp-json\/wp\/v2\/comments?post=163217"}],"wp:featuredmedia":[{"embeddable":true,"href":"https:\/\/italtools.com\/fr\/wp-json\/wp\/v2\/media\/172785"}],"wp:attachment":[{"href":"https:\/\/italtools.com\/fr\/wp-json\/wp\/v2\/media?parent=163217"}],"wp:term":[{"taxonomy":"materiale","embeddable":true,"href":"https:\/\/italtools.com\/fr\/wp-json\/wp\/v2\/materiale?post=163217"},{"taxonomy":"product_brand","embeddable":true,"href":"https:\/\/italtools.com\/fr\/wp-json\/wp\/v2\/product_brand?post=163217"},{"taxonomy":"product_cat","embeddable":true,"href":"https:\/\/italtools.com\/fr\/wp-json\/wp\/v2\/product_cat?post=163217"},{"taxonomy":"product_tag","embeddable":true,"href":"https:\/\/italtools.com\/fr\/wp-json\/wp\/v2\/product_tag?post=163217"}],"curies":[{"name":"wp","href":"https:\/\/api.w.org\/{rel}","templated":true}]}}