{"id":163180,"date":"2024-11-05T10:51:50","date_gmt":"2024-11-05T10:51:50","guid":{"rendered":"http:\/\/italtools.com\/prodotto\/meche-a-defoncer-diamant-6-coupes-z33\/"},"modified":"2025-01-08T22:36:34","modified_gmt":"2025-01-08T22:36:34","slug":"meche-a-defoncer-diamant-6-coupes-z33","status":"publish","type":"product","link":"https:\/\/italtools.com\/fr\/product\/meche-a-defoncer-diamant-6-coupes-z33\/","title":{"rendered":"M\u00e8che \u00e0 d\u00e9foncer diamant 6 coupes Z=3+3"},"content":{"rendered":"<p>Fraise \u00e0 d\u00e9foncer diamant\u00a0 Z=3+3  3+3 coupes biaises r\u00e9parties sur 6 h\u00e9lices, trois coupes \u00e9ffectives avec coupe frontale en diamant, aff\u00fbtable 8 \u00e0 10 fois, hauteur PCD 4,5 mm.  Excellente finition, niveau de bruit tr\u00e8s bas.  Vitesse d&rsquo;avance: 20-30 m\u00e8tres\/min.\u00a0<\/p>\n","protected":false},"excerpt":{"rendered":"<p>Fraise \u00e0 d\u00e9foncer diamant\u00a0 Z=3+3 3+3 coupes biaises r\u00e9parties sur 6 h\u00e9lices, trois coupes \u00e9ffectives avec coupe frontale en diamant, aff\u00fbtable 8 \u00e0 10 fois, hauteur PCD 4,5 mm. Excellente finition, niveau de bruit tr\u00e8s bas. Vitesse d&rsquo;avance: 20-30 m\u00e8tres\/min.\u00a0<\/p>\n","protected":false},"featured_media":172777,"comment_status":"closed","ping_status":"open","template":"","meta":{"_acf_changed":false},"materiale":[6707,6701,6698,6722,6713,6725,6704,6716],"product_brand":[10391],"product_cat":[2775],"product_tag":[],"class_list":{"0":"post-163180","1":"product","2":"type-product","3":"status-publish","4":"has-post-thumbnail","6":"materiale-bois-dur","7":"materiale-bois-plaque","8":"materiale-hdf-fr","9":"materiale-matieres-plastiques","10":"materiale-mdf-fr","11":"materiale-panneau-en-particules-de-bois","12":"materiale-panneau-lamine-colle","13":"materiale-panneau-melamine","14":"product_brand-italtools-fr","15":"product_cat-meches-a-defoncer-diamant-pour-centres-de-travail-cnc","16":"pa_d_undercase-20-8","17":"pa_d_undercase-25-19","18":"pa_d_uppercase-20-40","19":"pa_d_uppercase-25-31","20":"pa_l1-105-6","21":"pa_l1-111-3","22":"pa_l1-117-3","23":"pa_l1-123-3","24":"pa_l1-87-3","25":"pa_l1-93-3","26":"pa_l1-99-5","27":"pa_l2-23-3","28":"pa_l2-24-4-4","29":"pa_l2-29-3","30":"pa_l2-30-4-2","31":"pa_l2-36-6","32":"pa_l2-41-12","33":"pa_l2-42-3","34":"pa_l2-47-7","35":"pa_l2-48-12","36":"pa_l2-53-3","37":"pa_l2-54-12","38":"pa_l3-50-30","39":"pa_l3-55-26","40":"pa_rotation-droit","41":"pa_rotation-gauche","42":"pa_z-33-3-3","44":"first","45":"instock","46":"taxable","47":"shipping-taxable","48":"product-type-variable"},"acf":[],"_links":{"self":[{"href":"https:\/\/italtools.com\/fr\/wp-json\/wp\/v2\/product\/163180","targetHints":{"allow":["GET"]}}],"collection":[{"href":"https:\/\/italtools.com\/fr\/wp-json\/wp\/v2\/product"}],"about":[{"href":"https:\/\/italtools.com\/fr\/wp-json\/wp\/v2\/types\/product"}],"replies":[{"embeddable":true,"href":"https:\/\/italtools.com\/fr\/wp-json\/wp\/v2\/comments?post=163180"}],"wp:featuredmedia":[{"embeddable":true,"href":"https:\/\/italtools.com\/fr\/wp-json\/wp\/v2\/media\/172777"}],"wp:attachment":[{"href":"https:\/\/italtools.com\/fr\/wp-json\/wp\/v2\/media?parent=163180"}],"wp:term":[{"taxonomy":"materiale","embeddable":true,"href":"https:\/\/italtools.com\/fr\/wp-json\/wp\/v2\/materiale?post=163180"},{"taxonomy":"product_brand","embeddable":true,"href":"https:\/\/italtools.com\/fr\/wp-json\/wp\/v2\/product_brand?post=163180"},{"taxonomy":"product_cat","embeddable":true,"href":"https:\/\/italtools.com\/fr\/wp-json\/wp\/v2\/product_cat?post=163180"},{"taxonomy":"product_tag","embeddable":true,"href":"https:\/\/italtools.com\/fr\/wp-json\/wp\/v2\/product_tag?post=163180"}],"curies":[{"name":"wp","href":"https:\/\/api.w.org\/{rel}","templated":true}]}}