{"id":163155,"date":"2024-11-05T10:51:48","date_gmt":"2024-11-05T10:51:48","guid":{"rendered":"http:\/\/italtools.com\/prodotto\/meche-a-defoncer-diamant-4-coupes-z22-2\/"},"modified":"2025-01-08T22:36:33","modified_gmt":"2025-01-08T22:36:33","slug":"meche-a-defoncer-diamant-4-coupes-z22-2","status":"publish","type":"product","link":"https:\/\/italtools.com\/fr\/product\/meche-a-defoncer-diamant-4-coupes-z22-2\/","title":{"rendered":"M\u00e8che \u00e0 d\u00e9foncer diamant 4 coupes Z=2+2"},"content":{"rendered":"<p>Fraise \u00e0 d\u00e9foncer diamant\u00a0 Z=2+2  2+2 coupes biaises r\u00e9parties sur 4 h\u00e9lices, deux coupes \u00e9ffectives avec coupe frontale en diamant, aff\u00fbtable 8 \u00e0 10 fois, hauteur PCD 4,5 mm.  Excellente finition, niveau de bruit tr\u00e8s bas. Corps avec grand d\u00e9gagement permettant une bonne \u00e9vacuation des copeaux.  Vitesse d&rsquo;avance: 20-25 m\u00e8tres\/min.\u00a0<\/p>\n","protected":false},"excerpt":{"rendered":"<p>Fraise \u00e0 d\u00e9foncer diamant\u00a0 Z=2+2 2+2 coupes biaises r\u00e9parties sur 4 h\u00e9lices, deux coupes \u00e9ffectives avec coupe frontale en diamant, aff\u00fbtable 8 \u00e0 10 fois, hauteur PCD 4,5 mm. Excellente finition, niveau de bruit tr\u00e8s bas. Corps avec grand d\u00e9gagement permettant une bonne \u00e9vacuation des copeaux. Vitesse d&rsquo;avance: 20-25 m\u00e8tres\/min.\u00a0<\/p>\n","protected":false},"featured_media":172769,"comment_status":"closed","ping_status":"open","template":"","meta":{"_acf_changed":false},"materiale":[6707,6701,6698,6713,6725,6704,6716,6719],"product_brand":[10391],"product_cat":[2775],"product_tag":[],"class_list":{"0":"post-163155","1":"product","2":"type-product","3":"status-publish","4":"has-post-thumbnail","6":"materiale-bois-dur","7":"materiale-bois-plaque","8":"materiale-hdf-fr","9":"materiale-mdf-fr","10":"materiale-panneau-en-particules-de-bois","11":"materiale-panneau-lamine-colle","12":"materiale-panneau-melamine","13":"materiale-pierre-artificielle","14":"product_brand-italtools-fr","15":"product_cat-meches-a-defoncer-diamant-pour-centres-de-travail-cnc","16":"pa_d_undercase-20-8","17":"pa_d_undercase-25-19","18":"pa_d_uppercase-20-40","19":"pa_d_uppercase-25-31","20":"pa_l1-100-7","21":"pa_l1-104-3","22":"pa_l1-109-2","23":"pa_l1-113-3","24":"pa_l1-118-3","25":"pa_l1-127-7","26":"pa_l1-86-3","27":"pa_l1-91-3","28":"pa_l1-95-6","29":"pa_l2-26-4","30":"pa_l2-30-4-2","31":"pa_l2-44-12","32":"pa_l2-53-3","33":"pa_l2-62-6","34":"pa_l3-50-30","35":"pa_l3-55-26","36":"pa_rotation-droit","37":"pa_rotation-gauche","38":"pa_z-22-3","40":"first","41":"instock","42":"taxable","43":"shipping-taxable","44":"purchasable","45":"product-type-variable"},"acf":[],"_links":{"self":[{"href":"https:\/\/italtools.com\/fr\/wp-json\/wp\/v2\/product\/163155","targetHints":{"allow":["GET"]}}],"collection":[{"href":"https:\/\/italtools.com\/fr\/wp-json\/wp\/v2\/product"}],"about":[{"href":"https:\/\/italtools.com\/fr\/wp-json\/wp\/v2\/types\/product"}],"replies":[{"embeddable":true,"href":"https:\/\/italtools.com\/fr\/wp-json\/wp\/v2\/comments?post=163155"}],"wp:featuredmedia":[{"embeddable":true,"href":"https:\/\/italtools.com\/fr\/wp-json\/wp\/v2\/media\/172769"}],"wp:attachment":[{"href":"https:\/\/italtools.com\/fr\/wp-json\/wp\/v2\/media?parent=163155"}],"wp:term":[{"taxonomy":"materiale","embeddable":true,"href":"https:\/\/italtools.com\/fr\/wp-json\/wp\/v2\/materiale?post=163155"},{"taxonomy":"product_brand","embeddable":true,"href":"https:\/\/italtools.com\/fr\/wp-json\/wp\/v2\/product_brand?post=163155"},{"taxonomy":"product_cat","embeddable":true,"href":"https:\/\/italtools.com\/fr\/wp-json\/wp\/v2\/product_cat?post=163155"},{"taxonomy":"product_tag","embeddable":true,"href":"https:\/\/italtools.com\/fr\/wp-json\/wp\/v2\/product_tag?post=163155"}],"curies":[{"name":"wp","href":"https:\/\/api.w.org\/{rel}","templated":true}]}}