{"id":163104,"date":"2024-11-05T10:51:44","date_gmt":"2024-11-05T10:51:44","guid":{"rendered":"http:\/\/italtools.com\/prodotto\/meche-a-defoncer-diamant-z22-angle-de-coupe-30\/"},"modified":"2025-01-08T22:36:37","modified_gmt":"2025-01-08T22:36:37","slug":"meche-a-defoncer-diamant-z22-angle-de-coupe-30","status":"publish","type":"product","link":"https:\/\/italtools.com\/fr\/product\/meche-a-defoncer-diamant-z22-angle-de-coupe-30\/","title":{"rendered":"M\u00e8che \u00e0 d\u00e9foncer diamant Z=2+2, angle de coupe 30\u00b0"},"content":{"rendered":"<p>Fraise &agrave; d&eacute;foncer diamant&nbsp; Z=2+2 2+2 coupes biaises r&eacute;parties sur 4 h&eacute;lices, deux coupes &eacute;ffectives, aff&ucirc;table 8 &agrave; 10 fois, hauteur PCD 4,5 mm. Excellente finition, niveau de bruit tr&egrave;s bas. Vitesse d&#39;avance: 15-20 m&egrave;tres\/min.&nbsp;<\/p>\n","protected":false},"excerpt":{"rendered":"<p>Fraise &agrave; d&eacute;foncer diamant&nbsp; Z=2+2 2+2 coupes biaises r&eacute;parties sur 4 h&eacute;lices, deux coupes &eacute;ffectives, aff&ucirc;table 8 &agrave; 10 fois, hauteur PCD 4,5 mm. Excellente finition, niveau de bruit tr&egrave;s bas. Vitesse d&#39;avance: 15-20 m&egrave;tres\/min.&nbsp;<\/p>\n","protected":false},"featured_media":172761,"comment_status":"closed","ping_status":"open","template":"","meta":{"_acf_changed":false},"materiale":[6707,6701,6698,6713,6725,6704,6716,6719],"product_brand":[10391],"product_cat":[2775],"product_tag":[],"class_list":{"0":"post-163104","1":"product","2":"type-product","3":"status-publish","4":"has-post-thumbnail","6":"materiale-bois-dur","7":"materiale-bois-plaque","8":"materiale-hdf-fr","9":"materiale-mdf-fr","10":"materiale-panneau-en-particules-de-bois","11":"materiale-panneau-lamine-colle","12":"materiale-panneau-melamine","13":"materiale-pierre-artificielle","14":"product_brand-italtools-fr","15":"product_cat-meches-a-defoncer-diamant-pour-centres-de-travail-cnc","16":"pa_d_undercase-20-8","17":"pa_d_undercase-25-19","18":"pa_d_uppercase-16-14","19":"pa_d_uppercase-18-17","20":"pa_d_uppercase-20-40","21":"pa_d_uppercase-25-31","22":"pa_l1-101-3","23":"pa_l1-106-5","24":"pa_l1-107-6","25":"pa_l1-112-3","26":"pa_l1-117-3","27":"pa_l1-122-3","28":"pa_l1-128-6","29":"pa_l1-133-2","30":"pa_l1-85-6","31":"pa_l1-90-5","32":"pa_l1-91-3","33":"pa_l1-96-6","34":"pa_l2-26-4","35":"pa_l2-31-3","36":"pa_l2-36-6","37":"pa_l2-43-3","38":"pa_l2-47-7","39":"pa_l2-52-3","40":"pa_l2-57-7","41":"pa_l2-63-3","42":"pa_l2-68-3","43":"pa_l2-72-3","44":"pa_l2-84-8","45":"pa_l3-50-30","46":"pa_l3-55-26","47":"pa_rotation-droit","48":"pa_rotation-gauche","49":"pa_z-22-3","51":"first","52":"instock","53":"taxable","54":"shipping-taxable","55":"purchasable","56":"product-type-variable"},"acf":[],"_links":{"self":[{"href":"https:\/\/italtools.com\/fr\/wp-json\/wp\/v2\/product\/163104","targetHints":{"allow":["GET"]}}],"collection":[{"href":"https:\/\/italtools.com\/fr\/wp-json\/wp\/v2\/product"}],"about":[{"href":"https:\/\/italtools.com\/fr\/wp-json\/wp\/v2\/types\/product"}],"replies":[{"embeddable":true,"href":"https:\/\/italtools.com\/fr\/wp-json\/wp\/v2\/comments?post=163104"}],"wp:featuredmedia":[{"embeddable":true,"href":"https:\/\/italtools.com\/fr\/wp-json\/wp\/v2\/media\/172761"}],"wp:attachment":[{"href":"https:\/\/italtools.com\/fr\/wp-json\/wp\/v2\/media?parent=163104"}],"wp:term":[{"taxonomy":"materiale","embeddable":true,"href":"https:\/\/italtools.com\/fr\/wp-json\/wp\/v2\/materiale?post=163104"},{"taxonomy":"product_brand","embeddable":true,"href":"https:\/\/italtools.com\/fr\/wp-json\/wp\/v2\/product_brand?post=163104"},{"taxonomy":"product_cat","embeddable":true,"href":"https:\/\/italtools.com\/fr\/wp-json\/wp\/v2\/product_cat?post=163104"},{"taxonomy":"product_tag","embeddable":true,"href":"https:\/\/italtools.com\/fr\/wp-json\/wp\/v2\/product_tag?post=163104"}],"curies":[{"name":"wp","href":"https:\/\/api.w.org\/{rel}","templated":true}]}}