{"id":163056,"date":"2024-11-05T10:51:39","date_gmt":"2024-11-05T10:51:39","guid":{"rendered":"http:\/\/italtools.com\/prodotto\/meche-a-defoncer-diamant-4-coupes-z22\/"},"modified":"2025-11-17T10:24:46","modified_gmt":"2025-11-17T10:24:46","slug":"meche-a-defoncer-z22-diamant-pour-panneaux-de-particules-et-mdf","status":"publish","type":"product","link":"https:\/\/italtools.com\/fr\/product\/meche-a-defoncer-z22-diamant-pour-panneaux-de-particules-et-mdf\/","title":{"rendered":"M\u00e8che \u00e0 d\u00e9foncer Z2+2 diamant pour panneaux de particules et mdf"},"content":{"rendered":"<p>M\u00e8che \u00e0 d\u00e9foncer Z2+2 diamant pour panneaux de particules et mdf, bonne finition sur les deux c\u00f4t\u00e9s du panneau. Hauteur des pastilles 2,5mm, aff\u00fbtable 3 \u00e0 4 fois. Niveau de bruit tr\u00e8s bas. Vitesse d&rsquo;avance: 10 m\u00e8tres\/min.<\/p>\n<p>Recommand\u00e9 pour l&rsquo;usinage de panneau bois, agglom\u00e9r\u00e9, m\u00e9lamin\u00e9, MDF, et OSB.<\/p>\n","protected":false},"excerpt":{"rendered":"<p>M\u00e8che \u00e0 d\u00e9foncer Z2+2 diamant pour panneaux de particules et mdf, bonne finition sur les deux c\u00f4t\u00e9s du panneau. Hauteur des pastilles 2,5mm, aff\u00fbtable 3 \u00e0 4 fois. Niveau de bruit tr\u00e8s bas. Vitesse d&rsquo;avance: 10 m\u00e8tres\/min. Recommand\u00e9 pour l&rsquo;usinage de panneau bois, agglom\u00e9r\u00e9, m\u00e9lamin\u00e9, MDF, et OSB.<\/p>\n","protected":false},"featured_media":397200,"comment_status":"closed","ping_status":"closed","template":"","meta":{"_acf_changed":false},"materiale":[6713,6725,6704,6716],"product_brand":[10391],"product_cat":[2775],"product_tag":[],"class_list":{"0":"post-163056","1":"product","2":"type-product","3":"status-publish","4":"has-post-thumbnail","6":"materiale-mdf-fr","7":"materiale-panneau-en-particules-de-bois","8":"materiale-panneau-lamine-colle","9":"materiale-panneau-melamine","10":"product_brand-italtools-fr","11":"product_cat-meches-a-defoncer-diamant-pour-centres-de-travail-cnc","12":"pa_d_undercase-20-8","13":"pa_d_uppercase-16-14","14":"pa_d_uppercase-18-17","15":"pa_d_uppercase-20-40","16":"pa_l1-103-6","17":"pa_l1-112-3","18":"pa_l1-121-3","19":"pa_l1-130-5","20":"pa_l1-75-2-3","21":"pa_l1-84-10","22":"pa_l1-85-6","23":"pa_l1-94-3","24":"pa_l2-27-10","25":"pa_l2-34-3","26":"pa_l2-43-3","27":"pa_l2-52-3","28":"pa_l2-61-4","29":"pa_l2-70-7","30":"pa_l3-40-4-3","31":"pa_l3-50-30","32":"pa_rotation-droit","33":"pa_rotation-gauche","34":"pa_z-101-5","35":"pa_z-121-6","36":"pa_z-141-3","37":"pa_z-16-8","38":"pa_z-161-4","39":"pa_z-61-11","40":"pa_z-8-4","41":"pa_z-81-3","43":"first","44":"instock","45":"taxable","46":"shipping-taxable","47":"purchasable","48":"product-type-variable"},"acf":[],"_links":{"self":[{"href":"https:\/\/italtools.com\/fr\/wp-json\/wp\/v2\/product\/163056","targetHints":{"allow":["GET"]}}],"collection":[{"href":"https:\/\/italtools.com\/fr\/wp-json\/wp\/v2\/product"}],"about":[{"href":"https:\/\/italtools.com\/fr\/wp-json\/wp\/v2\/types\/product"}],"replies":[{"embeddable":true,"href":"https:\/\/italtools.com\/fr\/wp-json\/wp\/v2\/comments?post=163056"}],"wp:featuredmedia":[{"embeddable":true,"href":"https:\/\/italtools.com\/fr\/wp-json\/wp\/v2\/media\/397200"}],"wp:attachment":[{"href":"https:\/\/italtools.com\/fr\/wp-json\/wp\/v2\/media?parent=163056"}],"wp:term":[{"taxonomy":"materiale","embeddable":true,"href":"https:\/\/italtools.com\/fr\/wp-json\/wp\/v2\/materiale?post=163056"},{"taxonomy":"product_brand","embeddable":true,"href":"https:\/\/italtools.com\/fr\/wp-json\/wp\/v2\/product_brand?post=163056"},{"taxonomy":"product_cat","embeddable":true,"href":"https:\/\/italtools.com\/fr\/wp-json\/wp\/v2\/product_cat?post=163056"},{"taxonomy":"product_tag","embeddable":true,"href":"https:\/\/italtools.com\/fr\/wp-json\/wp\/v2\/product_tag?post=163056"}],"curies":[{"name":"wp","href":"https:\/\/api.w.org\/{rel}","templated":true}]}}