{"id":163011,"date":"2024-11-05T10:51:36","date_gmt":"2024-11-05T10:51:36","guid":{"rendered":"http:\/\/italtools.com\/prodotto\/meche-a-defoncer-diamant-3-coupes-z11\/"},"modified":"2025-01-08T22:36:26","modified_gmt":"2025-01-08T22:36:26","slug":"meche-a-defoncer-diamant-3-coupes-z11","status":"publish","type":"product","link":"https:\/\/italtools.com\/fr\/product\/meche-a-defoncer-diamant-3-coupes-z11\/","title":{"rendered":"M\u00e8che \u00e0 d\u00e9foncer diamant 3 coupes Z=1+1"},"content":{"rendered":"<p>Fraise \u00e0 d\u00e9foncer diamant eco Z=1+1  Coupes positives\/n\u00e9gatives, bonne finition sur les deux c\u00f4t\u00e9s du panneau.  Hauteur des pastilles 2,5mm. Niveau de bruit tr\u00e8s bas.  Vitesse d&rsquo;avance: 6-7 m\u00e8tres\/min.<\/p>\n","protected":false},"excerpt":{"rendered":"<p>Fraise \u00e0 d\u00e9foncer diamant eco Z=1+1 Coupes positives\/n\u00e9gatives, bonne finition sur les deux c\u00f4t\u00e9s du panneau. Hauteur des pastilles 2,5mm. Niveau de bruit tr\u00e8s bas. Vitesse d&rsquo;avance: 6-7 m\u00e8tres\/min.<\/p>\n","protected":false},"featured_media":172737,"comment_status":"closed","ping_status":"open","template":"","meta":{"_acf_changed":false},"materiale":[6707,6701,6713,6725,6704],"product_brand":[10391],"product_cat":[2775],"product_tag":[],"class_list":{"0":"post-163011","1":"product","2":"type-product","3":"status-publish","4":"has-post-thumbnail","6":"materiale-bois-dur","7":"materiale-bois-plaque","8":"materiale-mdf-fr","9":"materiale-panneau-en-particules-de-bois","10":"materiale-panneau-lamine-colle","11":"product_brand-italtools-fr","12":"product_cat-meches-a-defoncer-diamant-pour-centres-de-travail-cnc","13":"pa_d_undercase-20-8","14":"pa_d_uppercase-10-19","15":"pa_d_uppercase-16-14","16":"pa_d_uppercase-18-17","17":"pa_d_uppercase-20-40","18":"pa_d_uppercase-25-31","19":"pa_d_uppercase-8-29","20":"pa_l1-103-6","21":"pa_l1-108-7","22":"pa_l1-112-3","23":"pa_l1-117-3","24":"pa_l1-121-3","25":"pa_l1-126-3","26":"pa_l1-130-5","27":"pa_l1-131-3","28":"pa_l1-75-2-3","29":"pa_l1-84-10","30":"pa_l1-85-6","31":"pa_l1-94-3","32":"pa_l1-95-6","33":"pa_l1-99-5","34":"pa_l2-27-10","35":"pa_l2-34-3","36":"pa_l2-43-3","37":"pa_l2-52-3","38":"pa_l2-61-4","39":"pa_l2-70-7","40":"pa_l3-40-4-3","41":"pa_l3-50-30","42":"pa_rotation-droit","43":"pa_rotation-gauche","44":"pa_z-31-7","45":"pa_z-41-9","46":"pa_z-51-2-3","47":"pa_z-61-11","48":"pa_z-71-3","49":"pa_z-81-3","51":"first","52":"instock","53":"taxable","54":"shipping-taxable","55":"product-type-variable"},"acf":[],"_links":{"self":[{"href":"https:\/\/italtools.com\/fr\/wp-json\/wp\/v2\/product\/163011","targetHints":{"allow":["GET"]}}],"collection":[{"href":"https:\/\/italtools.com\/fr\/wp-json\/wp\/v2\/product"}],"about":[{"href":"https:\/\/italtools.com\/fr\/wp-json\/wp\/v2\/types\/product"}],"replies":[{"embeddable":true,"href":"https:\/\/italtools.com\/fr\/wp-json\/wp\/v2\/comments?post=163011"}],"wp:featuredmedia":[{"embeddable":true,"href":"https:\/\/italtools.com\/fr\/wp-json\/wp\/v2\/media\/172737"}],"wp:attachment":[{"href":"https:\/\/italtools.com\/fr\/wp-json\/wp\/v2\/media?parent=163011"}],"wp:term":[{"taxonomy":"materiale","embeddable":true,"href":"https:\/\/italtools.com\/fr\/wp-json\/wp\/v2\/materiale?post=163011"},{"taxonomy":"product_brand","embeddable":true,"href":"https:\/\/italtools.com\/fr\/wp-json\/wp\/v2\/product_brand?post=163011"},{"taxonomy":"product_cat","embeddable":true,"href":"https:\/\/italtools.com\/fr\/wp-json\/wp\/v2\/product_cat?post=163011"},{"taxonomy":"product_tag","embeddable":true,"href":"https:\/\/italtools.com\/fr\/wp-json\/wp\/v2\/product_tag?post=163011"}],"curies":[{"name":"wp","href":"https:\/\/api.w.org\/{rel}","templated":true}]}}