{"id":162935,"date":"2024-11-05T10:51:29","date_gmt":"2024-11-05T10:51:29","guid":{"rendered":"http:\/\/italtools.com\/prodotto\/meche-a-defoncer-diamant-z2-a-rainurer\/"},"modified":"2025-01-08T22:36:35","modified_gmt":"2025-01-08T22:36:35","slug":"meche-a-defoncer-diamant-z2-a-rainurer","status":"publish","type":"product","link":"https:\/\/italtools.com\/fr\/product\/meche-a-defoncer-diamant-z2-a-rainurer\/","title":{"rendered":"M\u00e8che \u00e0 d\u00e9foncer diamant Z=2 \u00e0 rainurer"},"content":{"rendered":"<p>Fraise &agrave; d&eacute;foncer diamant 4,5mm Aff&ucirc;table &agrave; deux coupes pour travaux en finition de rainurage, feuillurage et d&eacute;tourage. Les diam&egrave;tres de 6 a 12mm sont construits avec le corps en carbure int&eacute;gral, &agrave; partir du diam&egrave;tre 14 le corps est en acier.&nbsp;Vitesse d&#39;avance: 5-8 m&egrave;tres\/min.<\/p>\n","protected":false},"excerpt":{"rendered":"<p>Fraise &agrave; d&eacute;foncer diamant 4,5mm Aff&ucirc;table &agrave; deux coupes pour travaux en finition de rainurage, feuillurage et d&eacute;tourage. Les diam&egrave;tres de 6 a 12mm sont construits avec le corps en carbure int&eacute;gral, &agrave; partir du diam&egrave;tre 14 le corps est en acier.&nbsp;Vitesse d&#39;avance: 5-8 m&egrave;tres\/min.<\/p>\n","protected":false},"featured_media":172721,"comment_status":"closed","ping_status":"open","template":"","meta":{"_acf_changed":false},"materiale":[],"product_brand":[10391],"product_cat":[2775],"product_tag":[],"class_list":{"0":"post-162935","1":"product","2":"type-product","3":"status-publish","4":"has-post-thumbnail","6":"product_brand-italtools-fr","7":"product_cat-meches-a-defoncer-diamant-pour-centres-de-travail-cnc","8":"pa_d_undercase-10-2-3","9":"pa_d_undercase-14-15","10":"pa_d_undercase-20-8","11":"pa_d_undercase-6-7","12":"pa_d_undercase-8-19","13":"pa_d_uppercase-10-19","14":"pa_d_uppercase-14-18","15":"pa_d_uppercase-16-14","16":"pa_d_uppercase-18-17","17":"pa_d_uppercase-20-40","18":"pa_d_uppercase-25-31","19":"pa_d_uppercase-6-27","20":"pa_d_uppercase-8-29","21":"pa_l1-108-7","22":"pa_l1-118-3","23":"pa_l1-60-10","24":"pa_l1-70-2-3","25":"pa_l1-73-9","26":"pa_l1-75-2-3","27":"pa_l1-78-9","28":"pa_l1-83-3","29":"pa_l1-88-5","30":"pa_l1-93-3","31":"pa_l1-98-6","32":"pa_l2-12-20","33":"pa_l2-15-14","34":"pa_l2-20-18","35":"pa_l2-25-10","36":"pa_l2-30-4-2","37":"pa_l2-40-11","38":"pa_l2-45-4","39":"pa_l2-55-7","40":"pa_l3-45-15","41":"pa_l3-50-30","42":"pa_rotation-droit","43":"pa_rotation-gauche","44":"pa_z-2-12","46":"first","47":"instock","48":"taxable","49":"shipping-taxable","50":"product-type-variable"},"acf":[],"_links":{"self":[{"href":"https:\/\/italtools.com\/fr\/wp-json\/wp\/v2\/product\/162935","targetHints":{"allow":["GET"]}}],"collection":[{"href":"https:\/\/italtools.com\/fr\/wp-json\/wp\/v2\/product"}],"about":[{"href":"https:\/\/italtools.com\/fr\/wp-json\/wp\/v2\/types\/product"}],"replies":[{"embeddable":true,"href":"https:\/\/italtools.com\/fr\/wp-json\/wp\/v2\/comments?post=162935"}],"wp:featuredmedia":[{"embeddable":true,"href":"https:\/\/italtools.com\/fr\/wp-json\/wp\/v2\/media\/172721"}],"wp:attachment":[{"href":"https:\/\/italtools.com\/fr\/wp-json\/wp\/v2\/media?parent=162935"}],"wp:term":[{"taxonomy":"materiale","embeddable":true,"href":"https:\/\/italtools.com\/fr\/wp-json\/wp\/v2\/materiale?post=162935"},{"taxonomy":"product_brand","embeddable":true,"href":"https:\/\/italtools.com\/fr\/wp-json\/wp\/v2\/product_brand?post=162935"},{"taxonomy":"product_cat","embeddable":true,"href":"https:\/\/italtools.com\/fr\/wp-json\/wp\/v2\/product_cat?post=162935"},{"taxonomy":"product_tag","embeddable":true,"href":"https:\/\/italtools.com\/fr\/wp-json\/wp\/v2\/product_tag?post=162935"}],"curies":[{"name":"wp","href":"https:\/\/api.w.org\/{rel}","templated":true}]}}