{"id":162910,"date":"2024-11-05T10:51:27","date_gmt":"2024-11-05T10:51:27","guid":{"rendered":"http:\/\/italtools.com\/prodotto\/meche-a-defoncer-diamant-z1-a-rainurer\/"},"modified":"2025-01-08T22:36:35","modified_gmt":"2025-01-08T22:36:35","slug":"meche-a-defoncer-diamant-z1-a-rainurer","status":"publish","type":"product","link":"https:\/\/italtools.com\/fr\/product\/meche-a-defoncer-diamant-z1-a-rainurer\/","title":{"rendered":"M\u00e8che \u00e0 d\u00e9foncer diamant Z=1 \u00e0 rainurer"},"content":{"rendered":"<p>Fraise &agrave; d&eacute;foncer diamant aff&ucirc;table Z=1. Pour calibrer, feuillurer et rainurer.&nbsp;Corps en carbure monobloc. Coupe : D = droite, P = positive, N = n&eacute;gative. Vitesse d&#39;avance: 4-5 m&egrave;tres\/min.<\/p>\n","protected":false},"excerpt":{"rendered":"<p>Fraise &agrave; d&eacute;foncer diamant aff&ucirc;table Z=1. Pour calibrer, feuillurer et rainurer.&nbsp;Corps en carbure monobloc. Coupe : D = droite, P = positive, N = n&eacute;gative. Vitesse d&#39;avance: 4-5 m&egrave;tres\/min.<\/p>\n","protected":false},"featured_media":172713,"comment_status":"closed","ping_status":"closed","template":"","meta":{"_acf_changed":false},"materiale":[6707,6701,6710,6713,6725],"product_brand":[10391],"product_cat":[2775],"product_tag":[],"class_list":{"0":"post-162910","1":"product","2":"type-product","3":"status-publish","4":"has-post-thumbnail","6":"materiale-bois-dur","7":"materiale-bois-plaque","8":"materiale-bois-tendre","9":"materiale-mdf-fr","10":"materiale-panneau-en-particules-de-bois","11":"product_brand-italtools-fr","12":"product_cat-meches-a-defoncer-diamant-pour-centres-de-travail-cnc","13":"pa_d_undercase-10-2-3","14":"pa_d_undercase-6-7","15":"pa_d_undercase-8-19","16":"pa_d_uppercase-10-19","17":"pa_d_uppercase-4-32","18":"pa_d_uppercase-5-33","19":"pa_d_uppercase-6-27","20":"pa_d_uppercase-7-23","21":"pa_d_uppercase-8-29","22":"pa_d_uppercase-9-17-2","23":"pa_l1-60-10","24":"pa_l1-70-2-3","25":"pa_l1-75-2-3","26":"pa_l2-10-4","27":"pa_l2-12-20","28":"pa_l2-15-14","29":"pa_l2-20-18","30":"pa_l3-40-4-3","31":"pa_l3-45-15","32":"pa_rotation-droit","33":"pa_rotation-gauche","34":"pa_z-1-4","36":"first","37":"instock","38":"sale","39":"taxable","40":"shipping-taxable","41":"purchasable","42":"product-type-variable"},"acf":[],"_links":{"self":[{"href":"https:\/\/italtools.com\/fr\/wp-json\/wp\/v2\/product\/162910","targetHints":{"allow":["GET"]}}],"collection":[{"href":"https:\/\/italtools.com\/fr\/wp-json\/wp\/v2\/product"}],"about":[{"href":"https:\/\/italtools.com\/fr\/wp-json\/wp\/v2\/types\/product"}],"replies":[{"embeddable":true,"href":"https:\/\/italtools.com\/fr\/wp-json\/wp\/v2\/comments?post=162910"}],"wp:featuredmedia":[{"embeddable":true,"href":"https:\/\/italtools.com\/fr\/wp-json\/wp\/v2\/media\/172713"}],"wp:attachment":[{"href":"https:\/\/italtools.com\/fr\/wp-json\/wp\/v2\/media?parent=162910"}],"wp:term":[{"taxonomy":"materiale","embeddable":true,"href":"https:\/\/italtools.com\/fr\/wp-json\/wp\/v2\/materiale?post=162910"},{"taxonomy":"product_brand","embeddable":true,"href":"https:\/\/italtools.com\/fr\/wp-json\/wp\/v2\/product_brand?post=162910"},{"taxonomy":"product_cat","embeddable":true,"href":"https:\/\/italtools.com\/fr\/wp-json\/wp\/v2\/product_cat?post=162910"},{"taxonomy":"product_tag","embeddable":true,"href":"https:\/\/italtools.com\/fr\/wp-json\/wp\/v2\/product_tag?post=162910"}],"curies":[{"name":"wp","href":"https:\/\/api.w.org\/{rel}","templated":true}]}}