{"id":162865,"date":"2024-11-05T10:51:17","date_gmt":"2024-11-05T10:51:17","guid":{"rendered":"http:\/\/italtools.com\/prodotto\/fraise-a-plaquettes-multiprofil-pour-defonceuses\/"},"modified":"2025-01-08T22:34:26","modified_gmt":"2025-01-08T22:34:26","slug":"fraise-a-plaquettes-multiprofil-pour-defonceuses","status":"publish","type":"product","link":"https:\/\/italtools.com\/fr\/product\/fraise-a-plaquettes-multiprofil-pour-defonceuses\/","title":{"rendered":"Fraise \u00e0 plaquettes multiprofil pour d\u00e9fonceuses"},"content":{"rendered":"<p>Porte-outils \u00e0 arrondir \u00e0 plaquettes<\/p>\n","protected":false},"excerpt":{"rendered":"<p>Porte-outils \u00e0 arrondir \u00e0 plaquettes<\/p>\n","protected":false},"featured_media":388663,"comment_status":"closed","ping_status":"closed","template":"","meta":{"_acf_changed":false},"materiale":[],"product_brand":[10391],"product_cat":[2805],"product_tag":[],"class_list":{"0":"post-162865","1":"product","2":"type-product","3":"status-publish","4":"has-post-thumbnail","6":"product_brand-italtools-fr","7":"product_cat-porte-outils-pour-centres-de-travail-cnc","8":"pa_d_undercase-20x50-3","9":"pa_d_uppercase-116-6","10":"pa_d_uppercase-55-29","11":"pa_d_uppercase-70-3","12":"pa_d_uppercase-85-9","13":"pa_l2-20-18","14":"pa_l2-30-4-2","15":"pa_l2-40-11","16":"pa_l2-60-16","17":"pa_r-12-15-2","18":"pa_r-20-25-3","19":"pa_r-30-35-3","20":"pa_r-40-42-5-3","21":"pa_r-8-10-3","22":"pa_z-2-12","24":"first","25":"instock","26":"taxable","27":"shipping-taxable","28":"product-type-variable"},"acf":[],"_links":{"self":[{"href":"https:\/\/italtools.com\/fr\/wp-json\/wp\/v2\/product\/162865","targetHints":{"allow":["GET"]}}],"collection":[{"href":"https:\/\/italtools.com\/fr\/wp-json\/wp\/v2\/product"}],"about":[{"href":"https:\/\/italtools.com\/fr\/wp-json\/wp\/v2\/types\/product"}],"replies":[{"embeddable":true,"href":"https:\/\/italtools.com\/fr\/wp-json\/wp\/v2\/comments?post=162865"}],"wp:featuredmedia":[{"embeddable":true,"href":"https:\/\/italtools.com\/fr\/wp-json\/wp\/v2\/media\/388663"}],"wp:attachment":[{"href":"https:\/\/italtools.com\/fr\/wp-json\/wp\/v2\/media?parent=162865"}],"wp:term":[{"taxonomy":"materiale","embeddable":true,"href":"https:\/\/italtools.com\/fr\/wp-json\/wp\/v2\/materiale?post=162865"},{"taxonomy":"product_brand","embeddable":true,"href":"https:\/\/italtools.com\/fr\/wp-json\/wp\/v2\/product_brand?post=162865"},{"taxonomy":"product_cat","embeddable":true,"href":"https:\/\/italtools.com\/fr\/wp-json\/wp\/v2\/product_cat?post=162865"},{"taxonomy":"product_tag","embeddable":true,"href":"https:\/\/italtools.com\/fr\/wp-json\/wp\/v2\/product_tag?post=162865"}],"curies":[{"name":"wp","href":"https:\/\/api.w.org\/{rel}","templated":true}]}}