{"id":162861,"date":"2024-11-04T19:38:57","date_gmt":"2024-11-04T19:38:57","guid":{"rendered":"http:\/\/italtools.com\/prodotto\/fraise-a-chanfrein-reglable-pour-machines-cnc\/"},"modified":"2025-01-08T22:33:05","modified_gmt":"2025-01-08T22:33:05","slug":"fraise-a-chanfrein-reglable-pour-machines-cnc","status":"publish","type":"product","link":"https:\/\/italtools.com\/fr\/product\/fraise-a-chanfrein-reglable-pour-machines-cnc\/","title":{"rendered":"Fraise \u00e0 chanfrein r\u00e9glable pour machines CNC"},"content":{"rendered":"<p>Fraise \u00e0 chanfreiner \u00e0 plaquettes r\u00e9versibles<\/p>\n","protected":false},"excerpt":{"rendered":"<p>Fraise \u00e0 chanfreiner \u00e0 plaquettes r\u00e9versibles<\/p>\n","protected":false},"featured_media":138430,"comment_status":"closed","ping_status":"closed","template":"","meta":{"_acf_changed":false},"materiale":[],"product_brand":[10391],"product_cat":[2805],"product_tag":[],"class_list":{"0":"post-162861","1":"product","2":"type-product","3":"status-publish","4":"has-post-thumbnail","6":"product_brand-italtools-fr","7":"product_cat-porte-outils-pour-centres-de-travail-cnc","8":"pa_d_undercase-20x50-3","9":"pa_d_uppercase-100-5","10":"pa_l2-50-12","11":"pa_z-2-12","13":"first","14":"instock","15":"taxable","16":"shipping-taxable","17":"purchasable","18":"product-type-variable"},"acf":[],"_links":{"self":[{"href":"https:\/\/italtools.com\/fr\/wp-json\/wp\/v2\/product\/162861","targetHints":{"allow":["GET"]}}],"collection":[{"href":"https:\/\/italtools.com\/fr\/wp-json\/wp\/v2\/product"}],"about":[{"href":"https:\/\/italtools.com\/fr\/wp-json\/wp\/v2\/types\/product"}],"replies":[{"embeddable":true,"href":"https:\/\/italtools.com\/fr\/wp-json\/wp\/v2\/comments?post=162861"}],"wp:featuredmedia":[{"embeddable":true,"href":"https:\/\/italtools.com\/fr\/wp-json\/wp\/v2\/media\/138430"}],"wp:attachment":[{"href":"https:\/\/italtools.com\/fr\/wp-json\/wp\/v2\/media?parent=162861"}],"wp:term":[{"taxonomy":"materiale","embeddable":true,"href":"https:\/\/italtools.com\/fr\/wp-json\/wp\/v2\/materiale?post=162861"},{"taxonomy":"product_brand","embeddable":true,"href":"https:\/\/italtools.com\/fr\/wp-json\/wp\/v2\/product_brand?post=162861"},{"taxonomy":"product_cat","embeddable":true,"href":"https:\/\/italtools.com\/fr\/wp-json\/wp\/v2\/product_cat?post=162861"},{"taxonomy":"product_tag","embeddable":true,"href":"https:\/\/italtools.com\/fr\/wp-json\/wp\/v2\/product_tag?post=162861"}],"curies":[{"name":"wp","href":"https:\/\/api.w.org\/{rel}","templated":true}]}}