{"id":162858,"date":"2024-11-05T10:51:17","date_gmt":"2024-11-05T10:51:17","guid":{"rendered":"http:\/\/italtools.com\/prodotto\/fraise-a-defoncer-a-plaquettes-pour-machines-a-commande-numerique-6\/"},"modified":"2025-01-08T22:34:08","modified_gmt":"2025-01-08T22:34:08","slug":"fraise-a-defoncer-a-plaquettes-pour-machines-a-commande-numerique-6","status":"publish","type":"product","link":"https:\/\/italtools.com\/fr\/product\/fraise-a-defoncer-a-plaquettes-pour-machines-a-commande-numerique-6\/","title":{"rendered":"Fraise \u00e0 d\u00e9foncer \u00e0 plaquettes pour machines \u00e0 commande num\u00e9rique"},"content":{"rendered":"<p>Fraise \u00e0 d\u00e9foncer \u00e0 plaquettes\u00a0<\/p>\n","protected":false},"excerpt":{"rendered":"<p>Fraise \u00e0 d\u00e9foncer \u00e0 plaquettes\u00a0<\/p>\n","protected":false},"featured_media":172665,"comment_status":"closed","ping_status":"closed","template":"","meta":{"_acf_changed":false},"materiale":[],"product_brand":[10391],"product_cat":[2805],"product_tag":[],"class_list":{"0":"post-162858","1":"product","2":"type-product","3":"status-publish","4":"has-post-thumbnail","6":"product_brand-italtools-fr","7":"product_cat-porte-outils-pour-centres-de-travail-cnc","8":"pa_d_undercase-20x50-3","9":"pa_l2-55-7","10":"pa_l2-65-3","11":"pa_l2-68-3","12":"pa_z-42-2-3","13":"pa_z-7-3","15":"first","16":"instock","17":"taxable","18":"shipping-taxable","19":"purchasable","20":"product-type-variable"},"acf":[],"_links":{"self":[{"href":"https:\/\/italtools.com\/fr\/wp-json\/wp\/v2\/product\/162858","targetHints":{"allow":["GET"]}}],"collection":[{"href":"https:\/\/italtools.com\/fr\/wp-json\/wp\/v2\/product"}],"about":[{"href":"https:\/\/italtools.com\/fr\/wp-json\/wp\/v2\/types\/product"}],"replies":[{"embeddable":true,"href":"https:\/\/italtools.com\/fr\/wp-json\/wp\/v2\/comments?post=162858"}],"wp:featuredmedia":[{"embeddable":true,"href":"https:\/\/italtools.com\/fr\/wp-json\/wp\/v2\/media\/172665"}],"wp:attachment":[{"href":"https:\/\/italtools.com\/fr\/wp-json\/wp\/v2\/media?parent=162858"}],"wp:term":[{"taxonomy":"materiale","embeddable":true,"href":"https:\/\/italtools.com\/fr\/wp-json\/wp\/v2\/materiale?post=162858"},{"taxonomy":"product_brand","embeddable":true,"href":"https:\/\/italtools.com\/fr\/wp-json\/wp\/v2\/product_brand?post=162858"},{"taxonomy":"product_cat","embeddable":true,"href":"https:\/\/italtools.com\/fr\/wp-json\/wp\/v2\/product_cat?post=162858"},{"taxonomy":"product_tag","embeddable":true,"href":"https:\/\/italtools.com\/fr\/wp-json\/wp\/v2\/product_tag?post=162858"}],"curies":[{"name":"wp","href":"https:\/\/api.w.org\/{rel}","templated":true}]}}