{"id":162855,"date":"2024-11-05T10:51:17","date_gmt":"2024-11-05T10:51:17","guid":{"rendered":"http:\/\/italtools.com\/prodotto\/fraise-reglable-a-double-rayon-ou-chanfrein-de-45-pour-machines-a-commande-numerique\/"},"modified":"2025-01-08T22:35:22","modified_gmt":"2025-01-08T22:35:22","slug":"fraise-reglable-a-double-rayon-ou-chanfrein-de-45-pour-machines-a-commande-numerique","status":"publish","type":"product","link":"https:\/\/italtools.com\/fr\/product\/fraise-reglable-a-double-rayon-ou-chanfrein-de-45-pour-machines-a-commande-numerique\/","title":{"rendered":"Fraise r\u00e9glable \u00e0 double rayon ou chanfrein de 45\u00b0 pour machines \u00e0 commande num\u00e9rique"},"content":{"rendered":"<p>Porte-outils \u00e0 calibrer avec chanfreins \u00e0 plaquettes r\u00e9versibles<\/p>\n","protected":false},"excerpt":{"rendered":"<p>Porte-outils \u00e0 calibrer avec chanfreins \u00e0 plaquettes r\u00e9versibles<\/p>\n","protected":false},"featured_media":172661,"comment_status":"closed","ping_status":"open","template":"","meta":{"_acf_changed":false},"materiale":[],"product_brand":[10391],"product_cat":[2805],"product_tag":[],"class_list":{"0":"post-162855","1":"product","2":"type-product","3":"status-publish","4":"has-post-thumbnail","6":"product_brand-italtools-fr","7":"product_cat-porte-outils-pour-centres-de-travail-cnc","8":"pa_d_undercase-20x50-3","9":"pa_d_uppercase-80-7","10":"pa_l2-30-4-2","11":"pa_l2-50-12","12":"pa_z-24-2-3","14":"first","15":"instock","16":"taxable","17":"shipping-taxable","18":"product-type-variable"},"acf":[],"_links":{"self":[{"href":"https:\/\/italtools.com\/fr\/wp-json\/wp\/v2\/product\/162855","targetHints":{"allow":["GET"]}}],"collection":[{"href":"https:\/\/italtools.com\/fr\/wp-json\/wp\/v2\/product"}],"about":[{"href":"https:\/\/italtools.com\/fr\/wp-json\/wp\/v2\/types\/product"}],"replies":[{"embeddable":true,"href":"https:\/\/italtools.com\/fr\/wp-json\/wp\/v2\/comments?post=162855"}],"wp:featuredmedia":[{"embeddable":true,"href":"https:\/\/italtools.com\/fr\/wp-json\/wp\/v2\/media\/172661"}],"wp:attachment":[{"href":"https:\/\/italtools.com\/fr\/wp-json\/wp\/v2\/media?parent=162855"}],"wp:term":[{"taxonomy":"materiale","embeddable":true,"href":"https:\/\/italtools.com\/fr\/wp-json\/wp\/v2\/materiale?post=162855"},{"taxonomy":"product_brand","embeddable":true,"href":"https:\/\/italtools.com\/fr\/wp-json\/wp\/v2\/product_brand?post=162855"},{"taxonomy":"product_cat","embeddable":true,"href":"https:\/\/italtools.com\/fr\/wp-json\/wp\/v2\/product_cat?post=162855"},{"taxonomy":"product_tag","embeddable":true,"href":"https:\/\/italtools.com\/fr\/wp-json\/wp\/v2\/product_tag?post=162855"}],"curies":[{"name":"wp","href":"https:\/\/api.w.org\/{rel}","templated":true}]}}