{"id":162841,"date":"2024-11-05T10:51:15","date_gmt":"2024-11-05T10:51:15","guid":{"rendered":"http:\/\/italtools.com\/prodotto\/fraise-a-defoncer-a-plaquettes-pour-machines-a-commande-numerique-rotation-droite-et-gauche\/"},"modified":"2025-01-08T22:34:08","modified_gmt":"2025-01-08T22:34:08","slug":"fraise-a-defoncer-a-plaquettes-pour-machines-a-commande-numerique-rotation-droite-et-gauche","status":"publish","type":"product","link":"https:\/\/italtools.com\/fr\/product\/fraise-a-defoncer-a-plaquettes-pour-machines-a-commande-numerique-rotation-droite-et-gauche\/","title":{"rendered":"Fraise \u00e0 d\u00e9foncer \u00e0 plaquettes pour machines \u00e0 commande num\u00e9rique rotation droite et gauche"},"content":{"rendered":"<p>Fraise \u00e0 d\u00e9foncer \u00e0 plaquettes r\u00e9versibles<\/p>\n","protected":false},"excerpt":{"rendered":"<p>Fraise \u00e0 d\u00e9foncer \u00e0 plaquettes r\u00e9versibles<\/p>\n","protected":false},"featured_media":172649,"comment_status":"closed","ping_status":"open","template":"","meta":{"_acf_changed":false},"materiale":[],"product_brand":[10391],"product_cat":[2805],"product_tag":[],"class_list":{"0":"post-162841","1":"product","2":"type-product","3":"status-publish","4":"has-post-thumbnail","6":"product_brand-italtools-fr","7":"product_cat-porte-outils-pour-centres-de-travail-cnc","8":"pa_d_undercase-25x50-3","9":"pa_d_uppercase-40-29","10":"pa_l2-30-4-2","11":"pa_l2-40-11","12":"pa_l2-50-12","13":"pa_z-22-3","15":"first","16":"instock","17":"taxable","18":"shipping-taxable","19":"purchasable","20":"product-type-variable"},"acf":[],"_links":{"self":[{"href":"https:\/\/italtools.com\/fr\/wp-json\/wp\/v2\/product\/162841","targetHints":{"allow":["GET"]}}],"collection":[{"href":"https:\/\/italtools.com\/fr\/wp-json\/wp\/v2\/product"}],"about":[{"href":"https:\/\/italtools.com\/fr\/wp-json\/wp\/v2\/types\/product"}],"replies":[{"embeddable":true,"href":"https:\/\/italtools.com\/fr\/wp-json\/wp\/v2\/comments?post=162841"}],"wp:featuredmedia":[{"embeddable":true,"href":"https:\/\/italtools.com\/fr\/wp-json\/wp\/v2\/media\/172649"}],"wp:attachment":[{"href":"https:\/\/italtools.com\/fr\/wp-json\/wp\/v2\/media?parent=162841"}],"wp:term":[{"taxonomy":"materiale","embeddable":true,"href":"https:\/\/italtools.com\/fr\/wp-json\/wp\/v2\/materiale?post=162841"},{"taxonomy":"product_brand","embeddable":true,"href":"https:\/\/italtools.com\/fr\/wp-json\/wp\/v2\/product_brand?post=162841"},{"taxonomy":"product_cat","embeddable":true,"href":"https:\/\/italtools.com\/fr\/wp-json\/wp\/v2\/product_cat?post=162841"},{"taxonomy":"product_tag","embeddable":true,"href":"https:\/\/italtools.com\/fr\/wp-json\/wp\/v2\/product_tag?post=162841"}],"curies":[{"name":"wp","href":"https:\/\/api.w.org\/{rel}","templated":true}]}}