{"id":162697,"date":"2024-11-05T10:51:01","date_gmt":"2024-11-05T10:51:01","guid":{"rendered":"http:\/\/italtools.com\/prodotto\/meche-a-mortaiser-en-acier-z4-queue-16x50mm\/"},"modified":"2025-01-08T22:37:10","modified_gmt":"2025-01-08T22:37:10","slug":"meche-a-mortaiser-en-acier-z4-queue-16x50mm","status":"publish","type":"product","link":"https:\/\/italtools.com\/fr\/product\/meche-a-mortaiser-en-acier-z4-queue-16x50mm\/","title":{"rendered":"M\u00e8che \u00e0 mortaiser en acier Z4 queue 16X50mm"},"content":{"rendered":"<p>M\u00e8che HSS Z4 \u00e0 mortaiser et percer pour d\u00e9fonceuses<\/p>\n","protected":false},"excerpt":{"rendered":"<p>M\u00e8che HSS Z4 \u00e0 mortaiser et percer pour d\u00e9fonceuses<\/p>\n","protected":false},"featured_media":397151,"comment_status":"closed","ping_status":"open","template":"","meta":{"_acf_changed":false},"materiale":[],"product_brand":[10391],"product_cat":[2807],"product_tag":[],"class_list":{"0":"post-162697","1":"product","2":"type-product","3":"status-publish","4":"has-post-thumbnail","6":"product_brand-italtools-fr","7":"product_cat-meches-pour-mortaiseuses","8":"pa_d_undercase-16x50-3","9":"pa_d_uppercase-13-20-2","10":"pa_d_uppercase-14-18","11":"pa_d_uppercase-18-17","12":"pa_d_uppercase-20-40","13":"pa_d_uppercase-6-27","14":"pa_d_uppercase-7-23","15":"pa_d_uppercase-8-29","16":"pa_d_uppercase-9-17-2","17":"pa_l1-100-7","18":"pa_l1-95-6","20":"first","21":"instock","22":"taxable","23":"shipping-taxable","24":"purchasable","25":"product-type-variable"},"acf":[],"_links":{"self":[{"href":"https:\/\/italtools.com\/fr\/wp-json\/wp\/v2\/product\/162697","targetHints":{"allow":["GET"]}}],"collection":[{"href":"https:\/\/italtools.com\/fr\/wp-json\/wp\/v2\/product"}],"about":[{"href":"https:\/\/italtools.com\/fr\/wp-json\/wp\/v2\/types\/product"}],"replies":[{"embeddable":true,"href":"https:\/\/italtools.com\/fr\/wp-json\/wp\/v2\/comments?post=162697"}],"wp:featuredmedia":[{"embeddable":true,"href":"https:\/\/italtools.com\/fr\/wp-json\/wp\/v2\/media\/397151"}],"wp:attachment":[{"href":"https:\/\/italtools.com\/fr\/wp-json\/wp\/v2\/media?parent=162697"}],"wp:term":[{"taxonomy":"materiale","embeddable":true,"href":"https:\/\/italtools.com\/fr\/wp-json\/wp\/v2\/materiale?post=162697"},{"taxonomy":"product_brand","embeddable":true,"href":"https:\/\/italtools.com\/fr\/wp-json\/wp\/v2\/product_brand?post=162697"},{"taxonomy":"product_cat","embeddable":true,"href":"https:\/\/italtools.com\/fr\/wp-json\/wp\/v2\/product_cat?post=162697"},{"taxonomy":"product_tag","embeddable":true,"href":"https:\/\/italtools.com\/fr\/wp-json\/wp\/v2\/product_tag?post=162697"}],"curies":[{"name":"wp","href":"https:\/\/api.w.org\/{rel}","templated":true}]}}