{"id":162538,"date":"2024-11-05T10:50:45","date_gmt":"2024-11-05T10:50:45","guid":{"rendered":"http:\/\/italtools.com\/prodotto\/meche-a-faconner-z22-en-carbure-l575-queue-10x26mm\/"},"modified":"2025-01-08T22:37:00","modified_gmt":"2025-01-08T22:37:00","slug":"meche-a-faconner-z22-en-carbure-l575-queue-10x26mm","status":"publish","type":"product","link":"https:\/\/italtools.com\/fr\/product\/meche-a-faconner-z22-en-carbure-l575-queue-10x26mm\/","title":{"rendered":"M\u00e8che \u00e0 fa\u00e7onner Z2+2 en carbure L=57,5 queue 10X26mm"},"content":{"rendered":"<p>M\u00e8che \u00e0 fa\u00e7onner Z2+2 HM\u00a0<\/p>\n","protected":false},"excerpt":{"rendered":"<p>M\u00e8che \u00e0 fa\u00e7onner Z2+2 HM\u00a0<\/p>\n","protected":false},"featured_media":172593,"comment_status":"closed","ping_status":"open","template":"","meta":{"_acf_changed":false},"materiale":[],"product_brand":[10391],"product_cat":[2804],"product_tag":[],"class_list":{"0":"post-162538","1":"product","2":"type-product","3":"status-publish","4":"has-post-thumbnail","6":"product_brand-italtools-fr","7":"product_cat-meches-carbure-pour-perceuses-multi-broches","8":"pa_d_undercase-10x26-3","9":"pa_d_uppercase-15-34","10":"pa_d_uppercase-25-31","11":"pa_d_uppercase-26-14","12":"pa_d_uppercase-28-12","13":"pa_d_uppercase-30-7","14":"pa_d_uppercase-32-18","15":"pa_d_uppercase-35-28","16":"pa_d_uppercase-38-12","17":"pa_d_uppercase-40-29","18":"pa_d_uppercase-50-33","19":"pa_d_uppercase-60-7","20":"pa_l1-57-5-3","21":"pa_rotation-droit","22":"pa_rotation-gauche","23":"pa_z-22-3","25":"first","26":"instock","27":"taxable","28":"shipping-taxable","29":"product-type-variable"},"acf":[],"_links":{"self":[{"href":"https:\/\/italtools.com\/fr\/wp-json\/wp\/v2\/product\/162538","targetHints":{"allow":["GET"]}}],"collection":[{"href":"https:\/\/italtools.com\/fr\/wp-json\/wp\/v2\/product"}],"about":[{"href":"https:\/\/italtools.com\/fr\/wp-json\/wp\/v2\/types\/product"}],"replies":[{"embeddable":true,"href":"https:\/\/italtools.com\/fr\/wp-json\/wp\/v2\/comments?post=162538"}],"wp:featuredmedia":[{"embeddable":true,"href":"https:\/\/italtools.com\/fr\/wp-json\/wp\/v2\/media\/172593"}],"wp:attachment":[{"href":"https:\/\/italtools.com\/fr\/wp-json\/wp\/v2\/media?parent=162538"}],"wp:term":[{"taxonomy":"materiale","embeddable":true,"href":"https:\/\/italtools.com\/fr\/wp-json\/wp\/v2\/materiale?post=162538"},{"taxonomy":"product_brand","embeddable":true,"href":"https:\/\/italtools.com\/fr\/wp-json\/wp\/v2\/product_brand?post=162538"},{"taxonomy":"product_cat","embeddable":true,"href":"https:\/\/italtools.com\/fr\/wp-json\/wp\/v2\/product_cat?post=162538"},{"taxonomy":"product_tag","embeddable":true,"href":"https:\/\/italtools.com\/fr\/wp-json\/wp\/v2\/product_tag?post=162538"}],"curies":[{"name":"wp","href":"https:\/\/api.w.org\/{rel}","templated":true}]}}