{"id":162534,"date":"2024-11-05T10:50:45","date_gmt":"2024-11-05T10:50:45","guid":{"rendered":"http:\/\/italtools.com\/prodotto\/fraise-a-defoncer-a-plaquettes-pour-machines-a-commande-numerique-3\/"},"modified":"2025-01-08T22:34:07","modified_gmt":"2025-01-08T22:34:07","slug":"fraise-a-defoncer-a-plaquettes-pour-machines-a-commande-numerique-3","status":"publish","type":"product","link":"https:\/\/italtools.com\/fr\/product\/fraise-a-defoncer-a-plaquettes-pour-machines-a-commande-numerique-3\/","title":{"rendered":"Fraise \u00e0 d\u00e9foncer \u00e0 plaquettes pour machines \u00e0 commande num\u00e9rique"},"content":{"rendered":"<p>Porte-outils \u00e0 calibrer d\u2019\u00e9bauche<\/p>\n","protected":false},"excerpt":{"rendered":"<p>Porte-outils \u00e0 calibrer d\u2019\u00e9bauche<\/p>\n","protected":false},"featured_media":172589,"comment_status":"closed","ping_status":"open","template":"","meta":{"_acf_changed":false},"materiale":[],"product_brand":[10391],"product_cat":[2805],"product_tag":[],"class_list":{"0":"post-162534","1":"product","2":"type-product","3":"status-publish","4":"has-post-thumbnail","6":"product_brand-italtools-fr","7":"product_cat-porte-outils-pour-centres-de-travail-cnc","8":"pa_d_undercase-20x50-3","9":"pa_d_uppercase-50-33","10":"pa_l2-62-6","11":"pa_l2-74-3","12":"pa_l2-86-6","13":"pa_z-12-16","14":"pa_z-14-10","16":"first","17":"instock","18":"taxable","19":"shipping-taxable","20":"product-type-variable"},"acf":[],"_links":{"self":[{"href":"https:\/\/italtools.com\/fr\/wp-json\/wp\/v2\/product\/162534","targetHints":{"allow":["GET"]}}],"collection":[{"href":"https:\/\/italtools.com\/fr\/wp-json\/wp\/v2\/product"}],"about":[{"href":"https:\/\/italtools.com\/fr\/wp-json\/wp\/v2\/types\/product"}],"replies":[{"embeddable":true,"href":"https:\/\/italtools.com\/fr\/wp-json\/wp\/v2\/comments?post=162534"}],"wp:featuredmedia":[{"embeddable":true,"href":"https:\/\/italtools.com\/fr\/wp-json\/wp\/v2\/media\/172589"}],"wp:attachment":[{"href":"https:\/\/italtools.com\/fr\/wp-json\/wp\/v2\/media?parent=162534"}],"wp:term":[{"taxonomy":"materiale","embeddable":true,"href":"https:\/\/italtools.com\/fr\/wp-json\/wp\/v2\/materiale?post=162534"},{"taxonomy":"product_brand","embeddable":true,"href":"https:\/\/italtools.com\/fr\/wp-json\/wp\/v2\/product_brand?post=162534"},{"taxonomy":"product_cat","embeddable":true,"href":"https:\/\/italtools.com\/fr\/wp-json\/wp\/v2\/product_cat?post=162534"},{"taxonomy":"product_tag","embeddable":true,"href":"https:\/\/italtools.com\/fr\/wp-json\/wp\/v2\/product_tag?post=162534"}],"curies":[{"name":"wp","href":"https:\/\/api.w.org\/{rel}","templated":true}]}}