{"id":162517,"date":"2024-11-05T10:50:43","date_gmt":"2024-11-05T10:50:43","guid":{"rendered":"http:\/\/italtools.com\/prodotto\/fraise-a-defoncer-a-plaquettes-pour-machines-a-commande-numerique\/"},"modified":"2025-01-08T22:33:05","modified_gmt":"2025-01-08T22:33:05","slug":"fraise-a-defoncer-a-plaquettes-pour-machines-a-commande-numerique","status":"publish","type":"product","link":"https:\/\/italtools.com\/fr\/product\/fraise-a-defoncer-a-plaquettes-pour-machines-a-commande-numerique\/","title":{"rendered":"Fraise \u00e0 d\u00e9foncer \u00e0 plaquettes pour machines \u00e0 commande num\u00e9rique"},"content":{"rendered":"<p>Fraise \u00e0 d\u00e9foncer \u00e0 plaquettes r\u00e9versibles<\/p>\n","protected":false},"excerpt":{"rendered":"<p>Fraise \u00e0 d\u00e9foncer \u00e0 plaquettes r\u00e9versibles<\/p>\n","protected":false},"featured_media":397312,"comment_status":"closed","ping_status":"closed","template":"","meta":{"_acf_changed":false},"materiale":[],"product_brand":[10391],"product_cat":[2805],"product_tag":[],"class_list":{"0":"post-162517","1":"product","2":"type-product","3":"status-publish","4":"has-post-thumbnail","6":"product_brand-italtools-fr","7":"product_cat-porte-outils-pour-centres-de-travail-cnc","8":"pa_d_undercase-20x50-3","9":"pa_d_uppercase-30-7","10":"pa_d_uppercase-35-28","11":"pa_d_uppercase-40-29","12":"pa_l2-30-4-2","13":"pa_l2-40-11","14":"pa_l2-50-12","15":"pa_z-21-7","17":"first","18":"instock","19":"taxable","20":"shipping-taxable","21":"purchasable","22":"product-type-variable"},"acf":[],"_links":{"self":[{"href":"https:\/\/italtools.com\/fr\/wp-json\/wp\/v2\/product\/162517","targetHints":{"allow":["GET"]}}],"collection":[{"href":"https:\/\/italtools.com\/fr\/wp-json\/wp\/v2\/product"}],"about":[{"href":"https:\/\/italtools.com\/fr\/wp-json\/wp\/v2\/types\/product"}],"replies":[{"embeddable":true,"href":"https:\/\/italtools.com\/fr\/wp-json\/wp\/v2\/comments?post=162517"}],"wp:featuredmedia":[{"embeddable":true,"href":"https:\/\/italtools.com\/fr\/wp-json\/wp\/v2\/media\/397312"}],"wp:attachment":[{"href":"https:\/\/italtools.com\/fr\/wp-json\/wp\/v2\/media?parent=162517"}],"wp:term":[{"taxonomy":"materiale","embeddable":true,"href":"https:\/\/italtools.com\/fr\/wp-json\/wp\/v2\/materiale?post=162517"},{"taxonomy":"product_brand","embeddable":true,"href":"https:\/\/italtools.com\/fr\/wp-json\/wp\/v2\/product_brand?post=162517"},{"taxonomy":"product_cat","embeddable":true,"href":"https:\/\/italtools.com\/fr\/wp-json\/wp\/v2\/product_cat?post=162517"},{"taxonomy":"product_tag","embeddable":true,"href":"https:\/\/italtools.com\/fr\/wp-json\/wp\/v2\/product_tag?post=162517"}],"curies":[{"name":"wp","href":"https:\/\/api.w.org\/{rel}","templated":true}]}}