{"id":162488,"date":"2024-11-05T10:50:40","date_gmt":"2024-11-05T10:50:40","guid":{"rendered":"http:\/\/italtools.com\/prodotto\/meche-carbure-avec-fraisoir-l70-2\/"},"modified":"2025-01-08T22:38:47","modified_gmt":"2025-01-08T22:38:47","slug":"meche-carbure-avec-fraisoir-l70-2","status":"publish","type":"product","link":"https:\/\/italtools.com\/fr\/product\/meche-carbure-avec-fraisoir-l70-2\/","title":{"rendered":"M\u00e8che carbure avec fraisoir L=70"},"content":{"rendered":"<p>M\u00e8che HM avec fraisoir pour perceuses multi-broches pour trous d\u00e9bouchants<\/p>\n","protected":false},"excerpt":{"rendered":"<p>M\u00e8che HM avec fraisoir pour perceuses multi-broches pour trous d\u00e9bouchants<\/p>\n","protected":false},"featured_media":172577,"comment_status":"closed","ping_status":"open","template":"","meta":{"_acf_changed":false},"materiale":[],"product_brand":[10391],"product_cat":[2804],"product_tag":[],"class_list":{"0":"post-162488","1":"product","2":"type-product","3":"status-publish","4":"has-post-thumbnail","6":"product_brand-italtools-fr","7":"product_cat-meches-carbure-pour-perceuses-multi-broches","8":"pa_d_undercase-10-2-3","9":"pa_d_uppercase-10-19","10":"pa_d_uppercase-14-18","11":"pa_d_uppercase-16-14","12":"pa_d_uppercase-5-33","13":"pa_d_uppercase-6-27","14":"pa_d_uppercase-8-29","15":"pa_l1-70-2-3","16":"pa_l2-20-18","17":"pa_l2-30-4-2","18":"pa_rotation-droit","19":"pa_rotation-gauche","21":"first","22":"instock","23":"taxable","24":"shipping-taxable","25":"product-type-variable"},"acf":[],"_links":{"self":[{"href":"https:\/\/italtools.com\/fr\/wp-json\/wp\/v2\/product\/162488","targetHints":{"allow":["GET"]}}],"collection":[{"href":"https:\/\/italtools.com\/fr\/wp-json\/wp\/v2\/product"}],"about":[{"href":"https:\/\/italtools.com\/fr\/wp-json\/wp\/v2\/types\/product"}],"replies":[{"embeddable":true,"href":"https:\/\/italtools.com\/fr\/wp-json\/wp\/v2\/comments?post=162488"}],"wp:featuredmedia":[{"embeddable":true,"href":"https:\/\/italtools.com\/fr\/wp-json\/wp\/v2\/media\/172577"}],"wp:attachment":[{"href":"https:\/\/italtools.com\/fr\/wp-json\/wp\/v2\/media?parent=162488"}],"wp:term":[{"taxonomy":"materiale","embeddable":true,"href":"https:\/\/italtools.com\/fr\/wp-json\/wp\/v2\/materiale?post=162488"},{"taxonomy":"product_brand","embeddable":true,"href":"https:\/\/italtools.com\/fr\/wp-json\/wp\/v2\/product_brand?post=162488"},{"taxonomy":"product_cat","embeddable":true,"href":"https:\/\/italtools.com\/fr\/wp-json\/wp\/v2\/product_cat?post=162488"},{"taxonomy":"product_tag","embeddable":true,"href":"https:\/\/italtools.com\/fr\/wp-json\/wp\/v2\/product_tag?post=162488"}],"curies":[{"name":"wp","href":"https:\/\/api.w.org\/{rel}","templated":true}]}}