{"id":162463,"date":"2024-11-05T10:50:37","date_gmt":"2024-11-05T10:50:37","guid":{"rendered":"http:\/\/italtools.com\/prodotto\/meche-a-defoncer-diamant-3-coupes-z33\/"},"modified":"2025-01-08T22:36:31","modified_gmt":"2025-01-08T22:36:31","slug":"meche-a-defoncer-diamant-3-coupes-z33","status":"publish","type":"product","link":"https:\/\/italtools.com\/fr\/product\/meche-a-defoncer-diamant-3-coupes-z33\/","title":{"rendered":"M\u00e8che \u00e0 d\u00e9foncer diamant 3 coupes Z=3+3"},"content":{"rendered":"<p>Fraise &agrave; d&eacute;foncer diamant&nbsp; Z=3 3&nbsp;coupes biaises r&eacute;parties sur 3 h&eacute;lices, trois coupes &eacute;ffectives avec coupe frontale en diamant, aff&ucirc;table 8 &agrave; 10 fois, hauteur PCD 4,5 mm. Excellente finition, niveau de bruit tr&egrave;s bas. Vitesse d&#39;avance: 15-20 m&egrave;tres\/min.&nbsp;<\/p>\n","protected":false},"excerpt":{"rendered":"<p>Fraise &agrave; d&eacute;foncer diamant&nbsp; Z=3 3&nbsp;coupes biaises r&eacute;parties sur 3 h&eacute;lices, trois coupes &eacute;ffectives avec coupe frontale en diamant, aff&ucirc;table 8 &agrave; 10 fois, hauteur PCD 4,5 mm. Excellente finition, niveau de bruit tr&egrave;s bas. Vitesse d&#39;avance: 15-20 m&egrave;tres\/min.&nbsp;<\/p>\n","protected":false},"featured_media":397253,"comment_status":"closed","ping_status":"closed","template":"","meta":{"_acf_changed":false},"materiale":[],"product_brand":[10391],"product_cat":[2775],"product_tag":[],"class_list":{"0":"post-162463","1":"product","2":"type-product","3":"status-publish","4":"has-post-thumbnail","6":"product_brand-italtools-fr","7":"product_cat-meches-a-defoncer-diamant-pour-centres-de-travail-cnc","8":"pa_d_undercase-20-8","9":"pa_d_undercase-25-19","10":"pa_d_uppercase-18-17","11":"pa_d_uppercase-20-40","12":"pa_d_uppercase-25-31","13":"pa_l1-105-6","14":"pa_l1-110-9","15":"pa_l1-115-4","16":"pa_l1-85-6","17":"pa_l1-90-5","18":"pa_l1-95-6","19":"pa_l2-25-10","20":"pa_l2-30-4-2","21":"pa_l2-45-4","22":"pa_l2-50-12","23":"pa_l2-55-7","24":"pa_l3-50-30","25":"pa_l3-55-26","26":"pa_rotation-droit","27":"pa_rotation-gauche","28":"pa_z-33-3-3","30":"first","31":"instock","32":"taxable","33":"shipping-taxable","34":"purchasable","35":"product-type-variable"},"acf":[],"_links":{"self":[{"href":"https:\/\/italtools.com\/fr\/wp-json\/wp\/v2\/product\/162463","targetHints":{"allow":["GET"]}}],"collection":[{"href":"https:\/\/italtools.com\/fr\/wp-json\/wp\/v2\/product"}],"about":[{"href":"https:\/\/italtools.com\/fr\/wp-json\/wp\/v2\/types\/product"}],"replies":[{"embeddable":true,"href":"https:\/\/italtools.com\/fr\/wp-json\/wp\/v2\/comments?post=162463"}],"wp:featuredmedia":[{"embeddable":true,"href":"https:\/\/italtools.com\/fr\/wp-json\/wp\/v2\/media\/397253"}],"wp:attachment":[{"href":"https:\/\/italtools.com\/fr\/wp-json\/wp\/v2\/media?parent=162463"}],"wp:term":[{"taxonomy":"materiale","embeddable":true,"href":"https:\/\/italtools.com\/fr\/wp-json\/wp\/v2\/materiale?post=162463"},{"taxonomy":"product_brand","embeddable":true,"href":"https:\/\/italtools.com\/fr\/wp-json\/wp\/v2\/product_brand?post=162463"},{"taxonomy":"product_cat","embeddable":true,"href":"https:\/\/italtools.com\/fr\/wp-json\/wp\/v2\/product_cat?post=162463"},{"taxonomy":"product_tag","embeddable":true,"href":"https:\/\/italtools.com\/fr\/wp-json\/wp\/v2\/product_tag?post=162463"}],"curies":[{"name":"wp","href":"https:\/\/api.w.org\/{rel}","templated":true}]}}