{"id":162411,"date":"2024-11-05T10:50:33","date_gmt":"2024-11-05T10:50:33","guid":{"rendered":"http:\/\/italtools.com\/prodotto\/fraisoir-en-carbure\/"},"modified":"2025-01-08T22:35:40","modified_gmt":"2025-01-08T22:35:40","slug":"fraisoir-en-carbure","status":"publish","type":"product","link":"https:\/\/italtools.com\/fr\/product\/fraisoir-en-carbure\/","title":{"rendered":"Fraisoir en carbure"},"content":{"rendered":"<p>Fraisoir HM 90\u00b0 pour m\u00e8ches h\u00e9lico\u00efdales<\/p>\n","protected":false},"excerpt":{"rendered":"<p>Fraisoir HM 90\u00b0 pour m\u00e8ches h\u00e9lico\u00efdales<\/p>\n","protected":false},"featured_media":172549,"comment_status":"closed","ping_status":"open","template":"","meta":{"_acf_changed":false},"materiale":[],"product_brand":[10391],"product_cat":[2804],"product_tag":[],"class_list":{"0":"post-162411","1":"product","2":"type-product","3":"status-publish","4":"has-post-thumbnail","6":"product_brand-italtools-fr","7":"product_cat-meches-carbure-pour-perceuses-multi-broches","8":"pa_d_undercase-10-2-3","9":"pa_d_undercase-4-18","10":"pa_d_undercase-5-19","11":"pa_d_undercase-6-7","12":"pa_d_undercase-7-17","13":"pa_d_undercase-8-19","14":"pa_d_undercase-9-8","15":"pa_d_uppercase-16-14","16":"pa_d_uppercase-20-40","17":"pa_l1-16-5-6","18":"pa_rotation-droit","19":"pa_rotation-gauche","21":"first","22":"instock","23":"taxable","24":"shipping-taxable","25":"product-type-variable"},"acf":[],"_links":{"self":[{"href":"https:\/\/italtools.com\/fr\/wp-json\/wp\/v2\/product\/162411","targetHints":{"allow":["GET"]}}],"collection":[{"href":"https:\/\/italtools.com\/fr\/wp-json\/wp\/v2\/product"}],"about":[{"href":"https:\/\/italtools.com\/fr\/wp-json\/wp\/v2\/types\/product"}],"replies":[{"embeddable":true,"href":"https:\/\/italtools.com\/fr\/wp-json\/wp\/v2\/comments?post=162411"}],"wp:featuredmedia":[{"embeddable":true,"href":"https:\/\/italtools.com\/fr\/wp-json\/wp\/v2\/media\/172549"}],"wp:attachment":[{"href":"https:\/\/italtools.com\/fr\/wp-json\/wp\/v2\/media?parent=162411"}],"wp:term":[{"taxonomy":"materiale","embeddable":true,"href":"https:\/\/italtools.com\/fr\/wp-json\/wp\/v2\/materiale?post=162411"},{"taxonomy":"product_brand","embeddable":true,"href":"https:\/\/italtools.com\/fr\/wp-json\/wp\/v2\/product_brand?post=162411"},{"taxonomy":"product_cat","embeddable":true,"href":"https:\/\/italtools.com\/fr\/wp-json\/wp\/v2\/product_cat?post=162411"},{"taxonomy":"product_tag","embeddable":true,"href":"https:\/\/italtools.com\/fr\/wp-json\/wp\/v2\/product_tag?post=162411"}],"curies":[{"name":"wp","href":"https:\/\/api.w.org\/{rel}","templated":true}]}}