{"id":162176,"date":"2024-11-05T10:50:11","date_gmt":"2024-11-05T10:50:11","guid":{"rendered":"http:\/\/italtools.com\/prodotto\/adaptateur-porte-meches-helicoidales-2\/"},"modified":"2025-01-08T22:32:55","modified_gmt":"2025-01-08T22:32:55","slug":"adaptateur-porte-meches-helicoidales-2","status":"publish","type":"product","link":"https:\/\/italtools.com\/fr\/product\/adaptateur-porte-meches-helicoidales-2\/","title":{"rendered":"Adaptateur porte-m\u00e8ches h\u00e9lico\u00efdales"},"content":{"rendered":"<p>Adaptateur porte-m\u00e8che<\/p>\n","protected":false},"excerpt":{"rendered":"<p>Adaptateur porte-m\u00e8che<\/p>\n","protected":false},"featured_media":172509,"comment_status":"closed","ping_status":"open","template":"","meta":{"_acf_changed":false},"materiale":[],"product_brand":[10391],"product_cat":[2804],"product_tag":[],"class_list":{"0":"post-162176","1":"product","2":"type-product","3":"status-publish","4":"has-post-thumbnail","6":"product_brand-italtools-fr","7":"product_cat-meches-carbure-pour-perceuses-multi-broches","8":"pa_a_uppercase-10x20-3","9":"pa_d_undercase-2-17","10":"pa_d_undercase-2-5-6","11":"pa_d_undercase-3-17","12":"pa_d_undercase-3-5-8","13":"pa_d_undercase-4-18","14":"pa_d_undercase-4-5-6","15":"pa_d_undercase-5-19","16":"pa_d_undercase-5-5-9","17":"pa_d_undercase-6-7","19":"first","20":"instock","21":"taxable","22":"shipping-taxable","23":"product-type-variable"},"acf":[],"_links":{"self":[{"href":"https:\/\/italtools.com\/fr\/wp-json\/wp\/v2\/product\/162176","targetHints":{"allow":["GET"]}}],"collection":[{"href":"https:\/\/italtools.com\/fr\/wp-json\/wp\/v2\/product"}],"about":[{"href":"https:\/\/italtools.com\/fr\/wp-json\/wp\/v2\/types\/product"}],"replies":[{"embeddable":true,"href":"https:\/\/italtools.com\/fr\/wp-json\/wp\/v2\/comments?post=162176"}],"wp:featuredmedia":[{"embeddable":true,"href":"https:\/\/italtools.com\/fr\/wp-json\/wp\/v2\/media\/172509"}],"wp:attachment":[{"href":"https:\/\/italtools.com\/fr\/wp-json\/wp\/v2\/media?parent=162176"}],"wp:term":[{"taxonomy":"materiale","embeddable":true,"href":"https:\/\/italtools.com\/fr\/wp-json\/wp\/v2\/materiale?post=162176"},{"taxonomy":"product_brand","embeddable":true,"href":"https:\/\/italtools.com\/fr\/wp-json\/wp\/v2\/product_brand?post=162176"},{"taxonomy":"product_cat","embeddable":true,"href":"https:\/\/italtools.com\/fr\/wp-json\/wp\/v2\/product_cat?post=162176"},{"taxonomy":"product_tag","embeddable":true,"href":"https:\/\/italtools.com\/fr\/wp-json\/wp\/v2\/product_tag?post=162176"}],"curies":[{"name":"wp","href":"https:\/\/api.w.org\/{rel}","templated":true}]}}