{"id":162151,"date":"2024-11-05T10:50:08","date_gmt":"2024-11-05T10:50:08","guid":{"rendered":"http:\/\/italtools.com\/prodotto\/meche-en-carbure-monobloc\/"},"modified":"2025-01-08T22:39:08","modified_gmt":"2025-01-08T22:39:08","slug":"meche-en-carbure-monobloc","status":"publish","type":"product","link":"https:\/\/italtools.com\/fr\/product\/meche-en-carbure-monobloc\/","title":{"rendered":"M\u00e8che en carbure monobloc"},"content":{"rendered":"<p>M\u00e8che carbure int\u00e9gral \u00a0<\/p>\n","protected":false},"excerpt":{"rendered":"<p>M\u00e8che carbure int\u00e9gral \u00a0<\/p>\n","protected":false},"featured_media":172501,"comment_status":"closed","ping_status":"open","template":"","meta":{"_acf_changed":false},"materiale":[],"product_brand":[10391],"product_cat":[2804],"product_tag":[],"class_list":{"0":"post-162151","1":"product","2":"type-product","3":"status-publish","4":"has-post-thumbnail","6":"product_brand-italtools-fr","7":"product_cat-meches-carbure-pour-perceuses-multi-broches","8":"pa_d_undercase-2-17","9":"pa_d_undercase-2-5-6","10":"pa_d_undercase-3-17","11":"pa_d_undercase-3-5-8","12":"pa_d_undercase-4-18","13":"pa_d_undercase-4-5-6","14":"pa_d_undercase-5-19","15":"pa_d_uppercase-2-41","16":"pa_d_uppercase-2-5-12","17":"pa_d_uppercase-3-33","18":"pa_d_uppercase-3-5-17","19":"pa_d_uppercase-4-32","20":"pa_d_uppercase-4-5-10-2","21":"pa_d_uppercase-5-33","22":"pa_l1-50-15","23":"pa_l1-55-23","24":"pa_l2-22-7","25":"pa_l2-25-10","26":"pa_l2-30-4-2","27":"pa_rotation-droit","28":"pa_rotation-gauche","30":"first","31":"instock","32":"taxable","33":"shipping-taxable","34":"product-type-variable"},"acf":[],"_links":{"self":[{"href":"https:\/\/italtools.com\/fr\/wp-json\/wp\/v2\/product\/162151","targetHints":{"allow":["GET"]}}],"collection":[{"href":"https:\/\/italtools.com\/fr\/wp-json\/wp\/v2\/product"}],"about":[{"href":"https:\/\/italtools.com\/fr\/wp-json\/wp\/v2\/types\/product"}],"replies":[{"embeddable":true,"href":"https:\/\/italtools.com\/fr\/wp-json\/wp\/v2\/comments?post=162151"}],"wp:featuredmedia":[{"embeddable":true,"href":"https:\/\/italtools.com\/fr\/wp-json\/wp\/v2\/media\/172501"}],"wp:attachment":[{"href":"https:\/\/italtools.com\/fr\/wp-json\/wp\/v2\/media?parent=162151"}],"wp:term":[{"taxonomy":"materiale","embeddable":true,"href":"https:\/\/italtools.com\/fr\/wp-json\/wp\/v2\/materiale?post=162151"},{"taxonomy":"product_brand","embeddable":true,"href":"https:\/\/italtools.com\/fr\/wp-json\/wp\/v2\/product_brand?post=162151"},{"taxonomy":"product_cat","embeddable":true,"href":"https:\/\/italtools.com\/fr\/wp-json\/wp\/v2\/product_cat?post=162151"},{"taxonomy":"product_tag","embeddable":true,"href":"https:\/\/italtools.com\/fr\/wp-json\/wp\/v2\/product_tag?post=162151"}],"curies":[{"name":"wp","href":"https:\/\/api.w.org\/{rel}","templated":true}]}}