{"id":162112,"date":"2024-11-05T10:50:05","date_gmt":"2024-11-05T10:50:05","guid":{"rendered":"http:\/\/italtools.com\/prodotto\/meche-a-percer-carbure-pour-trous-borgnes-queue-cylindrique-10x30mm\/"},"modified":"2025-01-08T22:37:10","modified_gmt":"2025-01-08T22:37:10","slug":"meche-a-percer-carbure-pour-trous-borgnes-queue-cylindrique-10x30mm","status":"publish","type":"product","link":"https:\/\/italtools.com\/fr\/product\/meche-a-percer-carbure-pour-trous-borgnes-queue-cylindrique-10x30mm\/","title":{"rendered":"M\u00e8che \u00e0 percer carbure pour trous borgnes queue cylindrique 10x30mm"},"content":{"rendered":"<p>M\u00e8che HM pour perceuses multi-broches pour trous borgnes<\/p>\n","protected":false},"excerpt":{"rendered":"<p>M\u00e8che HM pour perceuses multi-broches pour trous borgnes<\/p>\n","protected":false},"featured_media":172497,"comment_status":"closed","ping_status":"open","template":"","meta":{"_acf_changed":false},"materiale":[],"product_brand":[10391],"product_cat":[2804],"product_tag":[],"class_list":{"0":"post-162112","1":"product","2":"type-product","3":"status-publish","4":"has-post-thumbnail","6":"product_brand-italtools-fr","7":"product_cat-meches-carbure-pour-perceuses-multi-broches","8":"pa_d_undercase-10x30-3","9":"pa_d_uppercase-13-20-2","10":"pa_d_uppercase-14-18","11":"pa_d_uppercase-15-34","12":"pa_d_uppercase-4-32","13":"pa_d_uppercase-5-33","14":"pa_d_uppercase-6-27","15":"pa_d_uppercase-7-23","16":"pa_d_uppercase-8-29","17":"pa_d_uppercase-9-17-2","18":"pa_l1-70-2-3","19":"pa_l1-77-2","20":"pa_l2-30-4-2","21":"pa_rotation-droit","22":"pa_rotation-gauche","24":"first","25":"instock","26":"taxable","27":"shipping-taxable","28":"product-type-variable"},"acf":[],"_links":{"self":[{"href":"https:\/\/italtools.com\/fr\/wp-json\/wp\/v2\/product\/162112","targetHints":{"allow":["GET"]}}],"collection":[{"href":"https:\/\/italtools.com\/fr\/wp-json\/wp\/v2\/product"}],"about":[{"href":"https:\/\/italtools.com\/fr\/wp-json\/wp\/v2\/types\/product"}],"replies":[{"embeddable":true,"href":"https:\/\/italtools.com\/fr\/wp-json\/wp\/v2\/comments?post=162112"}],"wp:featuredmedia":[{"embeddable":true,"href":"https:\/\/italtools.com\/fr\/wp-json\/wp\/v2\/media\/172497"}],"wp:attachment":[{"href":"https:\/\/italtools.com\/fr\/wp-json\/wp\/v2\/media?parent=162112"}],"wp:term":[{"taxonomy":"materiale","embeddable":true,"href":"https:\/\/italtools.com\/fr\/wp-json\/wp\/v2\/materiale?post=162112"},{"taxonomy":"product_brand","embeddable":true,"href":"https:\/\/italtools.com\/fr\/wp-json\/wp\/v2\/product_brand?post=162112"},{"taxonomy":"product_cat","embeddable":true,"href":"https:\/\/italtools.com\/fr\/wp-json\/wp\/v2\/product_cat?post=162112"},{"taxonomy":"product_tag","embeddable":true,"href":"https:\/\/italtools.com\/fr\/wp-json\/wp\/v2\/product_tag?post=162112"}],"curies":[{"name":"wp","href":"https:\/\/api.w.org\/{rel}","templated":true}]}}