{"id":162085,"date":"2024-11-05T10:50:02","date_gmt":"2024-11-05T10:50:02","guid":{"rendered":"http:\/\/italtools.com\/prodotto\/meche-a-percer-carbure-pour-trous-borgnes-queue-cylindrique-10x27mm\/"},"modified":"2025-01-08T22:37:10","modified_gmt":"2025-01-08T22:37:10","slug":"meche-a-percer-carbure-pour-trous-borgnes-queue-cylindrique-10x27mm","status":"publish","type":"product","link":"https:\/\/italtools.com\/fr\/product\/meche-a-percer-carbure-pour-trous-borgnes-queue-cylindrique-10x27mm\/","title":{"rendered":"M\u00e8che \u00e0 percer carbure pour trous borgnes queue cylindrique 10x27mm"},"content":{"rendered":"<p>M\u00e8che HM pour perceuses multi-broches pour trous borgnes<\/p>\n","protected":false},"excerpt":{"rendered":"<p>M\u00e8che HM pour perceuses multi-broches pour trous borgnes<\/p>\n","protected":false},"featured_media":172493,"comment_status":"closed","ping_status":"open","template":"","meta":{"_acf_changed":false},"materiale":[],"product_brand":[10391],"product_cat":[2804],"product_tag":[],"class_list":{"0":"post-162085","1":"product","2":"type-product","3":"status-publish","4":"has-post-thumbnail","6":"product_brand-italtools-fr","7":"product_cat-meches-carbure-pour-perceuses-multi-broches","8":"pa_d_undercase-10x27-3","9":"pa_d_uppercase-13-20-2","10":"pa_d_uppercase-14-18","11":"pa_d_uppercase-15-34","12":"pa_d_uppercase-4-32","13":"pa_d_uppercase-6-27","14":"pa_d_uppercase-7-23","15":"pa_d_uppercase-8-29","16":"pa_d_uppercase-9-17-2","17":"pa_l1-57-5-3","18":"pa_l2-27-10","19":"pa_rotation-droit","20":"pa_rotation-gauche","22":"first","23":"instock","24":"taxable","25":"shipping-taxable","26":"product-type-variable"},"acf":[],"_links":{"self":[{"href":"https:\/\/italtools.com\/fr\/wp-json\/wp\/v2\/product\/162085","targetHints":{"allow":["GET"]}}],"collection":[{"href":"https:\/\/italtools.com\/fr\/wp-json\/wp\/v2\/product"}],"about":[{"href":"https:\/\/italtools.com\/fr\/wp-json\/wp\/v2\/types\/product"}],"replies":[{"embeddable":true,"href":"https:\/\/italtools.com\/fr\/wp-json\/wp\/v2\/comments?post=162085"}],"wp:featuredmedia":[{"embeddable":true,"href":"https:\/\/italtools.com\/fr\/wp-json\/wp\/v2\/media\/172493"}],"wp:attachment":[{"href":"https:\/\/italtools.com\/fr\/wp-json\/wp\/v2\/media?parent=162085"}],"wp:term":[{"taxonomy":"materiale","embeddable":true,"href":"https:\/\/italtools.com\/fr\/wp-json\/wp\/v2\/materiale?post=162085"},{"taxonomy":"product_brand","embeddable":true,"href":"https:\/\/italtools.com\/fr\/wp-json\/wp\/v2\/product_brand?post=162085"},{"taxonomy":"product_cat","embeddable":true,"href":"https:\/\/italtools.com\/fr\/wp-json\/wp\/v2\/product_cat?post=162085"},{"taxonomy":"product_tag","embeddable":true,"href":"https:\/\/italtools.com\/fr\/wp-json\/wp\/v2\/product_tag?post=162085"}],"curies":[{"name":"wp","href":"https:\/\/api.w.org\/{rel}","templated":true}]}}