{"id":162035,"date":"2024-11-05T10:49:58","date_gmt":"2024-11-05T10:49:58","guid":{"rendered":"http:\/\/italtools.com\/prodotto\/meche-carbure-haute-performance-pour-trous-debouchants\/"},"modified":"2025-01-08T22:38:48","modified_gmt":"2025-01-08T22:38:48","slug":"meche-carbure-haute-performance-pour-trous-debouchants","status":"publish","type":"product","link":"https:\/\/italtools.com\/fr\/product\/meche-carbure-haute-performance-pour-trous-debouchants\/","title":{"rendered":"M\u00e8che carbure haute performance pour trous d\u00e9bouchants"},"content":{"rendered":"<p>M\u00e8che pour trous d\u00e9bouchants pour perceuses multi-broches en carbure super micrograin de haute qualit\u00e9 \u00ab\u00a0DUROX\u00a0\u00bb<\/p>\n","protected":false},"excerpt":{"rendered":"<p>M\u00e8che pour trous d\u00e9bouchants pour perceuses multi-broches en carbure super micrograin de haute qualit\u00e9 \u00ab\u00a0DUROX\u00a0\u00bb<\/p>\n","protected":false},"featured_media":172473,"comment_status":"closed","ping_status":"open","template":"","meta":{"_acf_changed":false},"materiale":[],"product_brand":[10391],"product_cat":[2804],"product_tag":[],"class_list":{"0":"post-162035","1":"product","2":"type-product","3":"status-publish","4":"has-post-thumbnail","6":"product_brand-italtools-fr","7":"product_cat-meches-carbure-pour-perceuses-multi-broches","8":"pa_d_undercase-10x24-2","9":"pa_d_uppercase-10-19","10":"pa_d_uppercase-5-33","11":"pa_d_uppercase-6-27","12":"pa_d_uppercase-8-29","13":"pa_l1-57-5-3","14":"pa_l1-70-2-3","15":"pa_l2-30-4-2","16":"pa_l2-33-5","17":"pa_rotation-droit","18":"pa_rotation-gauche","20":"first","21":"instock","22":"taxable","23":"shipping-taxable","24":"product-type-variable"},"acf":[],"_links":{"self":[{"href":"https:\/\/italtools.com\/fr\/wp-json\/wp\/v2\/product\/162035","targetHints":{"allow":["GET"]}}],"collection":[{"href":"https:\/\/italtools.com\/fr\/wp-json\/wp\/v2\/product"}],"about":[{"href":"https:\/\/italtools.com\/fr\/wp-json\/wp\/v2\/types\/product"}],"replies":[{"embeddable":true,"href":"https:\/\/italtools.com\/fr\/wp-json\/wp\/v2\/comments?post=162035"}],"wp:featuredmedia":[{"embeddable":true,"href":"https:\/\/italtools.com\/fr\/wp-json\/wp\/v2\/media\/172473"}],"wp:attachment":[{"href":"https:\/\/italtools.com\/fr\/wp-json\/wp\/v2\/media?parent=162035"}],"wp:term":[{"taxonomy":"materiale","embeddable":true,"href":"https:\/\/italtools.com\/fr\/wp-json\/wp\/v2\/materiale?post=162035"},{"taxonomy":"product_brand","embeddable":true,"href":"https:\/\/italtools.com\/fr\/wp-json\/wp\/v2\/product_brand?post=162035"},{"taxonomy":"product_cat","embeddable":true,"href":"https:\/\/italtools.com\/fr\/wp-json\/wp\/v2\/product_cat?post=162035"},{"taxonomy":"product_tag","embeddable":true,"href":"https:\/\/italtools.com\/fr\/wp-json\/wp\/v2\/product_tag?post=162035"}],"curies":[{"name":"wp","href":"https:\/\/api.w.org\/{rel}","templated":true}]}}