{"id":162014,"date":"2024-11-05T10:49:56","date_gmt":"2024-11-05T10:49:56","guid":{"rendered":"http:\/\/italtools.com\/prodotto\/meche-carbure-haute-performance-pour-trous-borgnes\/"},"modified":"2025-07-02T09:20:49","modified_gmt":"2025-07-02T09:20:49","slug":"meche-carbure-haute-performance-pour-trous-borgnes","status":"publish","type":"product","link":"https:\/\/italtools.com\/fr\/product\/meche-carbure-haute-performance-pour-trous-borgnes\/","title":{"rendered":"M\u00e8che carbure haute performance pour trous borgnes avec queue 10&#215;27 mm"},"content":{"rendered":"<p>M\u00e8che pour trous borgnes pour perceuses multi-broches en carbure super micrograin de haute qualit\u00e9 &lsquo;DUROX&rsquo;<\/p>\n","protected":false},"excerpt":{"rendered":"<p>M\u00e8che pour trous borgnes pour perceuses multi-broches en carbure super micrograin de haute qualit\u00e9 &lsquo;DUROX&rsquo;<\/p>\n","protected":false},"featured_media":172469,"comment_status":"closed","ping_status":"closed","template":"","meta":{"_acf_changed":false},"materiale":[],"product_brand":[10391],"product_cat":[2804],"product_tag":[],"class_list":{"0":"post-162014","1":"product","2":"type-product","3":"status-publish","4":"has-post-thumbnail","6":"product_brand-italtools-fr","7":"product_cat-meches-carbure-pour-perceuses-multi-broches","8":"pa_d_undercase-10x27-3","9":"pa_d_undercase-10x30-3","10":"pa_d_uppercase-10-19","11":"pa_d_uppercase-5-33","12":"pa_d_uppercase-6-27","13":"pa_d_uppercase-8-29","14":"pa_l1-57-5-3","15":"pa_l1-70-2-3","16":"pa_l2-30-4-2","17":"pa_l2-33-5","18":"pa_rotation-droit","19":"pa_rotation-gauche","21":"first","22":"instock","23":"taxable","24":"shipping-taxable","25":"purchasable","26":"product-type-variable"},"acf":[],"_links":{"self":[{"href":"https:\/\/italtools.com\/fr\/wp-json\/wp\/v2\/product\/162014","targetHints":{"allow":["GET"]}}],"collection":[{"href":"https:\/\/italtools.com\/fr\/wp-json\/wp\/v2\/product"}],"about":[{"href":"https:\/\/italtools.com\/fr\/wp-json\/wp\/v2\/types\/product"}],"replies":[{"embeddable":true,"href":"https:\/\/italtools.com\/fr\/wp-json\/wp\/v2\/comments?post=162014"}],"wp:featuredmedia":[{"embeddable":true,"href":"https:\/\/italtools.com\/fr\/wp-json\/wp\/v2\/media\/172469"}],"wp:attachment":[{"href":"https:\/\/italtools.com\/fr\/wp-json\/wp\/v2\/media?parent=162014"}],"wp:term":[{"taxonomy":"materiale","embeddable":true,"href":"https:\/\/italtools.com\/fr\/wp-json\/wp\/v2\/materiale?post=162014"},{"taxonomy":"product_brand","embeddable":true,"href":"https:\/\/italtools.com\/fr\/wp-json\/wp\/v2\/product_brand?post=162014"},{"taxonomy":"product_cat","embeddable":true,"href":"https:\/\/italtools.com\/fr\/wp-json\/wp\/v2\/product_cat?post=162014"},{"taxonomy":"product_tag","embeddable":true,"href":"https:\/\/italtools.com\/fr\/wp-json\/wp\/v2\/product_tag?post=162014"}],"curies":[{"name":"wp","href":"https:\/\/api.w.org\/{rel}","templated":true}]}}