{"id":161981,"date":"2024-11-05T10:49:52","date_gmt":"2024-11-05T10:49:52","guid":{"rendered":"http:\/\/italtools.com\/prodotto\/meche-diamant-a-percer-pour-trous-evases\/"},"modified":"2025-01-08T22:39:00","modified_gmt":"2025-01-08T22:39:00","slug":"meche-diamant-a-percer-pour-trous-evases","status":"publish","type":"product","link":"https:\/\/italtools.com\/fr\/product\/meche-diamant-a-percer-pour-trous-evases\/","title":{"rendered":"M\u00e8che diamant \u00e0 percer pour trous \u00e9vas\u00e9s"},"content":{"rendered":"<p>M&egrave;che diamant &agrave; percer Z=2+2, indiqu&eacute;e pour effectuer des trous &eacute;vas&eacute;s sur des panneaux de particules, plaqu&eacute;s, lamin&eacute;s et sur des panneaux M.D.F.<\/p>\n","protected":false},"excerpt":{"rendered":"<p>M&egrave;che diamant &agrave; percer Z=2+2, indiqu&eacute;e pour effectuer des trous &eacute;vas&eacute;s sur des panneaux de particules, plaqu&eacute;s, lamin&eacute;s et sur des panneaux M.D.F.<\/p>\n","protected":false},"featured_media":172461,"comment_status":"closed","ping_status":"open","template":"","meta":{"_acf_changed":false},"materiale":[],"product_brand":[10391],"product_cat":[9340],"product_tag":[],"class_list":{"0":"post-161981","1":"product","2":"type-product","3":"status-publish","4":"has-post-thumbnail","6":"product_brand-italtools-fr","7":"product_cat-meches-diamant-pour-perceuses-multibrioches-fr","8":"pa_d_undercase-10-2-3","9":"pa_d_undercase-107-3","10":"pa_d_uppercase-10-19","11":"pa_d_uppercase-107-9","12":"pa_d_uppercase-8-29","13":"pa_l1-57-5-3","14":"pa_l1-70-2-3","15":"pa_l2-12-20","16":"pa_l2-13-12","17":"pa_l2-15-14","18":"pa_l2-20-18","19":"pa_l3-15-20","20":"pa_rotation-droit","21":"pa_rotation-gauche","22":"pa_z-22-3","24":"first","25":"instock","26":"taxable","27":"shipping-taxable","28":"product-type-variable"},"acf":[],"_links":{"self":[{"href":"https:\/\/italtools.com\/fr\/wp-json\/wp\/v2\/product\/161981","targetHints":{"allow":["GET"]}}],"collection":[{"href":"https:\/\/italtools.com\/fr\/wp-json\/wp\/v2\/product"}],"about":[{"href":"https:\/\/italtools.com\/fr\/wp-json\/wp\/v2\/types\/product"}],"replies":[{"embeddable":true,"href":"https:\/\/italtools.com\/fr\/wp-json\/wp\/v2\/comments?post=161981"}],"wp:featuredmedia":[{"embeddable":true,"href":"https:\/\/italtools.com\/fr\/wp-json\/wp\/v2\/media\/172461"}],"wp:attachment":[{"href":"https:\/\/italtools.com\/fr\/wp-json\/wp\/v2\/media?parent=161981"}],"wp:term":[{"taxonomy":"materiale","embeddable":true,"href":"https:\/\/italtools.com\/fr\/wp-json\/wp\/v2\/materiale?post=161981"},{"taxonomy":"product_brand","embeddable":true,"href":"https:\/\/italtools.com\/fr\/wp-json\/wp\/v2\/product_brand?post=161981"},{"taxonomy":"product_cat","embeddable":true,"href":"https:\/\/italtools.com\/fr\/wp-json\/wp\/v2\/product_cat?post=161981"},{"taxonomy":"product_tag","embeddable":true,"href":"https:\/\/italtools.com\/fr\/wp-json\/wp\/v2\/product_tag?post=161981"}],"curies":[{"name":"wp","href":"https:\/\/api.w.org\/{rel}","templated":true}]}}