{"id":161871,"date":"2024-11-05T10:49:42","date_gmt":"2024-11-05T10:49:42","guid":{"rendered":"http:\/\/italtools.com\/prodotto\/meche-diamant-a-percer-double-diametre\/"},"modified":"2025-01-08T22:38:59","modified_gmt":"2025-01-08T22:38:59","slug":"meche-diamant-a-percer-double-diametre","status":"publish","type":"product","link":"https:\/\/italtools.com\/fr\/product\/meche-diamant-a-percer-double-diametre\/","title":{"rendered":"M\u00e8che diamant \u00e0 percer double diam\u00e8tre"},"content":{"rendered":"<p>M\u00e8che diamant aff\u00fbtable \u00e0 percer Z= 2+2+2, pour effectuer des doubles trous sur des panneaux de particules, rev\u00eatus et sur des panneaux M.D.F, excellente finition.<\/p>\n","protected":false},"excerpt":{"rendered":"<p>M\u00e8che diamant aff\u00fbtable \u00e0 percer Z= 2+2+2, pour effectuer des doubles trous sur des panneaux de particules, rev\u00eatus et sur des panneaux M.D.F, excellente finition.<\/p>\n","protected":false},"featured_media":172428,"comment_status":"closed","ping_status":"closed","template":"","meta":{"_acf_changed":false},"materiale":[6713,6704],"product_brand":[10391],"product_cat":[9340],"product_tag":[],"class_list":{"0":"post-161871","1":"product","2":"type-product","3":"status-publish","4":"has-post-thumbnail","6":"materiale-mdf-fr","7":"materiale-panneau-lamine-colle","8":"product_brand-italtools-fr","9":"product_cat-meches-diamant-pour-perceuses-multibrioches-fr","10":"pa_d_undercase-10-2-3","11":"pa_d1-8-5-9","12":"pa_d2_uppercase-15-32","13":"pa_d2_uppercase-20-43","14":"pa_d2_uppercase-24-10","15":"pa_d2_uppercase-25-37","16":"pa_l1-70-2-3","17":"pa_l2-25-10","18":"pa_l2-30-4-2","19":"pa_l3-25-23","20":"pa_rotation-droit","21":"pa_rotation-gauche","23":"first","24":"instock","25":"taxable","26":"shipping-taxable","27":"purchasable","28":"product-type-variable"},"acf":[],"_links":{"self":[{"href":"https:\/\/italtools.com\/fr\/wp-json\/wp\/v2\/product\/161871","targetHints":{"allow":["GET"]}}],"collection":[{"href":"https:\/\/italtools.com\/fr\/wp-json\/wp\/v2\/product"}],"about":[{"href":"https:\/\/italtools.com\/fr\/wp-json\/wp\/v2\/types\/product"}],"replies":[{"embeddable":true,"href":"https:\/\/italtools.com\/fr\/wp-json\/wp\/v2\/comments?post=161871"}],"wp:featuredmedia":[{"embeddable":true,"href":"https:\/\/italtools.com\/fr\/wp-json\/wp\/v2\/media\/172428"}],"wp:attachment":[{"href":"https:\/\/italtools.com\/fr\/wp-json\/wp\/v2\/media?parent=161871"}],"wp:term":[{"taxonomy":"materiale","embeddable":true,"href":"https:\/\/italtools.com\/fr\/wp-json\/wp\/v2\/materiale?post=161871"},{"taxonomy":"product_brand","embeddable":true,"href":"https:\/\/italtools.com\/fr\/wp-json\/wp\/v2\/product_brand?post=161871"},{"taxonomy":"product_cat","embeddable":true,"href":"https:\/\/italtools.com\/fr\/wp-json\/wp\/v2\/product_cat?post=161871"},{"taxonomy":"product_tag","embeddable":true,"href":"https:\/\/italtools.com\/fr\/wp-json\/wp\/v2\/product_tag?post=161871"}],"curies":[{"name":"wp","href":"https:\/\/api.w.org\/{rel}","templated":true}]}}