{"id":161697,"date":"2024-11-05T10:49:15","date_gmt":"2024-11-05T10:49:15","guid":{"rendered":"http:\/\/italtools.com\/prodotto\/fraise-a-rainurer-droites\/"},"modified":"2025-01-08T22:34:27","modified_gmt":"2025-01-08T22:34:27","slug":"fraise-a-rainurer-droites","status":"publish","type":"product","link":"https:\/\/italtools.com\/fr\/product\/fraise-a-rainurer-droites\/","title":{"rendered":"Fraise \u00e0 rainurer droites"},"content":{"rendered":"<p>Fraise \u00e0 d\u00e9foncer<\/p>\n","protected":false},"excerpt":{"rendered":"<p>Fraise \u00e0 d\u00e9foncer<\/p>\n","protected":false},"featured_media":172321,"comment_status":"closed","ping_status":"open","template":"","meta":{"_acf_changed":false},"materiale":[],"product_brand":[10391],"product_cat":[2802],"product_tag":[],"class_list":{"0":"post-161697","1":"product","2":"type-product","3":"status-publish","4":"has-post-thumbnail","6":"product_brand-italtools-fr","7":"product_cat-fraises-carbure-pour-machines-portables","8":"pa_d_undercase-6-8-3","9":"pa_d_uppercase-14-18","10":"pa_d_uppercase-18-17","11":"pa_d_uppercase-20-40","12":"pa_d_uppercase-3-33","13":"pa_d_uppercase-4-32","14":"pa_d_uppercase-5-33","15":"pa_d_uppercase-6-27","16":"pa_d_uppercase-8-29","17":"pa_l1-50-15","18":"pa_l2-10-4","19":"pa_l2-12-20","20":"pa_l2-15-14","21":"pa_l2-18-4","22":"pa_l2-20-18","24":"first","25":"instock","26":"taxable","27":"shipping-taxable","28":"product-type-variable"},"acf":[],"_links":{"self":[{"href":"https:\/\/italtools.com\/fr\/wp-json\/wp\/v2\/product\/161697","targetHints":{"allow":["GET"]}}],"collection":[{"href":"https:\/\/italtools.com\/fr\/wp-json\/wp\/v2\/product"}],"about":[{"href":"https:\/\/italtools.com\/fr\/wp-json\/wp\/v2\/types\/product"}],"replies":[{"embeddable":true,"href":"https:\/\/italtools.com\/fr\/wp-json\/wp\/v2\/comments?post=161697"}],"wp:featuredmedia":[{"embeddable":true,"href":"https:\/\/italtools.com\/fr\/wp-json\/wp\/v2\/media\/172321"}],"wp:attachment":[{"href":"https:\/\/italtools.com\/fr\/wp-json\/wp\/v2\/media?parent=161697"}],"wp:term":[{"taxonomy":"materiale","embeddable":true,"href":"https:\/\/italtools.com\/fr\/wp-json\/wp\/v2\/materiale?post=161697"},{"taxonomy":"product_brand","embeddable":true,"href":"https:\/\/italtools.com\/fr\/wp-json\/wp\/v2\/product_brand?post=161697"},{"taxonomy":"product_cat","embeddable":true,"href":"https:\/\/italtools.com\/fr\/wp-json\/wp\/v2\/product_cat?post=161697"},{"taxonomy":"product_tag","embeddable":true,"href":"https:\/\/italtools.com\/fr\/wp-json\/wp\/v2\/product_tag?post=161697"}],"curies":[{"name":"wp","href":"https:\/\/api.w.org\/{rel}","templated":true}]}}