{"id":161649,"date":"2024-11-05T10:49:08","date_gmt":"2024-11-05T10:49:08","guid":{"rendered":"http:\/\/italtools.com\/prodotto\/adaptateur-de-percage-pour-meche-a-faconner-sur-machines-alberti-vitap-busellato\/"},"modified":"2025-02-21T19:22:43","modified_gmt":"2025-02-21T19:22:43","slug":"adaptateur-de-percage-pour-meche-a-faconner-sur-machines-alberti-vitap-busellato","status":"publish","type":"product","link":"https:\/\/italtools.com\/fr\/product\/adaptateur-de-percage-pour-meche-a-faconner-sur-machines-alberti-vitap-busellato\/","title":{"rendered":"Adaptateur de per\u00e7age pour m\u00e8che \u00e0 fa\u00e7onner sur machines Alberti, Vitap, Busellato"},"content":{"rendered":"<p>Adaptateur de per\u00e7age pour M\u00e8che \u00e0 fa\u00e7onner sur machines Alberti, Vitap, Busellato\u00a0<\/p>\n","protected":false},"excerpt":{"rendered":"<p>Adaptateur de per\u00e7age pour M\u00e8che \u00e0 fa\u00e7onner sur machines Alberti, Vitap, Busellato\u00a0<\/p>\n","protected":false},"featured_media":172313,"comment_status":"closed","ping_status":"open","template":"","meta":{"_acf_changed":false},"materiale":[],"product_brand":[10391],"product_cat":[2800],"product_tag":[],"class_list":{"0":"post-161649","1":"product","2":"type-product","3":"status-publish","4":"has-post-thumbnail","6":"product_brand-italtools-fr","7":"product_cat-mandrins-pour-meches","8":"pa_d_undercase-m10-2","9":"pa_l2-15-14","10":"pa_l2-20-18","11":"pa_l2-25-10","12":"pa_rotation-droit","13":"pa_rotation-gauche","15":"first","16":"instock","17":"taxable","18":"shipping-taxable","19":"product-type-variable"},"acf":[],"_links":{"self":[{"href":"https:\/\/italtools.com\/fr\/wp-json\/wp\/v2\/product\/161649","targetHints":{"allow":["GET"]}}],"collection":[{"href":"https:\/\/italtools.com\/fr\/wp-json\/wp\/v2\/product"}],"about":[{"href":"https:\/\/italtools.com\/fr\/wp-json\/wp\/v2\/types\/product"}],"replies":[{"embeddable":true,"href":"https:\/\/italtools.com\/fr\/wp-json\/wp\/v2\/comments?post=161649"}],"wp:featuredmedia":[{"embeddable":true,"href":"https:\/\/italtools.com\/fr\/wp-json\/wp\/v2\/media\/172313"}],"wp:attachment":[{"href":"https:\/\/italtools.com\/fr\/wp-json\/wp\/v2\/media?parent=161649"}],"wp:term":[{"taxonomy":"materiale","embeddable":true,"href":"https:\/\/italtools.com\/fr\/wp-json\/wp\/v2\/materiale?post=161649"},{"taxonomy":"product_brand","embeddable":true,"href":"https:\/\/italtools.com\/fr\/wp-json\/wp\/v2\/product_brand?post=161649"},{"taxonomy":"product_cat","embeddable":true,"href":"https:\/\/italtools.com\/fr\/wp-json\/wp\/v2\/product_cat?post=161649"},{"taxonomy":"product_tag","embeddable":true,"href":"https:\/\/italtools.com\/fr\/wp-json\/wp\/v2\/product_tag?post=161649"}],"curies":[{"name":"wp","href":"https:\/\/api.w.org\/{rel}","templated":true}]}}