{"id":161620,"date":"2024-11-05T10:49:05","date_gmt":"2024-11-05T10:49:05","guid":{"rendered":"http:\/\/italtools.com\/prodotto\/adaptateur-de-percage-pour-meche-a-faconner\/"},"modified":"2025-02-21T19:22:42","modified_gmt":"2025-02-21T19:22:42","slug":"adaptateur-de-percage-pour-meche-a-faconner","status":"publish","type":"product","link":"https:\/\/italtools.com\/fr\/product\/adaptateur-de-percage-pour-meche-a-faconner\/","title":{"rendered":"Adaptateur de per\u00e7age pour m\u00e8che \u00e0 fa\u00e7onner"},"content":{"rendered":"<p>Adaptateur de per\u00e7age pour m\u00e8che \u00e0 fa\u00e7onner<\/p>\n","protected":false},"excerpt":{"rendered":"<p>Adaptateur de per\u00e7age pour m\u00e8che \u00e0 fa\u00e7onner<\/p>\n","protected":false},"featured_media":172293,"comment_status":"closed","ping_status":"open","template":"","meta":{"_acf_changed":false},"materiale":[],"product_brand":[10391],"product_cat":[2800],"product_tag":[],"class_list":{"0":"post-161620","1":"product","2":"type-product","3":"status-publish","4":"has-post-thumbnail","6":"product_brand-italtools-fr","7":"product_cat-mandrins-pour-meches","8":"pa_d_undercase-m10-2","9":"pa_d_uppercase-m12x1-3","10":"pa_l1-48-9","11":"pa_l1-58-8","12":"pa_l1-68-7","13":"pa_l2-25-10","14":"pa_l2-30-4-2","15":"pa_l2-45-4","16":"pa_rotation-droit","17":"pa_rotation-gauche","19":"first","20":"instock","21":"taxable","22":"shipping-taxable","23":"product-type-variable"},"acf":[],"_links":{"self":[{"href":"https:\/\/italtools.com\/fr\/wp-json\/wp\/v2\/product\/161620","targetHints":{"allow":["GET"]}}],"collection":[{"href":"https:\/\/italtools.com\/fr\/wp-json\/wp\/v2\/product"}],"about":[{"href":"https:\/\/italtools.com\/fr\/wp-json\/wp\/v2\/types\/product"}],"replies":[{"embeddable":true,"href":"https:\/\/italtools.com\/fr\/wp-json\/wp\/v2\/comments?post=161620"}],"wp:featuredmedia":[{"embeddable":true,"href":"https:\/\/italtools.com\/fr\/wp-json\/wp\/v2\/media\/172293"}],"wp:attachment":[{"href":"https:\/\/italtools.com\/fr\/wp-json\/wp\/v2\/media?parent=161620"}],"wp:term":[{"taxonomy":"materiale","embeddable":true,"href":"https:\/\/italtools.com\/fr\/wp-json\/wp\/v2\/materiale?post=161620"},{"taxonomy":"product_brand","embeddable":true,"href":"https:\/\/italtools.com\/fr\/wp-json\/wp\/v2\/product_brand?post=161620"},{"taxonomy":"product_cat","embeddable":true,"href":"https:\/\/italtools.com\/fr\/wp-json\/wp\/v2\/product_cat?post=161620"},{"taxonomy":"product_tag","embeddable":true,"href":"https:\/\/italtools.com\/fr\/wp-json\/wp\/v2\/product_tag?post=161620"}],"curies":[{"name":"wp","href":"https:\/\/api.w.org\/{rel}","templated":true}]}}