{"id":161153,"date":"2024-11-05T10:48:14","date_gmt":"2024-11-05T10:48:14","guid":{"rendered":"http:\/\/italtools.com\/prodotto\/lame-diamant-pour-scies-circulaire-a-format\/"},"modified":"2025-01-08T22:36:13","modified_gmt":"2025-01-08T22:36:13","slug":"lame-diamant-pour-scies-circulaire-a-format","status":"publish","type":"product","link":"https:\/\/italtools.com\/fr\/product\/lame-diamant-pour-scies-circulaire-a-format\/","title":{"rendered":"Lame diamant pour scies circulaire \u00e0 format"},"content":{"rendered":"<p>Lame diamant pour scies circulaire \u00e0 format. Pour une tr\u00e8s haute qualit\u00e9 de d\u00e9bit,\u00a0unitaire ou par paquet, dans les\u00a0panneaux de particules, MDF ou autres\u00a0mat\u00e9riaux,rev\u00eatus deux faces de mati\u00e8re\u00a0plastique (KF) et m\u00e9lamine (HPL, CPL, DPL).<\/p>\n","protected":false},"excerpt":{"rendered":"<p>Lame diamant pour scies circulaire \u00e0 format. Pour une tr\u00e8s haute qualit\u00e9 de d\u00e9bit,\u00a0unitaire ou par paquet, dans les\u00a0panneaux de particules, MDF ou autres\u00a0mat\u00e9riaux,rev\u00eatus deux faces de mati\u00e8re\u00a0plastique (KF) et m\u00e9lamine (HPL, CPL, DPL).<\/p>\n","protected":false},"featured_media":180053,"comment_status":"closed","ping_status":"closed","template":"","meta":{"_acf_changed":false},"materiale":[6707,6701,6713,6725,6704,6716],"product_brand":[10391],"product_cat":[2791],"product_tag":[],"class_list":{"0":"post-161153","1":"product","2":"type-product","3":"status-publish","4":"has-post-thumbnail","6":"materiale-bois-dur","7":"materiale-bois-plaque","8":"materiale-mdf-fr","9":"materiale-panneau-en-particules-de-bois","10":"materiale-panneau-lamine-colle","11":"materiale-panneau-melamine","12":"product_brand-italtools-fr","13":"product_cat-lames-circulaires-diamant-pour-scies-a-panneaux","14":"pa_b_undercase-3-3","15":"pa_b_undercase-3-2-4","16":"pa_b_undercase-3-5-2","17":"pa_d_undercase-30-10","18":"pa_d_undercase-50-9","19":"pa_d_undercase-60-20","20":"pa_d_undercase-65-12","21":"pa_d_undercase-75-7","22":"pa_d_undercase-80-12","23":"pa_d_uppercase-300-7","24":"pa_d_uppercase-320-3","25":"pa_d_uppercase-350-6","26":"pa_d_uppercase-360-3","27":"pa_d_uppercase-380-3","28":"pa_d_uppercase-400-6","29":"pa_d_uppercase-420-3","30":"pa_ph-828-4","31":"pa_ph-1-17","32":"pa_ph-2-26","33":"pa_ph-3-21","34":"pa_ph-4-24","35":"pa_ph-5-27","36":"pa_ph-selco-2","37":"pa_z-48-7","38":"pa_z-54-3","39":"pa_z-60-12","40":"pa_z-72-7","41":"pa_z-84-3","43":"first","44":"instock","45":"taxable","46":"shipping-taxable","47":"product-type-variable"},"acf":[],"_links":{"self":[{"href":"https:\/\/italtools.com\/fr\/wp-json\/wp\/v2\/product\/161153","targetHints":{"allow":["GET"]}}],"collection":[{"href":"https:\/\/italtools.com\/fr\/wp-json\/wp\/v2\/product"}],"about":[{"href":"https:\/\/italtools.com\/fr\/wp-json\/wp\/v2\/types\/product"}],"replies":[{"embeddable":true,"href":"https:\/\/italtools.com\/fr\/wp-json\/wp\/v2\/comments?post=161153"}],"wp:featuredmedia":[{"embeddable":true,"href":"https:\/\/italtools.com\/fr\/wp-json\/wp\/v2\/media\/180053"}],"wp:attachment":[{"href":"https:\/\/italtools.com\/fr\/wp-json\/wp\/v2\/media?parent=161153"}],"wp:term":[{"taxonomy":"materiale","embeddable":true,"href":"https:\/\/italtools.com\/fr\/wp-json\/wp\/v2\/materiale?post=161153"},{"taxonomy":"product_brand","embeddable":true,"href":"https:\/\/italtools.com\/fr\/wp-json\/wp\/v2\/product_brand?post=161153"},{"taxonomy":"product_cat","embeddable":true,"href":"https:\/\/italtools.com\/fr\/wp-json\/wp\/v2\/product_cat?post=161153"},{"taxonomy":"product_tag","embeddable":true,"href":"https:\/\/italtools.com\/fr\/wp-json\/wp\/v2\/product_tag?post=161153"}],"curies":[{"name":"wp","href":"https:\/\/api.w.org\/{rel}","templated":true}]}}