{"id":161105,"date":"2024-11-05T10:48:07","date_gmt":"2024-11-05T10:48:07","guid":{"rendered":"http:\/\/italtools.com\/prodotto\/inciseur-carbure-pour-scies-a-panneaux-et-plaqueuses-de-chants-avec-denture-unilateralement-alternee\/"},"modified":"2025-01-08T22:35:49","modified_gmt":"2025-01-08T22:35:49","slug":"inciseur-carbure-pour-scies-a-panneaux-et-plaqueuses-de-chants-avec-denture-unilateralement-alternee","status":"publish","type":"product","link":"https:\/\/italtools.com\/fr\/product\/inciseur-carbure-pour-scies-a-panneaux-et-plaqueuses-de-chants-avec-denture-unilateralement-alternee\/","title":{"rendered":"Inciseur carbure pour scies \u00e0 panneaux et plaqueuses de chants avec denture unilat\u00e9ralement altern\u00e9e"},"content":{"rendered":"<p>Inciseur carbure pour scies \u00e0 panneaux et plaqueuses de chants avec denture unilat\u00e9ralement altern\u00e9e<\/p>\n","protected":false},"excerpt":{"rendered":"<p>Inciseur carbure pour scies \u00e0 panneaux et plaqueuses de chants avec denture unilat\u00e9ralement altern\u00e9e<\/p>\n","protected":false},"featured_media":172181,"comment_status":"closed","ping_status":"closed","template":"","meta":{"_acf_changed":false},"materiale":[],"product_brand":[10391],"product_cat":[2789],"product_tag":[],"class_list":{"0":"post-161105","1":"product","2":"type-product","3":"status-publish","4":"has-post-thumbnail","6":"product_brand-italtools-fr","7":"product_cat-inciseurs-carbure-pour-plaqueueses-a-chants","8":"pa_b_uppercase-32-16","9":"pa_d_undercase-20-8","10":"pa_d_undercase-22-10","11":"pa_d_undercase-30-10","12":"pa_d_undercase-55-17","13":"pa_d_undercase-60-20","14":"pa_d_undercase-65-12","15":"pa_d_uppercase-100-5","16":"pa_d_uppercase-125-fr","17":"pa_d_uppercase-150-10","18":"pa_d_uppercase-160-9","19":"pa_d_uppercase-170-10","20":"pa_d_uppercase-180-13","21":"pa_d_uppercase-200-13","22":"pa_ph-828-4","23":"pa_ph-2-6-4","24":"pa_ph-6-7-90-3","25":"pa_rotation-droit","26":"pa_rotation-gauche","27":"pa_z-20-15","28":"pa_z-30-16","29":"pa_z-36-3","30":"pa_z-48-7","32":"first","33":"instock","34":"taxable","35":"shipping-taxable","36":"purchasable","37":"product-type-variable"},"acf":[],"_links":{"self":[{"href":"https:\/\/italtools.com\/fr\/wp-json\/wp\/v2\/product\/161105","targetHints":{"allow":["GET"]}}],"collection":[{"href":"https:\/\/italtools.com\/fr\/wp-json\/wp\/v2\/product"}],"about":[{"href":"https:\/\/italtools.com\/fr\/wp-json\/wp\/v2\/types\/product"}],"replies":[{"embeddable":true,"href":"https:\/\/italtools.com\/fr\/wp-json\/wp\/v2\/comments?post=161105"}],"wp:featuredmedia":[{"embeddable":true,"href":"https:\/\/italtools.com\/fr\/wp-json\/wp\/v2\/media\/172181"}],"wp:attachment":[{"href":"https:\/\/italtools.com\/fr\/wp-json\/wp\/v2\/media?parent=161105"}],"wp:term":[{"taxonomy":"materiale","embeddable":true,"href":"https:\/\/italtools.com\/fr\/wp-json\/wp\/v2\/materiale?post=161105"},{"taxonomy":"product_brand","embeddable":true,"href":"https:\/\/italtools.com\/fr\/wp-json\/wp\/v2\/product_brand?post=161105"},{"taxonomy":"product_cat","embeddable":true,"href":"https:\/\/italtools.com\/fr\/wp-json\/wp\/v2\/product_cat?post=161105"},{"taxonomy":"product_tag","embeddable":true,"href":"https:\/\/italtools.com\/fr\/wp-json\/wp\/v2\/product_tag?post=161105"}],"curies":[{"name":"wp","href":"https:\/\/api.w.org\/{rel}","templated":true}]}}