{"id":161041,"date":"2024-11-05T10:47:59","date_gmt":"2024-11-05T10:47:59","guid":{"rendered":"http:\/\/italtools.com\/prodotto\/fraise-helicoidale-a-raboter\/"},"modified":"2025-01-08T22:35:00","modified_gmt":"2025-01-08T22:35:00","slug":"fraise-helicoidale-a-raboter","status":"publish","type":"product","link":"https:\/\/italtools.com\/fr\/product\/fraise-helicoidale-a-raboter\/","title":{"rendered":"Fraise h\u00e9lico\u00efdale \u00e0 raboter"},"content":{"rendered":"<p>Fraise h\u00e9lico\u00efdale \u00e0 raboter<\/p>\n","protected":false},"excerpt":{"rendered":"<p>Fraise h\u00e9lico\u00efdale \u00e0 raboter<\/p>\n","protected":false},"featured_media":397128,"comment_status":"closed","ping_status":"closed","template":"","meta":{"_acf_changed":false},"materiale":[],"product_brand":[10391],"product_cat":[2788],"product_tag":[],"class_list":{"0":"post-161041","1":"product","2":"type-product","3":"status-publish","4":"has-post-thumbnail","6":"product_brand-italtools-fr","7":"product_cat-fraises-carbure-pour-raboter","8":"pa_b_uppercase-10469","9":"pa_b_uppercase-10535","10":"pa_b_uppercase-10475","11":"pa_b_uppercase-10541","12":"pa_b_uppercase-10478","13":"pa_b_uppercase-10550","14":"pa_d_uppercase-125-fr","15":"pa_d_uppercase-140-12","16":"pa_z-12-16","18":"first","19":"instock","20":"taxable","21":"shipping-taxable","22":"purchasable","23":"product-type-variable"},"acf":[],"_links":{"self":[{"href":"https:\/\/italtools.com\/fr\/wp-json\/wp\/v2\/product\/161041","targetHints":{"allow":["GET"]}}],"collection":[{"href":"https:\/\/italtools.com\/fr\/wp-json\/wp\/v2\/product"}],"about":[{"href":"https:\/\/italtools.com\/fr\/wp-json\/wp\/v2\/types\/product"}],"replies":[{"embeddable":true,"href":"https:\/\/italtools.com\/fr\/wp-json\/wp\/v2\/comments?post=161041"}],"wp:featuredmedia":[{"embeddable":true,"href":"https:\/\/italtools.com\/fr\/wp-json\/wp\/v2\/media\/397128"}],"wp:attachment":[{"href":"https:\/\/italtools.com\/fr\/wp-json\/wp\/v2\/media?parent=161041"}],"wp:term":[{"taxonomy":"materiale","embeddable":true,"href":"https:\/\/italtools.com\/fr\/wp-json\/wp\/v2\/materiale?post=161041"},{"taxonomy":"product_brand","embeddable":true,"href":"https:\/\/italtools.com\/fr\/wp-json\/wp\/v2\/product_brand?post=161041"},{"taxonomy":"product_cat","embeddable":true,"href":"https:\/\/italtools.com\/fr\/wp-json\/wp\/v2\/product_cat?post=161041"},{"taxonomy":"product_tag","embeddable":true,"href":"https:\/\/italtools.com\/fr\/wp-json\/wp\/v2\/product_tag?post=161041"}],"curies":[{"name":"wp","href":"https:\/\/api.w.org\/{rel}","templated":true}]}}