{"id":160974,"date":"2024-11-05T10:47:53","date_gmt":"2024-11-05T10:47:53","guid":{"rendered":"http:\/\/italtools.com\/prodotto\/inciseur-diamant-a-denture-conique\/"},"modified":"2025-01-08T22:35:49","modified_gmt":"2025-01-08T22:35:49","slug":"inciseur-diamant-a-denture-conique","status":"publish","type":"product","link":"https:\/\/italtools.com\/fr\/product\/inciseur-diamant-a-denture-conique\/","title":{"rendered":"Inciseur diamant \u00e0 denture conique"},"content":{"rendered":"<p>Inciseur diamant \u00e0 denture conique. Pour incision dans les panneaux \u00e0\u00a0particules, MDF ou autres mat\u00e9riaux,\u00a0rev\u00eatus. A utiliser sur scies circulaires de mise \u00e0\u00a0format ainsi que sur scies \u00e0 panneaux\u00a0verticales et horizontales.<\/p>\n","protected":false},"excerpt":{"rendered":"<p>Inciseur diamant \u00e0 denture conique. Pour incision dans les panneaux \u00e0\u00a0particules, MDF ou autres mat\u00e9riaux,\u00a0rev\u00eatus. A utiliser sur scies circulaires de mise \u00e0\u00a0format ainsi que sur scies \u00e0 panneaux\u00a0verticales et horizontales.<\/p>\n","protected":false},"featured_media":172129,"comment_status":"closed","ping_status":"open","template":"","meta":{"_acf_changed":false},"materiale":[],"product_brand":[10391],"product_cat":[2785],"product_tag":[],"class_list":{"0":"post-160974","1":"product","2":"type-product","3":"status-publish","4":"has-post-thumbnail","6":"product_brand-italtools-fr","7":"product_cat-inciseur-diamant-pour-scies-a-panneaux","8":"pa_d_undercase-20-8","9":"pa_d_undercase-22-10","10":"pa_d_undercase-30-10","11":"pa_d_undercase-45-10","12":"pa_d_undercase-50-9","13":"pa_d_undercase-55-17","14":"pa_d_undercase-65-12","15":"pa_d_undercase-80-12","16":"pa_d_undercase-802-14-110-3","17":"pa_d_uppercase-100-5","18":"pa_d_uppercase-115-6","19":"pa_d_uppercase-120-12","20":"pa_d_uppercase-125-fr","21":"pa_d_uppercase-150-10","22":"pa_d_uppercase-160-9","23":"pa_d_uppercase-180-13","24":"pa_d_uppercase-200-13","25":"pa_d_uppercase-300-7","26":"pa_d_uppercase-80-7","27":"pa_d_uppercase-90-9","28":"pa_z-12-16","29":"pa_z-20-15","30":"pa_z-24-7","31":"pa_z-30-16","32":"pa_z-36-3","33":"pa_z-48-7","35":"first","36":"instock","37":"taxable","38":"shipping-taxable","39":"product-type-variable"},"acf":[],"_links":{"self":[{"href":"https:\/\/italtools.com\/fr\/wp-json\/wp\/v2\/product\/160974","targetHints":{"allow":["GET"]}}],"collection":[{"href":"https:\/\/italtools.com\/fr\/wp-json\/wp\/v2\/product"}],"about":[{"href":"https:\/\/italtools.com\/fr\/wp-json\/wp\/v2\/types\/product"}],"replies":[{"embeddable":true,"href":"https:\/\/italtools.com\/fr\/wp-json\/wp\/v2\/comments?post=160974"}],"wp:featuredmedia":[{"embeddable":true,"href":"https:\/\/italtools.com\/fr\/wp-json\/wp\/v2\/media\/172129"}],"wp:attachment":[{"href":"https:\/\/italtools.com\/fr\/wp-json\/wp\/v2\/media?parent=160974"}],"wp:term":[{"taxonomy":"materiale","embeddable":true,"href":"https:\/\/italtools.com\/fr\/wp-json\/wp\/v2\/materiale?post=160974"},{"taxonomy":"product_brand","embeddable":true,"href":"https:\/\/italtools.com\/fr\/wp-json\/wp\/v2\/product_brand?post=160974"},{"taxonomy":"product_cat","embeddable":true,"href":"https:\/\/italtools.com\/fr\/wp-json\/wp\/v2\/product_cat?post=160974"},{"taxonomy":"product_tag","embeddable":true,"href":"https:\/\/italtools.com\/fr\/wp-json\/wp\/v2\/product_tag?post=160974"}],"curies":[{"name":"wp","href":"https:\/\/api.w.org\/{rel}","templated":true}]}}